{"id":22508,"date":"2023-10-31T17:14:22","date_gmt":"2023-10-31T17:14:22","guid":{"rendered":"https:\/\/elrincondefehmi.com\/es\/?post_type=product&#038;p=22508"},"modified":"2024-05-06T09:50:23","modified_gmt":"2024-05-06T09:50:23","slug":"comprar-alfombras-economicas","status":"publish","type":"product","link":"https:\/\/elrincondefehmi.com\/es\/tienda\/alfombras-turcas\/alfombras-modernas\/comprar-alfombras-economicas\/","title":{"rendered":"NEW AGE M  679"},"content":{"rendered":"<p>Descubre el equilibrio perfecto entre estilo moderno y ahorro con nuestra exclusiva colecci\u00f3n de <a href=\"https:\/\/elrincondefehmi.com\/es\/\">alfombras modernas<\/a> abstractas en tonos beige, marr\u00f3n y crema. Si est\u00e1s buscando comprar alfombras econ\u00f3micas sin comprometer la elegancia, \u00a1has llegado al lugar adecuado!<\/p>\n<p>Nuestra alfombra, con sus tonalidades sutiles y dise\u00f1o abstracto vanguardista, se convierte en el centro de atenci\u00f3n de cualquier espacio. Imagina transformar tu sala de estar, dormitorio o incluso tu oficina con esta pieza \u00fanica que fusiona la sofisticaci\u00f3n con la accesibilidad.<\/p>\n<p>No tienes que sacrificar la calidad para ajustarte al presupuesto. Cada una de nuestras alfombras econ\u00f3micas est\u00e1 fabricada con materiales duraderos y resistentes, garantizando un producto que perdura en el tiempo sin afectar tu bolsillo.<\/p>\n<p>La combinaci\u00f3n de colores beige, marr\u00f3n y crema crea una paleta c\u00e1lida y vers\u00e1til que se adapta a cualquier estilo de decoraci\u00f3n. Ya sea que busques un toque minimalista o un ambiente m\u00e1s acogedor, esta alfombra se adapta a tus necesidades y preferencias.<\/p>\n<p>\u00bfListo para comprar alfombras econ\u00f3micas que realcen tu espacio? Explora nuestra colecci\u00f3n hoy y lleva a casa la fusi\u00f3n perfecta de dise\u00f1o moderno y ahorro inteligente. Tu hogar merece el toque distintivo de nuestra alfombra moderna abstracta.<\/p>\n<div style=\"width: 1140px;\" class=\"wp-video\"><!--[if lt IE 9]><script>document.createElement('video');<\/script><![endif]-->\n<video class=\"wp-video-shortcode\" id=\"video-22508-1\" width=\"1140\" height=\"641\" preload=\"metadata\" controls=\"controls\"><source type=\"video\/mp4\" src=\"https:\/\/elrincondefehmi.com\/es\/wp-content\/uploads\/2023\/10\/ERM.mp4?_=1\" \/><a href=\"https:\/\/elrincondefehmi.com\/es\/wp-content\/uploads\/2023\/10\/ERM.mp4\">https:\/\/elrincondefehmi.com\/es\/wp-content\/uploads\/2023\/10\/ERM.mp4<\/a><\/video><\/div>\n<p>&nbsp;<\/p>\n<p>&nbsp;<\/p>\n","protected":false},"excerpt":{"rendered":"<div class=\"elementor-element elementor-element-d43f665 mb-0 elementor-widget elementor-widget-porto_cp_excerpt\" data-id=\"d43f665\" data-element_type=\"widget\" data-widget_type=\"porto_cp_excerpt.default\">\n<div class=\"elementor-widget-container\">\n<div class=\"description woocommerce-product-details__short-description\">\n<p>Densidad de nudos: 2.000.000 points m<sup>2<\/sup><\/p>\n<p>Espesor: 7 mm<\/p>\n<p>Edad: Nueva<\/p>\n<p>Origen: Turqu\u00eda<\/p>\n<p>Nudos: Bamb\u00fa seda<\/p>\n<p>Urdimbre: Algod\u00f3n<\/p>\n<p>Tejido de alta precisi\u00f3n<\/p>\n<\/div>\n<\/div>\n<\/div>\n<div class=\"elementor-element elementor-element-3de7cc4 m-t-n-sm elementor-widget elementor-widget-porto_cp_meta\" data-id=\"3de7cc4\" data-element_type=\"widget\" data-widget_type=\"porto_cp_meta.default\">\n<div class=\"elementor-widget-container\">\n<div class=\"product_meta\">\u00a0<\/div>\n<\/div>\n<\/div>\n","protected":false},"featured_media":22509,"comment_status":"open","ping_status":"closed","template":"","meta":[],"product_cat":[19,308,315],"product_tag":[355,353,352,354],"yoast_head":"<!-- This site is optimized with the Yoast SEO plugin v21.5 - https:\/\/yoast.com\/wordpress\/plugins\/seo\/ -->\n<title>Comprar Alfombras Econ\u00f3micas | El Rinc\u00f3n de Fehmi Madrid | Alfombras de Calidad<\/title>\n<meta name=\"description\" content=\"Comprar Alfombras Econ\u00f3micas. Descubre el equilibrio perfecto entre estilo moderno y ahorro con nuestra exclusiva colecci\u00f3n de alfombras..\" \/>\n<meta name=\"robots\" content=\"index, follow, max-snippet:-1, max-image-preview:large, max-video-preview:-1\" \/>\n<link rel=\"canonical\" href=\"https:\/\/elrincondefehmi.com\/es\/tienda\/alfombras-turcas\/alfombras-modernas\/comprar-alfombras-economicas\/\" \/>\n<meta property=\"og:locale\" content=\"es_ES\" \/>\n<meta property=\"og:type\" content=\"article\" \/>\n<meta property=\"og:title\" content=\"Comprar Alfombras Econ\u00f3micas | El Rinc\u00f3n de Fehmi Madrid | Alfombras de Calidad\" \/>\n<meta property=\"og:description\" content=\"Comprar Alfombras Econ\u00f3micas. Descubre el equilibrio perfecto entre estilo moderno y ahorro con nuestra exclusiva colecci\u00f3n de alfombras..\" \/>\n<meta property=\"og:url\" content=\"https:\/\/elrincondefehmi.com\/es\/tienda\/alfombras-turcas\/alfombras-modernas\/comprar-alfombras-economicas\/\" \/>\n<meta property=\"og:site_name\" content=\"El Rinc\u00f3n de Fehmi Madrid\" \/>\n<meta property=\"article:modified_time\" content=\"2024-05-06T09:50:23+00:00\" \/>\n<meta property=\"og:image\" content=\"https:\/\/elrincondefehmi.com\/es\/wp-content\/uploads\/2023\/10\/ERM-1-1-2.jpg\" \/>\n\t<meta property=\"og:image:width\" content=\"742\" \/>\n\t<meta property=\"og:image:height\" content=\"1075\" \/>\n\t<meta property=\"og:image:type\" content=\"image\/jpeg\" \/>\n<meta name=\"twitter:card\" content=\"summary_large_image\" \/>\n<script type=\"application\/ld+json\" class=\"yoast-schema-graph\">{\"@context\":\"https:\/\/schema.org\",\"@graph\":[{\"@type\":\"WebPage\",\"@id\":\"https:\/\/elrincondefehmi.com\/es\/tienda\/alfombras-turcas\/alfombras-modernas\/comprar-alfombras-economicas\/\",\"url\":\"https:\/\/elrincondefehmi.com\/es\/tienda\/alfombras-turcas\/alfombras-modernas\/comprar-alfombras-economicas\/\",\"name\":\"Comprar Alfombras Econ\u00f3micas | El Rinc\u00f3n de Fehmi Madrid | Alfombras de Calidad\",\"isPartOf\":{\"@id\":\"https:\/\/elrincondefehmi.com\/es\/#website\"},\"datePublished\":\"2023-10-31T17:14:22+00:00\",\"dateModified\":\"2024-05-06T09:50:23+00:00\",\"description\":\"Comprar Alfombras Econ\u00f3micas. Descubre el equilibrio perfecto entre estilo moderno y ahorro con nuestra exclusiva colecci\u00f3n de alfombras..\",\"breadcrumb\":{\"@id\":\"https:\/\/elrincondefehmi.com\/es\/tienda\/alfombras-turcas\/alfombras-modernas\/comprar-alfombras-economicas\/#breadcrumb\"},\"inLanguage\":\"es\",\"potentialAction\":[{\"@type\":\"ReadAction\",\"target\":[\"https:\/\/elrincondefehmi.com\/es\/tienda\/alfombras-turcas\/alfombras-modernas\/comprar-alfombras-economicas\/\"]}]},{\"@type\":\"BreadcrumbList\",\"@id\":\"https:\/\/elrincondefehmi.com\/es\/tienda\/alfombras-turcas\/alfombras-modernas\/comprar-alfombras-economicas\/#breadcrumb\",\"itemListElement\":[{\"@type\":\"ListItem\",\"position\":1,\"name\":\"PRODUCTOS\",\"item\":\"https:\/\/elrincondefehmi.com\/es\/all-product\/\"},{\"@type\":\"ListItem\",\"position\":2,\"name\":\"NEW AGE M 679\"}]},{\"@type\":\"WebSite\",\"@id\":\"https:\/\/elrincondefehmi.com\/es\/#website\",\"url\":\"https:\/\/elrincondefehmi.com\/es\/\",\"name\":\"El Rinc\u00f3n de Fehmi Madrid\",\"description\":\"Tienda de alfombras en Madrid.  En El Rinc\u00f3n de Fehmi somos especialistas en alfombras artesanales, alfombras modernas contempor\u00e1neas kilims de Turqu\u00eda\",\"potentialAction\":[{\"@type\":\"SearchAction\",\"target\":{\"@type\":\"EntryPoint\",\"urlTemplate\":\"https:\/\/elrincondefehmi.com\/es\/?s={search_term_string}\"},\"query-input\":\"required name=search_term_string\"}],\"inLanguage\":\"es\"}]}<\/script>\n<!-- \/ Yoast SEO plugin. -->","yoast_head_json":{"title":"Comprar Alfombras Econ\u00f3micas | El Rinc\u00f3n de Fehmi Madrid | Alfombras de Calidad","description":"Comprar Alfombras Econ\u00f3micas. Descubre el equilibrio perfecto entre estilo moderno y ahorro con nuestra exclusiva colecci\u00f3n de alfombras..","robots":{"index":"index","follow":"follow","max-snippet":"max-snippet:-1","max-image-preview":"max-image-preview:large","max-video-preview":"max-video-preview:-1"},"canonical":"https:\/\/elrincondefehmi.com\/es\/tienda\/alfombras-turcas\/alfombras-modernas\/comprar-alfombras-economicas\/","og_locale":"es_ES","og_type":"article","og_title":"Comprar Alfombras Econ\u00f3micas | El Rinc\u00f3n de Fehmi Madrid | Alfombras de Calidad","og_description":"Comprar Alfombras Econ\u00f3micas. Descubre el equilibrio perfecto entre estilo moderno y ahorro con nuestra exclusiva colecci\u00f3n de alfombras..","og_url":"https:\/\/elrincondefehmi.com\/es\/tienda\/alfombras-turcas\/alfombras-modernas\/comprar-alfombras-economicas\/","og_site_name":"El Rinc\u00f3n de Fehmi Madrid","article_modified_time":"2024-05-06T09:50:23+00:00","og_image":[{"width":742,"height":1075,"url":"https:\/\/elrincondefehmi.com\/es\/wp-content\/uploads\/2023\/10\/ERM-1-1-2.jpg","type":"image\/jpeg"}],"twitter_card":"summary_large_image","schema":{"@context":"https:\/\/schema.org","@graph":[{"@type":"WebPage","@id":"https:\/\/elrincondefehmi.com\/es\/tienda\/alfombras-turcas\/alfombras-modernas\/comprar-alfombras-economicas\/","url":"https:\/\/elrincondefehmi.com\/es\/tienda\/alfombras-turcas\/alfombras-modernas\/comprar-alfombras-economicas\/","name":"Comprar Alfombras Econ\u00f3micas | El Rinc\u00f3n de Fehmi Madrid | Alfombras de Calidad","isPartOf":{"@id":"https:\/\/elrincondefehmi.com\/es\/#website"},"datePublished":"2023-10-31T17:14:22+00:00","dateModified":"2024-05-06T09:50:23+00:00","description":"Comprar Alfombras Econ\u00f3micas. Descubre el equilibrio perfecto entre estilo moderno y ahorro con nuestra exclusiva colecci\u00f3n de alfombras..","breadcrumb":{"@id":"https:\/\/elrincondefehmi.com\/es\/tienda\/alfombras-turcas\/alfombras-modernas\/comprar-alfombras-economicas\/#breadcrumb"},"inLanguage":"es","potentialAction":[{"@type":"ReadAction","target":["https:\/\/elrincondefehmi.com\/es\/tienda\/alfombras-turcas\/alfombras-modernas\/comprar-alfombras-economicas\/"]}]},{"@type":"BreadcrumbList","@id":"https:\/\/elrincondefehmi.com\/es\/tienda\/alfombras-turcas\/alfombras-modernas\/comprar-alfombras-economicas\/#breadcrumb","itemListElement":[{"@type":"ListItem","position":1,"name":"PRODUCTOS","item":"https:\/\/elrincondefehmi.com\/es\/all-product\/"},{"@type":"ListItem","position":2,"name":"NEW AGE M 679"}]},{"@type":"WebSite","@id":"https:\/\/elrincondefehmi.com\/es\/#website","url":"https:\/\/elrincondefehmi.com\/es\/","name":"El Rinc\u00f3n de Fehmi Madrid","description":"Tienda de alfombras en Madrid.  En El Rinc\u00f3n de Fehmi somos especialistas en alfombras artesanales, alfombras modernas contempor\u00e1neas kilims de Turqu\u00eda","potentialAction":[{"@type":"SearchAction","target":{"@type":"EntryPoint","urlTemplate":"https:\/\/elrincondefehmi.com\/es\/?s={search_term_string}"},"query-input":"required name=search_term_string"}],"inLanguage":"es"}]}},"_links":{"self":[{"href":"https:\/\/elrincondefehmi.com\/es\/wp-json\/wp\/v2\/product\/22508"}],"collection":[{"href":"https:\/\/elrincondefehmi.com\/es\/wp-json\/wp\/v2\/product"}],"about":[{"href":"https:\/\/elrincondefehmi.com\/es\/wp-json\/wp\/v2\/types\/product"}],"replies":[{"embeddable":true,"href":"https:\/\/elrincondefehmi.com\/es\/wp-json\/wp\/v2\/comments?post=22508"}],"wp:featuredmedia":[{"embeddable":true,"href":"https:\/\/elrincondefehmi.com\/es\/wp-json\/wp\/v2\/media\/22509"}],"wp:attachment":[{"href":"https:\/\/elrincondefehmi.com\/es\/wp-json\/wp\/v2\/media?parent=22508"}],"wp:term":[{"taxonomy":"product_cat","embeddable":true,"href":"https:\/\/elrincondefehmi.com\/es\/wp-json\/wp\/v2\/product_cat?post=22508"},{"taxonomy":"product_tag","embeddable":true,"href":"https:\/\/elrincondefehmi.com\/es\/wp-json\/wp\/v2\/product_tag?post=22508"}],"curies":[{"name":"wp","href":"https:\/\/api.w.org\/{rel}","templated":true}]}}