{"id":22469,"date":"2023-10-28T13:06:42","date_gmt":"2023-10-28T13:06:42","guid":{"rendered":"https:\/\/elrincondefehmi.com\/es\/?post_type=product&#038;p=22469"},"modified":"2024-05-06T09:50:38","modified_gmt":"2024-05-06T09:50:38","slug":"alfombra-decorativa-abstracta","status":"publish","type":"product","link":"https:\/\/elrincondefehmi.com\/es\/tienda\/alfombras-turcas\/alfombras-modernas\/alfombra-decorativa-abstracta\/","title":{"rendered":"NEW AGE M 686"},"content":{"rendered":"<p>Transforma tu espacio con elegancia contempor\u00e1nea gracias a nuestra alfombra decorativa abstracta. Esta pieza \u00fanica fusiona el arte abstracto con la funcionalidad de una alfombra moderna, creando un punto focal que redefine tu decoraci\u00f3n.<\/p>\n<p>Con tonos c\u00e1lidos de beige y marr\u00f3n, nuestra alfombra decorativa aporta un toque acogedor y moderno a cualquier habitaci\u00f3n. El dise\u00f1o abstracto, cuidadosamente elaborado, no solo refleja las \u00faltimas tendencias en decoraci\u00f3n, sino que tambi\u00e9n a\u00f1ade una dosis de creatividad a tus suelos.<\/p>\n<p>Creada para destacar, esta alfombra no es solo un accesorio funcional, sino una declaraci\u00f3n de estilo. El beige suave se mezcla armoniosamente con el marr\u00f3n, creando un patr\u00f3n abstracto que eleva la est\u00e9tica de tu hogar. Adem\u00e1s, su tejido de alta calidad garantiza durabilidad y comodidad bajo tus pies.<\/p>\n<p>Atr\u00e9vete a dar un paso fuera de lo convencional con nuestra alfombra decorativa abstracta. Perfecta para aquellos que buscan algo m\u00e1s que una simple alfombra, esta pieza combina arte y funcionalidad para crear un ambiente verdaderamente \u00fanico.<\/p>\n<p>Descubre la magia de la decoraci\u00f3n moderna y deja que nuestra alfombra decorativa abstracta sea la inspiraci\u00f3n para tu espacio. \u00a1<a href=\"https:\/\/elrincondefehmi.com\/es\/\">Explora la colecci\u00f3n ahora<\/a> y lleva a casa la fusi\u00f3n perfecta de estilo y arte para tus suelos!<\/p>\n<div style=\"width: 1140px;\" class=\"wp-video\"><!--[if lt IE 9]><script>document.createElement('video');<\/script><![endif]-->\n<video class=\"wp-video-shortcode\" id=\"video-22469-1\" width=\"1140\" height=\"641\" preload=\"metadata\" controls=\"controls\"><source type=\"video\/mp4\" src=\"https:\/\/elrincondefehmi.com\/es\/wp-content\/uploads\/2023\/10\/Secuencia-01_1.mp4?_=1\" \/><a href=\"https:\/\/elrincondefehmi.com\/es\/wp-content\/uploads\/2023\/10\/Secuencia-01_1.mp4\">https:\/\/elrincondefehmi.com\/es\/wp-content\/uploads\/2023\/10\/Secuencia-01_1.mp4<\/a><\/video><\/div>\n","protected":false},"excerpt":{"rendered":"<div class=\"elementor-element elementor-element-d43f665 mb-0 elementor-widget elementor-widget-porto_cp_excerpt\" data-id=\"d43f665\" data-element_type=\"widget\" data-widget_type=\"porto_cp_excerpt.default\">\n<div class=\"elementor-widget-container\">\n<div class=\"description woocommerce-product-details__short-description\">\n<p>Densidad de nudos: 2.000.000 points m<sup>2<\/sup><\/p>\n<p>Espesor: 7 mm<\/p>\n<p>Edad: Nueva<\/p>\n<p>Origen: Turqu\u00eda<\/p>\n<p>Nudos: Bamb\u00fa seda<\/p>\n<p>Urdimbre: Algod\u00f3n<\/p>\n<p>Tejido de alta precisi\u00f3n<\/p>\n<\/div>\n<\/div>\n<\/div>\n<div class=\"elementor-element elementor-element-3de7cc4 m-t-n-sm elementor-widget elementor-widget-porto_cp_meta\" data-id=\"3de7cc4\" data-element_type=\"widget\" data-widget_type=\"porto_cp_meta.default\">\n<div class=\"elementor-widget-container\">\n<div class=\"product_meta\">\u00a0<\/div>\n<\/div>\n<\/div>\n","protected":false},"featured_media":22470,"comment_status":"open","ping_status":"closed","template":"","meta":[],"product_cat":[19,308,315],"product_tag":[355,353,352,354],"yoast_head":"<!-- This site is optimized with the Yoast SEO plugin v21.5 - https:\/\/yoast.com\/wordpress\/plugins\/seo\/ -->\n<title>Alfombra decorativa abstracta | El Rinc\u00f3n de Fehmi Madrid | Rebajas de Oto\u00f1o<\/title>\n<meta name=\"description\" content=\"Alfombra decorativa abstracta. Tu espacio con elegancia contempor\u00e1nea gracias a nuestras alfombras decorativas modernas. Env\u00edo Gratuito..\" \/>\n<meta name=\"robots\" content=\"index, follow, max-snippet:-1, max-image-preview:large, max-video-preview:-1\" \/>\n<link rel=\"canonical\" href=\"https:\/\/elrincondefehmi.com\/es\/tienda\/alfombras-turcas\/alfombras-modernas\/alfombra-decorativa-abstracta\/\" \/>\n<meta property=\"og:locale\" content=\"es_ES\" \/>\n<meta property=\"og:type\" content=\"article\" \/>\n<meta property=\"og:title\" content=\"Alfombra decorativa abstracta | El Rinc\u00f3n de Fehmi Madrid | Rebajas de Oto\u00f1o\" \/>\n<meta property=\"og:description\" content=\"Alfombra decorativa abstracta. Tu espacio con elegancia contempor\u00e1nea gracias a nuestras alfombras decorativas modernas. Env\u00edo Gratuito..\" \/>\n<meta property=\"og:url\" content=\"https:\/\/elrincondefehmi.com\/es\/tienda\/alfombras-turcas\/alfombras-modernas\/alfombra-decorativa-abstracta\/\" \/>\n<meta property=\"og:site_name\" content=\"El Rinc\u00f3n de Fehmi Madrid\" \/>\n<meta property=\"article:modified_time\" content=\"2024-05-06T09:50:38+00:00\" \/>\n<meta property=\"og:image\" content=\"https:\/\/elrincondefehmi.com\/es\/wp-content\/uploads\/2023\/10\/ERM-1-1-1.jpg\" \/>\n\t<meta property=\"og:image:width\" content=\"742\" \/>\n\t<meta property=\"og:image:height\" content=\"1075\" \/>\n\t<meta property=\"og:image:type\" content=\"image\/jpeg\" \/>\n<meta name=\"twitter:card\" content=\"summary_large_image\" \/>\n<script type=\"application\/ld+json\" class=\"yoast-schema-graph\">{\"@context\":\"https:\/\/schema.org\",\"@graph\":[{\"@type\":\"WebPage\",\"@id\":\"https:\/\/elrincondefehmi.com\/es\/tienda\/alfombras-turcas\/alfombras-modernas\/alfombra-decorativa-abstracta\/\",\"url\":\"https:\/\/elrincondefehmi.com\/es\/tienda\/alfombras-turcas\/alfombras-modernas\/alfombra-decorativa-abstracta\/\",\"name\":\"Alfombra decorativa abstracta | El Rinc\u00f3n de Fehmi Madrid | Rebajas de Oto\u00f1o\",\"isPartOf\":{\"@id\":\"https:\/\/elrincondefehmi.com\/es\/#website\"},\"datePublished\":\"2023-10-28T13:06:42+00:00\",\"dateModified\":\"2024-05-06T09:50:38+00:00\",\"description\":\"Alfombra decorativa abstracta. Tu espacio con elegancia contempor\u00e1nea gracias a nuestras alfombras decorativas modernas. Env\u00edo Gratuito..\",\"breadcrumb\":{\"@id\":\"https:\/\/elrincondefehmi.com\/es\/tienda\/alfombras-turcas\/alfombras-modernas\/alfombra-decorativa-abstracta\/#breadcrumb\"},\"inLanguage\":\"es\",\"potentialAction\":[{\"@type\":\"ReadAction\",\"target\":[\"https:\/\/elrincondefehmi.com\/es\/tienda\/alfombras-turcas\/alfombras-modernas\/alfombra-decorativa-abstracta\/\"]}]},{\"@type\":\"BreadcrumbList\",\"@id\":\"https:\/\/elrincondefehmi.com\/es\/tienda\/alfombras-turcas\/alfombras-modernas\/alfombra-decorativa-abstracta\/#breadcrumb\",\"itemListElement\":[{\"@type\":\"ListItem\",\"position\":1,\"name\":\"PRODUCTOS\",\"item\":\"https:\/\/elrincondefehmi.com\/es\/all-product\/\"},{\"@type\":\"ListItem\",\"position\":2,\"name\":\"NEW AGE M 686\"}]},{\"@type\":\"WebSite\",\"@id\":\"https:\/\/elrincondefehmi.com\/es\/#website\",\"url\":\"https:\/\/elrincondefehmi.com\/es\/\",\"name\":\"El Rinc\u00f3n de Fehmi Madrid\",\"description\":\"Tienda de alfombras en Madrid.  En El Rinc\u00f3n de Fehmi somos especialistas en alfombras artesanales, alfombras modernas contempor\u00e1neas kilims de Turqu\u00eda\",\"potentialAction\":[{\"@type\":\"SearchAction\",\"target\":{\"@type\":\"EntryPoint\",\"urlTemplate\":\"https:\/\/elrincondefehmi.com\/es\/?s={search_term_string}\"},\"query-input\":\"required name=search_term_string\"}],\"inLanguage\":\"es\"}]}<\/script>\n<!-- \/ Yoast SEO plugin. -->","yoast_head_json":{"title":"Alfombra decorativa abstracta | El Rinc\u00f3n de Fehmi Madrid | Rebajas de Oto\u00f1o","description":"Alfombra decorativa abstracta. Tu espacio con elegancia contempor\u00e1nea gracias a nuestras alfombras decorativas modernas. Env\u00edo Gratuito..","robots":{"index":"index","follow":"follow","max-snippet":"max-snippet:-1","max-image-preview":"max-image-preview:large","max-video-preview":"max-video-preview:-1"},"canonical":"https:\/\/elrincondefehmi.com\/es\/tienda\/alfombras-turcas\/alfombras-modernas\/alfombra-decorativa-abstracta\/","og_locale":"es_ES","og_type":"article","og_title":"Alfombra decorativa abstracta | El Rinc\u00f3n de Fehmi Madrid | Rebajas de Oto\u00f1o","og_description":"Alfombra decorativa abstracta. Tu espacio con elegancia contempor\u00e1nea gracias a nuestras alfombras decorativas modernas. Env\u00edo Gratuito..","og_url":"https:\/\/elrincondefehmi.com\/es\/tienda\/alfombras-turcas\/alfombras-modernas\/alfombra-decorativa-abstracta\/","og_site_name":"El Rinc\u00f3n de Fehmi Madrid","article_modified_time":"2024-05-06T09:50:38+00:00","og_image":[{"width":742,"height":1075,"url":"https:\/\/elrincondefehmi.com\/es\/wp-content\/uploads\/2023\/10\/ERM-1-1-1.jpg","type":"image\/jpeg"}],"twitter_card":"summary_large_image","schema":{"@context":"https:\/\/schema.org","@graph":[{"@type":"WebPage","@id":"https:\/\/elrincondefehmi.com\/es\/tienda\/alfombras-turcas\/alfombras-modernas\/alfombra-decorativa-abstracta\/","url":"https:\/\/elrincondefehmi.com\/es\/tienda\/alfombras-turcas\/alfombras-modernas\/alfombra-decorativa-abstracta\/","name":"Alfombra decorativa abstracta | El Rinc\u00f3n de Fehmi Madrid | Rebajas de Oto\u00f1o","isPartOf":{"@id":"https:\/\/elrincondefehmi.com\/es\/#website"},"datePublished":"2023-10-28T13:06:42+00:00","dateModified":"2024-05-06T09:50:38+00:00","description":"Alfombra decorativa abstracta. Tu espacio con elegancia contempor\u00e1nea gracias a nuestras alfombras decorativas modernas. Env\u00edo Gratuito..","breadcrumb":{"@id":"https:\/\/elrincondefehmi.com\/es\/tienda\/alfombras-turcas\/alfombras-modernas\/alfombra-decorativa-abstracta\/#breadcrumb"},"inLanguage":"es","potentialAction":[{"@type":"ReadAction","target":["https:\/\/elrincondefehmi.com\/es\/tienda\/alfombras-turcas\/alfombras-modernas\/alfombra-decorativa-abstracta\/"]}]},{"@type":"BreadcrumbList","@id":"https:\/\/elrincondefehmi.com\/es\/tienda\/alfombras-turcas\/alfombras-modernas\/alfombra-decorativa-abstracta\/#breadcrumb","itemListElement":[{"@type":"ListItem","position":1,"name":"PRODUCTOS","item":"https:\/\/elrincondefehmi.com\/es\/all-product\/"},{"@type":"ListItem","position":2,"name":"NEW AGE M 686"}]},{"@type":"WebSite","@id":"https:\/\/elrincondefehmi.com\/es\/#website","url":"https:\/\/elrincondefehmi.com\/es\/","name":"El Rinc\u00f3n de Fehmi Madrid","description":"Tienda de alfombras en Madrid.  En El Rinc\u00f3n de Fehmi somos especialistas en alfombras artesanales, alfombras modernas contempor\u00e1neas kilims de Turqu\u00eda","potentialAction":[{"@type":"SearchAction","target":{"@type":"EntryPoint","urlTemplate":"https:\/\/elrincondefehmi.com\/es\/?s={search_term_string}"},"query-input":"required name=search_term_string"}],"inLanguage":"es"}]}},"_links":{"self":[{"href":"https:\/\/elrincondefehmi.com\/es\/wp-json\/wp\/v2\/product\/22469"}],"collection":[{"href":"https:\/\/elrincondefehmi.com\/es\/wp-json\/wp\/v2\/product"}],"about":[{"href":"https:\/\/elrincondefehmi.com\/es\/wp-json\/wp\/v2\/types\/product"}],"replies":[{"embeddable":true,"href":"https:\/\/elrincondefehmi.com\/es\/wp-json\/wp\/v2\/comments?post=22469"}],"wp:featuredmedia":[{"embeddable":true,"href":"https:\/\/elrincondefehmi.com\/es\/wp-json\/wp\/v2\/media\/22470"}],"wp:attachment":[{"href":"https:\/\/elrincondefehmi.com\/es\/wp-json\/wp\/v2\/media?parent=22469"}],"wp:term":[{"taxonomy":"product_cat","embeddable":true,"href":"https:\/\/elrincondefehmi.com\/es\/wp-json\/wp\/v2\/product_cat?post=22469"},{"taxonomy":"product_tag","embeddable":true,"href":"https:\/\/elrincondefehmi.com\/es\/wp-json\/wp\/v2\/product_tag?post=22469"}],"curies":[{"name":"wp","href":"https:\/\/api.w.org\/{rel}","templated":true}]}}