{"id":22398,"date":"2023-10-21T12:51:11","date_gmt":"2023-10-21T12:51:11","guid":{"rendered":"https:\/\/elrincondefehmi.com\/es\/?post_type=product&#038;p=22398"},"modified":"2024-05-21T11:41:32","modified_gmt":"2024-05-21T11:41:32","slug":"kilim-peqeuno","status":"publish","type":"product","link":"https:\/\/elrincondefehmi.com\/es\/tienda\/kilim\/kilim-turco\/kilim-peqeuno\/","title":{"rendered":"KILIM TURCO 136X181 cm"},"content":{"rendered":"<p>Sum\u00e9rgete en la rica tradici\u00f3n de la artesan\u00eda turca con este kilim \u00fanico y meticulosamente tejido a mano. Con una medida de 136&#215;181 cm, esta obra maestra textil no solo adorna tu espacio, sino que tambi\u00e9n cuenta la historia de habilidades transmitidas de generaci\u00f3n en generaci\u00f3n. Los intrincados patrones geom\u00e9tricos y los colores vibrantes fusionan la modernidad con la herencia cultural, creando una pieza que no solo es visualmente impactante, sino tambi\u00e9n un testimonio tangible de la destreza artesanal turca. Este kilim, con su tama\u00f1o perfecto, no solo a\u00f1adir\u00e1 calidez a tu hogar, sino que tambi\u00e9n servir\u00e1 como una expresi\u00f3n \u00fanica de la rica historia y el arte que solo una aut\u00e9ntica pieza turca puede ofrecer.<\/p>\n","protected":false},"excerpt":{"rendered":"<p>Origen: Turqu\u00eda \/ Centro de Anatolia.<br \/>\nMaterial: Lana.<br \/>\nMedidas: 136\u00d7181 cm<br \/>\nHecho a mano.<br \/>\nEstado: Nuevo<\/p>\n","protected":false},"featured_media":22399,"comment_status":"open","ping_status":"closed","template":"","meta":[],"product_cat":[434,16],"product_tag":[391,355,353,352],"yoast_head":"<!-- This site is optimized with the Yoast SEO plugin v21.5 - https:\/\/yoast.com\/wordpress\/plugins\/seo\/ -->\n<title>Kilim Peque\u00f1o | Alfombras y Kilims en Madrid | El Rinc\u00f3n de Fehmi Madrid<\/title>\n<meta name=\"description\" content=\"\u00a1Kilim Peque\u00f1o! Sum\u00e9rgete en la rica tradici\u00f3n de la artesan\u00eda turca con este kilim \u00fanico y meticulosamente tejido a mano.\" \/>\n<meta name=\"robots\" content=\"index, follow, max-snippet:-1, max-image-preview:large, max-video-preview:-1\" \/>\n<link rel=\"canonical\" href=\"https:\/\/elrincondefehmi.com\/es\/tienda\/kilim\/kilim-turco\/kilim-peqeuno\/\" \/>\n<meta property=\"og:locale\" content=\"es_ES\" \/>\n<meta property=\"og:type\" content=\"article\" \/>\n<meta property=\"og:title\" content=\"Kilim Peque\u00f1o | Alfombras y Kilims en Madrid | El Rinc\u00f3n de Fehmi Madrid\" \/>\n<meta property=\"og:description\" content=\"\u00a1Kilim Peque\u00f1o! Sum\u00e9rgete en la rica tradici\u00f3n de la artesan\u00eda turca con este kilim \u00fanico y meticulosamente tejido a mano.\" \/>\n<meta property=\"og:url\" content=\"https:\/\/elrincondefehmi.com\/es\/tienda\/kilim\/kilim-turco\/kilim-peqeuno\/\" \/>\n<meta property=\"og:site_name\" content=\"El Rinc\u00f3n de Fehmi Madrid\" \/>\n<meta property=\"article:modified_time\" content=\"2024-05-21T11:41:32+00:00\" \/>\n<meta property=\"og:image\" content=\"https:\/\/elrincondefehmi.com\/es\/wp-content\/uploads\/2023\/10\/Kilim-.jpg\" \/>\n\t<meta property=\"og:image:width\" content=\"800\" \/>\n\t<meta property=\"og:image:height\" content=\"1070\" \/>\n\t<meta property=\"og:image:type\" content=\"image\/jpeg\" \/>\n<meta name=\"twitter:card\" content=\"summary_large_image\" \/>\n<script type=\"application\/ld+json\" class=\"yoast-schema-graph\">{\"@context\":\"https:\/\/schema.org\",\"@graph\":[{\"@type\":\"WebPage\",\"@id\":\"https:\/\/elrincondefehmi.com\/es\/tienda\/kilim\/kilim-turco\/kilim-peqeuno\/\",\"url\":\"https:\/\/elrincondefehmi.com\/es\/tienda\/kilim\/kilim-turco\/kilim-peqeuno\/\",\"name\":\"Kilim Peque\u00f1o | Alfombras y Kilims en Madrid | El Rinc\u00f3n de Fehmi Madrid\",\"isPartOf\":{\"@id\":\"https:\/\/elrincondefehmi.com\/es\/#website\"},\"datePublished\":\"2023-10-21T12:51:11+00:00\",\"dateModified\":\"2024-05-21T11:41:32+00:00\",\"description\":\"\u00a1Kilim Peque\u00f1o! Sum\u00e9rgete en la rica tradici\u00f3n de la artesan\u00eda turca con este kilim \u00fanico y meticulosamente tejido a mano.\",\"breadcrumb\":{\"@id\":\"https:\/\/elrincondefehmi.com\/es\/tienda\/kilim\/kilim-turco\/kilim-peqeuno\/#breadcrumb\"},\"inLanguage\":\"es\",\"potentialAction\":[{\"@type\":\"ReadAction\",\"target\":[\"https:\/\/elrincondefehmi.com\/es\/tienda\/kilim\/kilim-turco\/kilim-peqeuno\/\"]}]},{\"@type\":\"BreadcrumbList\",\"@id\":\"https:\/\/elrincondefehmi.com\/es\/tienda\/kilim\/kilim-turco\/kilim-peqeuno\/#breadcrumb\",\"itemListElement\":[{\"@type\":\"ListItem\",\"position\":1,\"name\":\"PRODUCTOS\",\"item\":\"https:\/\/elrincondefehmi.com\/es\/all-product\/\"},{\"@type\":\"ListItem\",\"position\":2,\"name\":\"KILIM TURCO 136X181 cm\"}]},{\"@type\":\"WebSite\",\"@id\":\"https:\/\/elrincondefehmi.com\/es\/#website\",\"url\":\"https:\/\/elrincondefehmi.com\/es\/\",\"name\":\"El Rinc\u00f3n de Fehmi Madrid\",\"description\":\"Tienda de alfombras en Madrid.  En El Rinc\u00f3n de Fehmi somos especialistas en alfombras artesanales, alfombras modernas contempor\u00e1neas kilims de Turqu\u00eda\",\"potentialAction\":[{\"@type\":\"SearchAction\",\"target\":{\"@type\":\"EntryPoint\",\"urlTemplate\":\"https:\/\/elrincondefehmi.com\/es\/?s={search_term_string}\"},\"query-input\":\"required name=search_term_string\"}],\"inLanguage\":\"es\"}]}<\/script>\n<!-- \/ Yoast SEO plugin. -->","yoast_head_json":{"title":"Kilim Peque\u00f1o | Alfombras y Kilims en Madrid | El Rinc\u00f3n de Fehmi Madrid","description":"\u00a1Kilim Peque\u00f1o! Sum\u00e9rgete en la rica tradici\u00f3n de la artesan\u00eda turca con este kilim \u00fanico y meticulosamente tejido a mano.","robots":{"index":"index","follow":"follow","max-snippet":"max-snippet:-1","max-image-preview":"max-image-preview:large","max-video-preview":"max-video-preview:-1"},"canonical":"https:\/\/elrincondefehmi.com\/es\/tienda\/kilim\/kilim-turco\/kilim-peqeuno\/","og_locale":"es_ES","og_type":"article","og_title":"Kilim Peque\u00f1o | Alfombras y Kilims en Madrid | El Rinc\u00f3n de Fehmi Madrid","og_description":"\u00a1Kilim Peque\u00f1o! Sum\u00e9rgete en la rica tradici\u00f3n de la artesan\u00eda turca con este kilim \u00fanico y meticulosamente tejido a mano.","og_url":"https:\/\/elrincondefehmi.com\/es\/tienda\/kilim\/kilim-turco\/kilim-peqeuno\/","og_site_name":"El Rinc\u00f3n de Fehmi Madrid","article_modified_time":"2024-05-21T11:41:32+00:00","og_image":[{"width":800,"height":1070,"url":"https:\/\/elrincondefehmi.com\/es\/wp-content\/uploads\/2023\/10\/Kilim-.jpg","type":"image\/jpeg"}],"twitter_card":"summary_large_image","schema":{"@context":"https:\/\/schema.org","@graph":[{"@type":"WebPage","@id":"https:\/\/elrincondefehmi.com\/es\/tienda\/kilim\/kilim-turco\/kilim-peqeuno\/","url":"https:\/\/elrincondefehmi.com\/es\/tienda\/kilim\/kilim-turco\/kilim-peqeuno\/","name":"Kilim Peque\u00f1o | Alfombras y Kilims en Madrid | El Rinc\u00f3n de Fehmi Madrid","isPartOf":{"@id":"https:\/\/elrincondefehmi.com\/es\/#website"},"datePublished":"2023-10-21T12:51:11+00:00","dateModified":"2024-05-21T11:41:32+00:00","description":"\u00a1Kilim Peque\u00f1o! Sum\u00e9rgete en la rica tradici\u00f3n de la artesan\u00eda turca con este kilim \u00fanico y meticulosamente tejido a mano.","breadcrumb":{"@id":"https:\/\/elrincondefehmi.com\/es\/tienda\/kilim\/kilim-turco\/kilim-peqeuno\/#breadcrumb"},"inLanguage":"es","potentialAction":[{"@type":"ReadAction","target":["https:\/\/elrincondefehmi.com\/es\/tienda\/kilim\/kilim-turco\/kilim-peqeuno\/"]}]},{"@type":"BreadcrumbList","@id":"https:\/\/elrincondefehmi.com\/es\/tienda\/kilim\/kilim-turco\/kilim-peqeuno\/#breadcrumb","itemListElement":[{"@type":"ListItem","position":1,"name":"PRODUCTOS","item":"https:\/\/elrincondefehmi.com\/es\/all-product\/"},{"@type":"ListItem","position":2,"name":"KILIM TURCO 136X181 cm"}]},{"@type":"WebSite","@id":"https:\/\/elrincondefehmi.com\/es\/#website","url":"https:\/\/elrincondefehmi.com\/es\/","name":"El Rinc\u00f3n de Fehmi Madrid","description":"Tienda de alfombras en Madrid.  En El Rinc\u00f3n de Fehmi somos especialistas en alfombras artesanales, alfombras modernas contempor\u00e1neas kilims de Turqu\u00eda","potentialAction":[{"@type":"SearchAction","target":{"@type":"EntryPoint","urlTemplate":"https:\/\/elrincondefehmi.com\/es\/?s={search_term_string}"},"query-input":"required name=search_term_string"}],"inLanguage":"es"}]}},"_links":{"self":[{"href":"https:\/\/elrincondefehmi.com\/es\/wp-json\/wp\/v2\/product\/22398"}],"collection":[{"href":"https:\/\/elrincondefehmi.com\/es\/wp-json\/wp\/v2\/product"}],"about":[{"href":"https:\/\/elrincondefehmi.com\/es\/wp-json\/wp\/v2\/types\/product"}],"replies":[{"embeddable":true,"href":"https:\/\/elrincondefehmi.com\/es\/wp-json\/wp\/v2\/comments?post=22398"}],"wp:featuredmedia":[{"embeddable":true,"href":"https:\/\/elrincondefehmi.com\/es\/wp-json\/wp\/v2\/media\/22399"}],"wp:attachment":[{"href":"https:\/\/elrincondefehmi.com\/es\/wp-json\/wp\/v2\/media?parent=22398"}],"wp:term":[{"taxonomy":"product_cat","embeddable":true,"href":"https:\/\/elrincondefehmi.com\/es\/wp-json\/wp\/v2\/product_cat?post=22398"},{"taxonomy":"product_tag","embeddable":true,"href":"https:\/\/elrincondefehmi.com\/es\/wp-json\/wp\/v2\/product_tag?post=22398"}],"curies":[{"name":"wp","href":"https:\/\/api.w.org\/{rel}","templated":true}]}}