{"id":22222,"date":"2023-07-25T11:25:22","date_gmt":"2023-07-25T11:25:22","guid":{"rendered":"https:\/\/elrincondefehmi.com\/es\/?post_type=product&#038;p=22222"},"modified":"2024-05-06T09:51:33","modified_gmt":"2024-05-06T09:51:33","slug":"alfombras-de-tendencia","status":"publish","type":"product","link":"https:\/\/elrincondefehmi.com\/es\/tienda\/alfombras-turcas\/alfombras-modernas\/alfombras-de-tendencia\/","title":{"rendered":"NEW TREND M 381 C"},"content":{"rendered":"<h1>ALFOMBRAS DE TENDENCIA<\/h1>\n<p>Embellece tu hogar con la magia del color y la creatividad con nuestra deslumbrante alfombra contempor\u00e1nea de m\u00faltiples colores. Cada matiz se entrelaza en un dise\u00f1o cautivador y moderno, creando una explosi\u00f3n de tonos vibrantes que llenar\u00e1 tu espacio de alegr\u00eda y energ\u00eda.<\/p>\n<p>Nuestra alfombra contempor\u00e1nea de m\u00faltiples colores es una verdadera obra de arte que se adapta a cualquier estilo de decoraci\u00f3n. Ya sea en el sal\u00f3n, el dormitorio o la sala de estar, esta pieza se convertir\u00e1 en el punto focal de tu decoraci\u00f3n, a\u00f1adiendo un toque de originalidad y estilo a tu hogar.<\/p>\n<p>Fabricada con materiales de alta calidad, nuestra alfombra contempor\u00e1nea ofrece suavidad y durabilidad excepcionales. Cada color representa una paleta de emociones y expresiones, creando una experiencia visualmente cautivadora y \u00fanica.<\/p>\n<p>Descubre la belleza y la creatividad de nuestra alfombra contempor\u00e1nea de m\u00faltiples colores y transforma tus espacios en un ambiente lleno de alegr\u00eda y vitalidad. \u00a1Deja que los colores hablen por ti y dale un toque \u00fanico y expresivo a tu decoraci\u00f3n con nuestra deslumbrante alfombra contempor\u00e1nea de m\u00faltiples colores!<\/p>\n","protected":false},"excerpt":{"rendered":"<div class=\"elementor-element elementor-element-d43f665 mb-0 elementor-widget elementor-widget-porto_cp_excerpt\" data-id=\"d43f665\" data-element_type=\"widget\" data-widget_type=\"porto_cp_excerpt.default\">\n<div class=\"elementor-widget-container\">\n<div class=\"description woocommerce-product-details__short-description\">\n<p>Densidad de nudos: 2.000.000 points m<sup>2<\/sup><\/p>\n<p>Espesor: 7 mm<\/p>\n<p>Edad: Nueva<\/p>\n<p>Origen: Turqu\u00eda<\/p>\n<p>Nudos: Bamb\u00fa seda<\/p>\n<p>Urdimbre: Algod\u00f3n<\/p>\n<p>Tejido de alta precisi\u00f3n<\/p>\n<\/div>\n<\/div>\n<\/div>\n<div class=\"elementor-element elementor-element-3de7cc4 m-t-n-sm elementor-widget elementor-widget-porto_cp_meta\" data-id=\"3de7cc4\" data-element_type=\"widget\" data-widget_type=\"porto_cp_meta.default\">\n<div class=\"elementor-widget-container\">\n<div class=\"product_meta\">\u00a0<\/div>\n<\/div>\n<\/div>\n","protected":false},"featured_media":22238,"comment_status":"open","ping_status":"closed","template":"","meta":[],"product_cat":[19,308,315],"product_tag":[355,353,352,354],"yoast_head":"<!-- This site is optimized with the Yoast SEO plugin v21.5 - https:\/\/yoast.com\/wordpress\/plugins\/seo\/ -->\n<title>Alfombras de Tendencia | El Rinc\u00f3n de Fehmi Madrid<\/title>\n<meta name=\"description\" content=\"\u00a1Deja que los colores hablen por ti y dale un toque \u00fanico y expresivo a tu decoraci\u00f3n con nuestra deslumbrante alfombra contempor\u00e1nea de m\u00faltiples colores!\" \/>\n<meta name=\"robots\" content=\"index, follow, max-snippet:-1, max-image-preview:large, max-video-preview:-1\" \/>\n<link rel=\"canonical\" href=\"https:\/\/elrincondefehmi.com\/es\/tienda\/alfombras-turcas\/alfombras-modernas\/alfombras-de-tendencia\/\" \/>\n<meta property=\"og:locale\" content=\"es_ES\" \/>\n<meta property=\"og:type\" content=\"article\" \/>\n<meta property=\"og:title\" content=\"Alfombras de Tendencia | El Rinc\u00f3n de Fehmi Madrid\" \/>\n<meta property=\"og:description\" content=\"\u00a1Deja que los colores hablen por ti y dale un toque \u00fanico y expresivo a tu decoraci\u00f3n con nuestra deslumbrante alfombra contempor\u00e1nea de m\u00faltiples colores!\" \/>\n<meta property=\"og:url\" content=\"https:\/\/elrincondefehmi.com\/es\/tienda\/alfombras-turcas\/alfombras-modernas\/alfombras-de-tendencia\/\" \/>\n<meta property=\"og:site_name\" content=\"El Rinc\u00f3n de Fehmi Madrid\" \/>\n<meta property=\"article:modified_time\" content=\"2024-05-06T09:51:33+00:00\" \/>\n<meta property=\"og:image\" content=\"https:\/\/elrincondefehmi.com\/es\/wp-content\/uploads\/2023\/07\/110312.jpg\" \/>\n\t<meta property=\"og:image:width\" content=\"740\" \/>\n\t<meta property=\"og:image:height\" content=\"1070\" \/>\n\t<meta property=\"og:image:type\" content=\"image\/jpeg\" \/>\n<meta name=\"twitter:card\" content=\"summary_large_image\" \/>\n<script type=\"application\/ld+json\" class=\"yoast-schema-graph\">{\"@context\":\"https:\/\/schema.org\",\"@graph\":[{\"@type\":\"WebPage\",\"@id\":\"https:\/\/elrincondefehmi.com\/es\/tienda\/alfombras-turcas\/alfombras-modernas\/alfombras-de-tendencia\/\",\"url\":\"https:\/\/elrincondefehmi.com\/es\/tienda\/alfombras-turcas\/alfombras-modernas\/alfombras-de-tendencia\/\",\"name\":\"Alfombras de Tendencia | El Rinc\u00f3n de Fehmi Madrid\",\"isPartOf\":{\"@id\":\"https:\/\/elrincondefehmi.com\/es\/#website\"},\"datePublished\":\"2023-07-25T11:25:22+00:00\",\"dateModified\":\"2024-05-06T09:51:33+00:00\",\"description\":\"\u00a1Deja que los colores hablen por ti y dale un toque \u00fanico y expresivo a tu decoraci\u00f3n con nuestra deslumbrante alfombra contempor\u00e1nea de m\u00faltiples colores!\",\"breadcrumb\":{\"@id\":\"https:\/\/elrincondefehmi.com\/es\/tienda\/alfombras-turcas\/alfombras-modernas\/alfombras-de-tendencia\/#breadcrumb\"},\"inLanguage\":\"es\",\"potentialAction\":[{\"@type\":\"ReadAction\",\"target\":[\"https:\/\/elrincondefehmi.com\/es\/tienda\/alfombras-turcas\/alfombras-modernas\/alfombras-de-tendencia\/\"]}]},{\"@type\":\"BreadcrumbList\",\"@id\":\"https:\/\/elrincondefehmi.com\/es\/tienda\/alfombras-turcas\/alfombras-modernas\/alfombras-de-tendencia\/#breadcrumb\",\"itemListElement\":[{\"@type\":\"ListItem\",\"position\":1,\"name\":\"PRODUCTOS\",\"item\":\"https:\/\/elrincondefehmi.com\/es\/all-product\/\"},{\"@type\":\"ListItem\",\"position\":2,\"name\":\"NEW TREND M 381 C\"}]},{\"@type\":\"WebSite\",\"@id\":\"https:\/\/elrincondefehmi.com\/es\/#website\",\"url\":\"https:\/\/elrincondefehmi.com\/es\/\",\"name\":\"El Rinc\u00f3n de Fehmi Madrid\",\"description\":\"Tienda de alfombras en Madrid.  En El Rinc\u00f3n de Fehmi somos especialistas en alfombras artesanales, alfombras modernas contempor\u00e1neas kilims de Turqu\u00eda\",\"potentialAction\":[{\"@type\":\"SearchAction\",\"target\":{\"@type\":\"EntryPoint\",\"urlTemplate\":\"https:\/\/elrincondefehmi.com\/es\/?s={search_term_string}\"},\"query-input\":\"required name=search_term_string\"}],\"inLanguage\":\"es\"}]}<\/script>\n<!-- \/ Yoast SEO plugin. -->","yoast_head_json":{"title":"Alfombras de Tendencia | El Rinc\u00f3n de Fehmi Madrid","description":"\u00a1Deja que los colores hablen por ti y dale un toque \u00fanico y expresivo a tu decoraci\u00f3n con nuestra deslumbrante alfombra contempor\u00e1nea de m\u00faltiples colores!","robots":{"index":"index","follow":"follow","max-snippet":"max-snippet:-1","max-image-preview":"max-image-preview:large","max-video-preview":"max-video-preview:-1"},"canonical":"https:\/\/elrincondefehmi.com\/es\/tienda\/alfombras-turcas\/alfombras-modernas\/alfombras-de-tendencia\/","og_locale":"es_ES","og_type":"article","og_title":"Alfombras de Tendencia | El Rinc\u00f3n de Fehmi Madrid","og_description":"\u00a1Deja que los colores hablen por ti y dale un toque \u00fanico y expresivo a tu decoraci\u00f3n con nuestra deslumbrante alfombra contempor\u00e1nea de m\u00faltiples colores!","og_url":"https:\/\/elrincondefehmi.com\/es\/tienda\/alfombras-turcas\/alfombras-modernas\/alfombras-de-tendencia\/","og_site_name":"El Rinc\u00f3n de Fehmi Madrid","article_modified_time":"2024-05-06T09:51:33+00:00","og_image":[{"width":740,"height":1070,"url":"https:\/\/elrincondefehmi.com\/es\/wp-content\/uploads\/2023\/07\/110312.jpg","type":"image\/jpeg"}],"twitter_card":"summary_large_image","schema":{"@context":"https:\/\/schema.org","@graph":[{"@type":"WebPage","@id":"https:\/\/elrincondefehmi.com\/es\/tienda\/alfombras-turcas\/alfombras-modernas\/alfombras-de-tendencia\/","url":"https:\/\/elrincondefehmi.com\/es\/tienda\/alfombras-turcas\/alfombras-modernas\/alfombras-de-tendencia\/","name":"Alfombras de Tendencia | El Rinc\u00f3n de Fehmi Madrid","isPartOf":{"@id":"https:\/\/elrincondefehmi.com\/es\/#website"},"datePublished":"2023-07-25T11:25:22+00:00","dateModified":"2024-05-06T09:51:33+00:00","description":"\u00a1Deja que los colores hablen por ti y dale un toque \u00fanico y expresivo a tu decoraci\u00f3n con nuestra deslumbrante alfombra contempor\u00e1nea de m\u00faltiples colores!","breadcrumb":{"@id":"https:\/\/elrincondefehmi.com\/es\/tienda\/alfombras-turcas\/alfombras-modernas\/alfombras-de-tendencia\/#breadcrumb"},"inLanguage":"es","potentialAction":[{"@type":"ReadAction","target":["https:\/\/elrincondefehmi.com\/es\/tienda\/alfombras-turcas\/alfombras-modernas\/alfombras-de-tendencia\/"]}]},{"@type":"BreadcrumbList","@id":"https:\/\/elrincondefehmi.com\/es\/tienda\/alfombras-turcas\/alfombras-modernas\/alfombras-de-tendencia\/#breadcrumb","itemListElement":[{"@type":"ListItem","position":1,"name":"PRODUCTOS","item":"https:\/\/elrincondefehmi.com\/es\/all-product\/"},{"@type":"ListItem","position":2,"name":"NEW TREND M 381 C"}]},{"@type":"WebSite","@id":"https:\/\/elrincondefehmi.com\/es\/#website","url":"https:\/\/elrincondefehmi.com\/es\/","name":"El Rinc\u00f3n de Fehmi Madrid","description":"Tienda de alfombras en Madrid.  En El Rinc\u00f3n de Fehmi somos especialistas en alfombras artesanales, alfombras modernas contempor\u00e1neas kilims de Turqu\u00eda","potentialAction":[{"@type":"SearchAction","target":{"@type":"EntryPoint","urlTemplate":"https:\/\/elrincondefehmi.com\/es\/?s={search_term_string}"},"query-input":"required name=search_term_string"}],"inLanguage":"es"}]}},"_links":{"self":[{"href":"https:\/\/elrincondefehmi.com\/es\/wp-json\/wp\/v2\/product\/22222"}],"collection":[{"href":"https:\/\/elrincondefehmi.com\/es\/wp-json\/wp\/v2\/product"}],"about":[{"href":"https:\/\/elrincondefehmi.com\/es\/wp-json\/wp\/v2\/types\/product"}],"replies":[{"embeddable":true,"href":"https:\/\/elrincondefehmi.com\/es\/wp-json\/wp\/v2\/comments?post=22222"}],"wp:featuredmedia":[{"embeddable":true,"href":"https:\/\/elrincondefehmi.com\/es\/wp-json\/wp\/v2\/media\/22238"}],"wp:attachment":[{"href":"https:\/\/elrincondefehmi.com\/es\/wp-json\/wp\/v2\/media?parent=22222"}],"wp:term":[{"taxonomy":"product_cat","embeddable":true,"href":"https:\/\/elrincondefehmi.com\/es\/wp-json\/wp\/v2\/product_cat?post=22222"},{"taxonomy":"product_tag","embeddable":true,"href":"https:\/\/elrincondefehmi.com\/es\/wp-json\/wp\/v2\/product_tag?post=22222"}],"curies":[{"name":"wp","href":"https:\/\/api.w.org\/{rel}","templated":true}]}}