{"id":173,"date":"2014-04-29T16:03:24","date_gmt":"2014-04-29T16:03:24","guid":{"rendered":"https:\/\/elrincondefehmi.com\/es\/?p=173"},"modified":"2023-06-15T22:55:46","modified_gmt":"2023-06-15T22:55:46","slug":"lampara-mosaico-aplique-4","status":"publish","type":"product","link":"https:\/\/elrincondefehmi.com\/es\/tienda\/alfombras\/lampara-mosaico-aplique-4\/","title":{"rendered":"<!--:es-->LAMPARA MOSAICO  APLIQUE<!--:--><!--:en-->MOSAIC WALL LAMP<!--:-->"},"content":{"rendered":"<p><!--:es-->L\u00e1mpara mosaico aplique. Disponibilidad en otros colores.<\/p>\n<p><!--:--><!--:en-->Mosaic wall Lamp. Availability other colors.<\/p>\n<p><!--:--><\/p>\n","protected":false},"excerpt":{"rendered":"<p><!--:es--><\/p>\n<p><p>L\u00e1mpara mosaico artesanal de Turqu\u00eda.<br \/>\n( Aplique de pared ).<br \/>\nAltura : 82 cm.<br \/>\nAnchura : 16 cm.<br \/>\nMaterial : Cristal mosaico aresanal, la estructura es lat\u00f3n.<\/p>\n<\/p>\n<p><!--:--><!--:en--><\/p>\n<p>Mosaic handmade wall lamp from Turkey.<br \/>\nHeight : 82 cm.<br \/>\nWidth : 16 cm.<br \/>\nMaterial : Crystal manufacturing and estructure is brass. <\/p>\n<\/p>\n<p><!--:--><\/p>\n","protected":false},"featured_media":3324,"comment_status":"open","ping_status":"closed","template":"","meta":[],"product_cat":[19],"product_tag":[],"yoast_head":"<!-- This site is optimized with the Yoast SEO plugin v21.5 - https:\/\/yoast.com\/wordpress\/plugins\/seo\/ -->\n<title>Alfombras y Kilims en Madrid | El Rinc\u00f3n de Fehmi Madrid<\/title>\n<meta name=\"robots\" content=\"index, follow, max-snippet:-1, max-image-preview:large, max-video-preview:-1\" \/>\n<link rel=\"canonical\" href=\"https:\/\/elrincondefehmi.com\/es\/tienda\/alfombras\/lampara-mosaico-aplique-4\/\" \/>\n<meta property=\"og:locale\" content=\"es_ES\" \/>\n<meta property=\"og:type\" content=\"article\" \/>\n<meta property=\"og:title\" content=\"Alfombras y Kilims en Madrid | El Rinc\u00f3n de Fehmi Madrid\" \/>\n<meta property=\"og:description\" content=\"L\u00e1mpara mosaico artesanal de Turqu\u00eda. ( Aplique de pared ). Altura : 82 cm. Anchura : 16 cm. Material : Cristal mosaico aresanal, la estructura es lat\u00f3n.  Mosaic handmade wall lamp from Turkey. Height : 82 cm. Width : 16 cm. Material : Crystal manufacturing and estructure is brass.\" \/>\n<meta property=\"og:url\" content=\"https:\/\/elrincondefehmi.com\/es\/tienda\/alfombras\/lampara-mosaico-aplique-4\/\" \/>\n<meta property=\"og:site_name\" content=\"El Rinc\u00f3n de Fehmi Madrid\" \/>\n<meta property=\"article:modified_time\" content=\"2023-06-15T22:55:46+00:00\" \/>\n<meta property=\"og:image\" content=\"https:\/\/elrincondefehmi.com\/es\/wp-content\/uploads\/2023\/05\/WEB-21.jpg\" \/>\n\t<meta property=\"og:image:width\" content=\"441\" \/>\n\t<meta property=\"og:image:height\" content=\"600\" \/>\n\t<meta property=\"og:image:type\" content=\"image\/jpeg\" \/>\n<meta name=\"twitter:card\" content=\"summary_large_image\" \/>\n<script type=\"application\/ld+json\" class=\"yoast-schema-graph\">{\"@context\":\"https:\/\/schema.org\",\"@graph\":[{\"@type\":\"WebPage\",\"@id\":\"https:\/\/elrincondefehmi.com\/es\/tienda\/alfombras\/lampara-mosaico-aplique-4\/\",\"url\":\"https:\/\/elrincondefehmi.com\/es\/tienda\/alfombras\/lampara-mosaico-aplique-4\/\",\"name\":\"Alfombras y Kilims en Madrid | El Rinc\u00f3n de Fehmi Madrid\",\"isPartOf\":{\"@id\":\"https:\/\/elrincondefehmi.com\/es\/#website\"},\"datePublished\":\"2014-04-29T16:03:24+00:00\",\"dateModified\":\"2023-06-15T22:55:46+00:00\",\"breadcrumb\":{\"@id\":\"https:\/\/elrincondefehmi.com\/es\/tienda\/alfombras\/lampara-mosaico-aplique-4\/#breadcrumb\"},\"inLanguage\":\"es\",\"potentialAction\":[{\"@type\":\"ReadAction\",\"target\":[\"https:\/\/elrincondefehmi.com\/es\/tienda\/alfombras\/lampara-mosaico-aplique-4\/\"]}]},{\"@type\":\"BreadcrumbList\",\"@id\":\"https:\/\/elrincondefehmi.com\/es\/tienda\/alfombras\/lampara-mosaico-aplique-4\/#breadcrumb\",\"itemListElement\":[{\"@type\":\"ListItem\",\"position\":1,\"name\":\"PRODUCTOS\",\"item\":\"https:\/\/elrincondefehmi.com\/es\/all-product\/\"},{\"@type\":\"ListItem\",\"position\":2,\"name\":\"LAMPARA MOSAICO APLIQUEMOSAIC WALL LAMP\"}]},{\"@type\":\"WebSite\",\"@id\":\"https:\/\/elrincondefehmi.com\/es\/#website\",\"url\":\"https:\/\/elrincondefehmi.com\/es\/\",\"name\":\"El Rinc\u00f3n de Fehmi Madrid\",\"description\":\"Tienda de alfombras en Madrid.  En El Rinc\u00f3n de Fehmi somos especialistas en alfombras artesanales, alfombras modernas contempor\u00e1neas kilims de Turqu\u00eda\",\"potentialAction\":[{\"@type\":\"SearchAction\",\"target\":{\"@type\":\"EntryPoint\",\"urlTemplate\":\"https:\/\/elrincondefehmi.com\/es\/?s={search_term_string}\"},\"query-input\":\"required name=search_term_string\"}],\"inLanguage\":\"es\"}]}<\/script>\n<!-- \/ Yoast SEO plugin. -->","yoast_head_json":{"title":"Alfombras y Kilims en Madrid | El Rinc\u00f3n de Fehmi Madrid","robots":{"index":"index","follow":"follow","max-snippet":"max-snippet:-1","max-image-preview":"max-image-preview:large","max-video-preview":"max-video-preview:-1"},"canonical":"https:\/\/elrincondefehmi.com\/es\/tienda\/alfombras\/lampara-mosaico-aplique-4\/","og_locale":"es_ES","og_type":"article","og_title":"Alfombras y Kilims en Madrid | El Rinc\u00f3n de Fehmi Madrid","og_description":"L\u00e1mpara mosaico artesanal de Turqu\u00eda. ( Aplique de pared ). Altura : 82 cm. Anchura : 16 cm. Material : Cristal mosaico aresanal, la estructura es lat\u00f3n.  Mosaic handmade wall lamp from Turkey. Height : 82 cm. Width : 16 cm. Material : Crystal manufacturing and estructure is brass.","og_url":"https:\/\/elrincondefehmi.com\/es\/tienda\/alfombras\/lampara-mosaico-aplique-4\/","og_site_name":"El Rinc\u00f3n de Fehmi Madrid","article_modified_time":"2023-06-15T22:55:46+00:00","og_image":[{"width":441,"height":600,"url":"https:\/\/elrincondefehmi.com\/es\/wp-content\/uploads\/2023\/05\/WEB-21.jpg","type":"image\/jpeg"}],"twitter_card":"summary_large_image","schema":{"@context":"https:\/\/schema.org","@graph":[{"@type":"WebPage","@id":"https:\/\/elrincondefehmi.com\/es\/tienda\/alfombras\/lampara-mosaico-aplique-4\/","url":"https:\/\/elrincondefehmi.com\/es\/tienda\/alfombras\/lampara-mosaico-aplique-4\/","name":"Alfombras y Kilims en Madrid | El Rinc\u00f3n de Fehmi Madrid","isPartOf":{"@id":"https:\/\/elrincondefehmi.com\/es\/#website"},"datePublished":"2014-04-29T16:03:24+00:00","dateModified":"2023-06-15T22:55:46+00:00","breadcrumb":{"@id":"https:\/\/elrincondefehmi.com\/es\/tienda\/alfombras\/lampara-mosaico-aplique-4\/#breadcrumb"},"inLanguage":"es","potentialAction":[{"@type":"ReadAction","target":["https:\/\/elrincondefehmi.com\/es\/tienda\/alfombras\/lampara-mosaico-aplique-4\/"]}]},{"@type":"BreadcrumbList","@id":"https:\/\/elrincondefehmi.com\/es\/tienda\/alfombras\/lampara-mosaico-aplique-4\/#breadcrumb","itemListElement":[{"@type":"ListItem","position":1,"name":"PRODUCTOS","item":"https:\/\/elrincondefehmi.com\/es\/all-product\/"},{"@type":"ListItem","position":2,"name":"LAMPARA MOSAICO APLIQUEMOSAIC WALL LAMP"}]},{"@type":"WebSite","@id":"https:\/\/elrincondefehmi.com\/es\/#website","url":"https:\/\/elrincondefehmi.com\/es\/","name":"El Rinc\u00f3n de Fehmi Madrid","description":"Tienda de alfombras en Madrid.  En El Rinc\u00f3n de Fehmi somos especialistas en alfombras artesanales, alfombras modernas contempor\u00e1neas kilims de Turqu\u00eda","potentialAction":[{"@type":"SearchAction","target":{"@type":"EntryPoint","urlTemplate":"https:\/\/elrincondefehmi.com\/es\/?s={search_term_string}"},"query-input":"required name=search_term_string"}],"inLanguage":"es"}]}},"_links":{"self":[{"href":"https:\/\/elrincondefehmi.com\/es\/wp-json\/wp\/v2\/product\/173"}],"collection":[{"href":"https:\/\/elrincondefehmi.com\/es\/wp-json\/wp\/v2\/product"}],"about":[{"href":"https:\/\/elrincondefehmi.com\/es\/wp-json\/wp\/v2\/types\/product"}],"replies":[{"embeddable":true,"href":"https:\/\/elrincondefehmi.com\/es\/wp-json\/wp\/v2\/comments?post=173"}],"wp:featuredmedia":[{"embeddable":true,"href":"https:\/\/elrincondefehmi.com\/es\/wp-json\/wp\/v2\/media\/3324"}],"wp:attachment":[{"href":"https:\/\/elrincondefehmi.com\/es\/wp-json\/wp\/v2\/media?parent=173"}],"wp:term":[{"taxonomy":"product_cat","embeddable":true,"href":"https:\/\/elrincondefehmi.com\/es\/wp-json\/wp\/v2\/product_cat?post=173"},{"taxonomy":"product_tag","embeddable":true,"href":"https:\/\/elrincondefehmi.com\/es\/wp-json\/wp\/v2\/product_tag?post=173"}],"curies":[{"name":"wp","href":"https:\/\/api.w.org\/{rel}","templated":true}]}}