{"id":140,"date":"2014-04-27T21:34:08","date_gmt":"2014-04-27T21:34:08","guid":{"rendered":"https:\/\/elrincondefehmi.com\/es\/?p=140"},"modified":"2023-06-15T22:52:53","modified_gmt":"2023-06-15T22:52:53","slug":"lampara-mosaico-de-techo-5","status":"publish","type":"product","link":"https:\/\/elrincondefehmi.com\/es\/tienda\/alfombras\/lampara-mosaico-de-techo-5\/","title":{"rendered":"<!--:es-->LAMPARA MOSAICO DE TECHO HM 20 T<!--:--><!--:en-->MOSAIC CEILING LAMP HM 20 T<!--:-->"},"content":{"rendered":"<p><!--:es-->Nuestras l\u00e1mparas de mosaico se fabrican de manera artesanal con estructura lat\u00f3n y teselas de cristal cortadas a mano.Disponibilidad de globos en otros colores.<br \/>\n<!--:--><!--:en--><br \/>\nOur mosaic lamps are manufactured using traditional methods. The structure is brass and hand cut glass tiles.Availability of balloons in other colors. <!--:--><\/p>\n","protected":false},"excerpt":{"rendered":"<p><!--:es-->L\u00e1mpara mosaico artesanal de Turqu\u00eda ( Para techo ).<br \/>\nAltura : 50 cm.<br \/>\nAnchura : 20 cm.<br \/>\nMaterial : Cristal y la estructura lat\u00f3n.<!--:--><!--:en--><br \/>\nMosaic handmade ceiling lamp from Turkey.<br \/>\nHeight : 50 cm.<br \/>\nWidth : 20 cm.<br \/>\nMaterial : Crystal manufacturing<br \/>\nand la structure is brass.<!--:--><\/p>\n","protected":false},"featured_media":141,"comment_status":"open","ping_status":"closed","template":"","meta":[],"product_cat":[19],"product_tag":[],"yoast_head":"<!-- This site is optimized with the Yoast SEO plugin v21.5 - https:\/\/yoast.com\/wordpress\/plugins\/seo\/ -->\n<title>Alfombras y Kilims en Madrid | El Rinc\u00f3n de Fehmi Madrid<\/title>\n<meta name=\"robots\" content=\"index, follow, max-snippet:-1, max-image-preview:large, max-video-preview:-1\" \/>\n<link rel=\"canonical\" href=\"https:\/\/elrincondefehmi.com\/es\/tienda\/alfombras\/lampara-mosaico-de-techo-5\/\" \/>\n<meta property=\"og:locale\" content=\"es_ES\" \/>\n<meta property=\"og:type\" content=\"article\" \/>\n<meta property=\"og:title\" content=\"Alfombras y Kilims en Madrid | El Rinc\u00f3n de Fehmi Madrid\" \/>\n<meta property=\"og:description\" content=\"L\u00e1mpara mosaico artesanal de Turqu\u00eda ( Para techo ). Altura : 50 cm. Anchura : 20 cm. Material : Cristal y la estructura lat\u00f3n. Mosaic handmade ceiling lamp from Turkey. Height : 50 cm. Width : 20 cm. Material : Crystal manufacturing and la structure is brass.\" \/>\n<meta property=\"og:url\" content=\"https:\/\/elrincondefehmi.com\/es\/tienda\/alfombras\/lampara-mosaico-de-techo-5\/\" \/>\n<meta property=\"og:site_name\" content=\"El Rinc\u00f3n de Fehmi Madrid\" \/>\n<meta property=\"article:modified_time\" content=\"2023-06-15T22:52:53+00:00\" \/>\n<meta property=\"og:image\" content=\"https:\/\/elrincondefehmi.com\/es\/wp-content\/uploads\/2014\/04\/IMG_52571-copiaweb.jpg\" \/>\n\t<meta property=\"og:image:width\" content=\"498\" \/>\n\t<meta property=\"og:image:height\" content=\"723\" \/>\n\t<meta property=\"og:image:type\" content=\"image\/jpeg\" \/>\n<meta name=\"twitter:card\" content=\"summary_large_image\" \/>\n<script type=\"application\/ld+json\" class=\"yoast-schema-graph\">{\"@context\":\"https:\/\/schema.org\",\"@graph\":[{\"@type\":\"WebPage\",\"@id\":\"https:\/\/elrincondefehmi.com\/es\/tienda\/alfombras\/lampara-mosaico-de-techo-5\/\",\"url\":\"https:\/\/elrincondefehmi.com\/es\/tienda\/alfombras\/lampara-mosaico-de-techo-5\/\",\"name\":\"Alfombras y Kilims en Madrid | El Rinc\u00f3n de Fehmi Madrid\",\"isPartOf\":{\"@id\":\"https:\/\/elrincondefehmi.com\/es\/#website\"},\"datePublished\":\"2014-04-27T21:34:08+00:00\",\"dateModified\":\"2023-06-15T22:52:53+00:00\",\"breadcrumb\":{\"@id\":\"https:\/\/elrincondefehmi.com\/es\/tienda\/alfombras\/lampara-mosaico-de-techo-5\/#breadcrumb\"},\"inLanguage\":\"es\",\"potentialAction\":[{\"@type\":\"ReadAction\",\"target\":[\"https:\/\/elrincondefehmi.com\/es\/tienda\/alfombras\/lampara-mosaico-de-techo-5\/\"]}]},{\"@type\":\"BreadcrumbList\",\"@id\":\"https:\/\/elrincondefehmi.com\/es\/tienda\/alfombras\/lampara-mosaico-de-techo-5\/#breadcrumb\",\"itemListElement\":[{\"@type\":\"ListItem\",\"position\":1,\"name\":\"PRODUCTOS\",\"item\":\"https:\/\/elrincondefehmi.com\/es\/all-product\/\"},{\"@type\":\"ListItem\",\"position\":2,\"name\":\"LAMPARA MOSAICO DE TECHO HM 20 TMOSAIC CEILING LAMP HM 20 T\"}]},{\"@type\":\"WebSite\",\"@id\":\"https:\/\/elrincondefehmi.com\/es\/#website\",\"url\":\"https:\/\/elrincondefehmi.com\/es\/\",\"name\":\"El Rinc\u00f3n de Fehmi Madrid\",\"description\":\"Tienda de alfombras en Madrid.  En El Rinc\u00f3n de Fehmi somos especialistas en alfombras artesanales, alfombras modernas contempor\u00e1neas kilims de Turqu\u00eda\",\"potentialAction\":[{\"@type\":\"SearchAction\",\"target\":{\"@type\":\"EntryPoint\",\"urlTemplate\":\"https:\/\/elrincondefehmi.com\/es\/?s={search_term_string}\"},\"query-input\":\"required name=search_term_string\"}],\"inLanguage\":\"es\"}]}<\/script>\n<!-- \/ Yoast SEO plugin. -->","yoast_head_json":{"title":"Alfombras y Kilims en Madrid | El Rinc\u00f3n de Fehmi Madrid","robots":{"index":"index","follow":"follow","max-snippet":"max-snippet:-1","max-image-preview":"max-image-preview:large","max-video-preview":"max-video-preview:-1"},"canonical":"https:\/\/elrincondefehmi.com\/es\/tienda\/alfombras\/lampara-mosaico-de-techo-5\/","og_locale":"es_ES","og_type":"article","og_title":"Alfombras y Kilims en Madrid | El Rinc\u00f3n de Fehmi Madrid","og_description":"L\u00e1mpara mosaico artesanal de Turqu\u00eda ( Para techo ). Altura : 50 cm. Anchura : 20 cm. Material : Cristal y la estructura lat\u00f3n. Mosaic handmade ceiling lamp from Turkey. Height : 50 cm. Width : 20 cm. Material : Crystal manufacturing and la structure is brass.","og_url":"https:\/\/elrincondefehmi.com\/es\/tienda\/alfombras\/lampara-mosaico-de-techo-5\/","og_site_name":"El Rinc\u00f3n de Fehmi Madrid","article_modified_time":"2023-06-15T22:52:53+00:00","og_image":[{"width":498,"height":723,"url":"https:\/\/elrincondefehmi.com\/es\/wp-content\/uploads\/2014\/04\/IMG_52571-copiaweb.jpg","type":"image\/jpeg"}],"twitter_card":"summary_large_image","schema":{"@context":"https:\/\/schema.org","@graph":[{"@type":"WebPage","@id":"https:\/\/elrincondefehmi.com\/es\/tienda\/alfombras\/lampara-mosaico-de-techo-5\/","url":"https:\/\/elrincondefehmi.com\/es\/tienda\/alfombras\/lampara-mosaico-de-techo-5\/","name":"Alfombras y Kilims en Madrid | El Rinc\u00f3n de Fehmi Madrid","isPartOf":{"@id":"https:\/\/elrincondefehmi.com\/es\/#website"},"datePublished":"2014-04-27T21:34:08+00:00","dateModified":"2023-06-15T22:52:53+00:00","breadcrumb":{"@id":"https:\/\/elrincondefehmi.com\/es\/tienda\/alfombras\/lampara-mosaico-de-techo-5\/#breadcrumb"},"inLanguage":"es","potentialAction":[{"@type":"ReadAction","target":["https:\/\/elrincondefehmi.com\/es\/tienda\/alfombras\/lampara-mosaico-de-techo-5\/"]}]},{"@type":"BreadcrumbList","@id":"https:\/\/elrincondefehmi.com\/es\/tienda\/alfombras\/lampara-mosaico-de-techo-5\/#breadcrumb","itemListElement":[{"@type":"ListItem","position":1,"name":"PRODUCTOS","item":"https:\/\/elrincondefehmi.com\/es\/all-product\/"},{"@type":"ListItem","position":2,"name":"LAMPARA MOSAICO DE TECHO HM 20 TMOSAIC CEILING LAMP HM 20 T"}]},{"@type":"WebSite","@id":"https:\/\/elrincondefehmi.com\/es\/#website","url":"https:\/\/elrincondefehmi.com\/es\/","name":"El Rinc\u00f3n de Fehmi Madrid","description":"Tienda de alfombras en Madrid.  En El Rinc\u00f3n de Fehmi somos especialistas en alfombras artesanales, alfombras modernas contempor\u00e1neas kilims de Turqu\u00eda","potentialAction":[{"@type":"SearchAction","target":{"@type":"EntryPoint","urlTemplate":"https:\/\/elrincondefehmi.com\/es\/?s={search_term_string}"},"query-input":"required name=search_term_string"}],"inLanguage":"es"}]}},"_links":{"self":[{"href":"https:\/\/elrincondefehmi.com\/es\/wp-json\/wp\/v2\/product\/140"}],"collection":[{"href":"https:\/\/elrincondefehmi.com\/es\/wp-json\/wp\/v2\/product"}],"about":[{"href":"https:\/\/elrincondefehmi.com\/es\/wp-json\/wp\/v2\/types\/product"}],"replies":[{"embeddable":true,"href":"https:\/\/elrincondefehmi.com\/es\/wp-json\/wp\/v2\/comments?post=140"}],"wp:featuredmedia":[{"embeddable":true,"href":"https:\/\/elrincondefehmi.com\/es\/wp-json\/wp\/v2\/media\/141"}],"wp:attachment":[{"href":"https:\/\/elrincondefehmi.com\/es\/wp-json\/wp\/v2\/media?parent=140"}],"wp:term":[{"taxonomy":"product_cat","embeddable":true,"href":"https:\/\/elrincondefehmi.com\/es\/wp-json\/wp\/v2\/product_cat?post=140"},{"taxonomy":"product_tag","embeddable":true,"href":"https:\/\/elrincondefehmi.com\/es\/wp-json\/wp\/v2\/product_tag?post=140"}],"curies":[{"name":"wp","href":"https:\/\/api.w.org\/{rel}","templated":true}]}}