{"id":1044,"date":"2023-05-18T00:28:24","date_gmt":"2023-05-18T00:28:24","guid":{"rendered":"https:\/\/elrincondefehmi.com\/es\/?post_type=product&#038;p=1044"},"modified":"2025-07-12T12:45:53","modified_gmt":"2025-07-12T12:45:53","slug":"kilim-seda-177x-130-cm","status":"publish","type":"product","link":"https:\/\/elrincondefehmi.com\/es\/tienda\/kilim\/kilim-turco\/kilim-seda-177x-130-cm\/","title":{"rendered":"Kilim de Seda Hecho a Mano 130&#215;177 cm \u2013 Elegancia \u00c9tnica"},"content":{"rendered":"<p data-start=\"427\" data-end=\"737\"><strong data-start=\"427\" data-end=\"453\">Elegancia en cada hilo<\/strong><br data-start=\"453\" data-end=\"456\" \/>Este exclusivo <strong data-start=\"471\" data-end=\"488\">kilim de seda<\/strong> de 130&#215;177 cm combina suavidad, ligereza y un dise\u00f1o tradicional que destaca por sus colores delicados y motivos geom\u00e9tricos cl\u00e1sicos. Tejido a mano por artesanos expertos, es una pieza \u00fanica que aporta sofisticaci\u00f3n y calidez a cualquier ambiente.<\/p>\n<p data-start=\"739\" data-end=\"772\"><strong data-start=\"739\" data-end=\"771\">Caracter\u00edsticas del producto<\/strong>:<\/p>\n<ul data-start=\"773\" data-end=\"941\">\n<li data-start=\"773\" data-end=\"800\">\n<p data-start=\"775\" data-end=\"800\">Dimensiones: 130&#215;177 cm<\/p>\n<\/li>\n<li data-start=\"801\" data-end=\"832\">\n<p data-start=\"803\" data-end=\"832\">Material: 100% seda natural<\/p>\n<\/li>\n<li data-start=\"833\" data-end=\"859\">\n<p data-start=\"835\" data-end=\"859\">T\u00e9cnica: tejido a mano<\/p>\n<\/li>\n<li data-start=\"860\" data-end=\"879\">\n<p data-start=\"862\" data-end=\"879\">Origen: Turqu\u00eda<\/p>\n<\/li>\n<li data-start=\"880\" data-end=\"941\">\n<p data-start=\"882\" data-end=\"941\">Dise\u00f1o: motivos tribales en tonos tierra, azul y rojo suave<\/p>\n<\/li>\n<\/ul>\n<p data-start=\"943\" data-end=\"958\"><strong data-start=\"943\" data-end=\"957\">Beneficios<\/strong>:<\/p>\n<ul data-start=\"959\" data-end=\"1127\">\n<li data-start=\"959\" data-end=\"1005\">\n<p data-start=\"961\" data-end=\"1005\">Ideal para salones, dormitorios o entradas<\/p>\n<\/li>\n<li data-start=\"1006\" data-end=\"1049\">\n<p data-start=\"1008\" data-end=\"1049\">Aporta luminosidad y textura al espacio<\/p>\n<\/li>\n<li data-start=\"1050\" data-end=\"1095\">\n<p data-start=\"1052\" data-end=\"1095\">Ligero, suave al tacto y f\u00e1cil de colocar<\/p>\n<\/li>\n<li data-start=\"1096\" data-end=\"1127\">\n<p data-start=\"1098\" data-end=\"1127\">Obra de arte textil aut\u00e9ntica<\/p>\n<\/li>\n<\/ul>\n<p data-start=\"1129\" data-end=\"1362\">Este <strong data-start=\"1134\" data-end=\"1161\">kilim de seda artesanal<\/strong> es una joya para los amantes de la decoraci\u00f3n con alma. Su textura fina y su paleta crom\u00e1tica lo convierten en una pieza decorativa muy vers\u00e1til, perfecta tanto para interiores modernos como cl\u00e1sicos.<\/p>\n","protected":false},"excerpt":{"rendered":"<p>Origen: Turqu\u00eda<br \/>\nCentro de Anatolia, regi\u00f3n de Capadocia.<br \/>\nMaterial: 100% seda.<br \/>\nMedidas: 130 X 177 cm.<br \/>\nHecho a mano.<\/p>\n","protected":false},"featured_media":26330,"comment_status":"open","ping_status":"closed","template":"","meta":[],"product_cat":[434,16],"product_tag":[391,355,353,352],"yoast_head":"<!-- This site is optimized with the Yoast SEO plugin v21.5 - https:\/\/yoast.com\/wordpress\/plugins\/seo\/ -->\n<title>Alfombras y Kilims en Madrid | El Rinc\u00f3n de Fehmi Madrid<\/title>\n<meta name=\"description\" content=\"Kilim de seda hecho a mano. Un dise\u00f1o \u00e9tnico elegante, suave y ligero, ideal para salones y dormitorios. Solo en El Rinc\u00f3n de Fehmi.\" \/>\n<meta name=\"robots\" content=\"index, follow, max-snippet:-1, max-image-preview:large, max-video-preview:-1\" \/>\n<link rel=\"canonical\" href=\"https:\/\/elrincondefehmi.com\/es\/tienda\/kilim\/kilim-turco\/kilim-seda-177x-130-cm\/\" \/>\n<meta property=\"og:locale\" content=\"es_ES\" \/>\n<meta property=\"og:type\" content=\"article\" \/>\n<meta property=\"og:title\" content=\"Alfombras y Kilims en Madrid | El Rinc\u00f3n de Fehmi Madrid\" \/>\n<meta property=\"og:description\" content=\"Kilim de seda hecho a mano. Un dise\u00f1o \u00e9tnico elegante, suave y ligero, ideal para salones y dormitorios. Solo en El Rinc\u00f3n de Fehmi.\" \/>\n<meta property=\"og:url\" content=\"https:\/\/elrincondefehmi.com\/es\/tienda\/kilim\/kilim-turco\/kilim-seda-177x-130-cm\/\" \/>\n<meta property=\"og:site_name\" content=\"El Rinc\u00f3n de Fehmi Madrid\" \/>\n<meta property=\"article:modified_time\" content=\"2025-07-12T12:45:53+00:00\" \/>\n<meta property=\"og:image\" content=\"https:\/\/elrincondefehmi.com\/es\/wp-content\/uploads\/2023\/05\/IMG_9438.jpg\" \/>\n\t<meta property=\"og:image:width\" content=\"750\" \/>\n\t<meta property=\"og:image:height\" content=\"1050\" \/>\n\t<meta property=\"og:image:type\" content=\"image\/jpeg\" \/>\n<meta name=\"twitter:card\" content=\"summary_large_image\" \/>\n<script type=\"application\/ld+json\" class=\"yoast-schema-graph\">{\"@context\":\"https:\/\/schema.org\",\"@graph\":[{\"@type\":\"WebPage\",\"@id\":\"https:\/\/elrincondefehmi.com\/es\/tienda\/kilim\/kilim-turco\/kilim-seda-177x-130-cm\/\",\"url\":\"https:\/\/elrincondefehmi.com\/es\/tienda\/kilim\/kilim-turco\/kilim-seda-177x-130-cm\/\",\"name\":\"Alfombras y Kilims en Madrid | El Rinc\u00f3n de Fehmi Madrid\",\"isPartOf\":{\"@id\":\"https:\/\/elrincondefehmi.com\/es\/#website\"},\"datePublished\":\"2023-05-18T00:28:24+00:00\",\"dateModified\":\"2025-07-12T12:45:53+00:00\",\"description\":\"Kilim de seda hecho a mano. Un dise\u00f1o \u00e9tnico elegante, suave y ligero, ideal para salones y dormitorios. Solo en El Rinc\u00f3n de Fehmi.\",\"breadcrumb\":{\"@id\":\"https:\/\/elrincondefehmi.com\/es\/tienda\/kilim\/kilim-turco\/kilim-seda-177x-130-cm\/#breadcrumb\"},\"inLanguage\":\"es\",\"potentialAction\":[{\"@type\":\"ReadAction\",\"target\":[\"https:\/\/elrincondefehmi.com\/es\/tienda\/kilim\/kilim-turco\/kilim-seda-177x-130-cm\/\"]}]},{\"@type\":\"BreadcrumbList\",\"@id\":\"https:\/\/elrincondefehmi.com\/es\/tienda\/kilim\/kilim-turco\/kilim-seda-177x-130-cm\/#breadcrumb\",\"itemListElement\":[{\"@type\":\"ListItem\",\"position\":1,\"name\":\"PRODUCTOS\",\"item\":\"https:\/\/elrincondefehmi.com\/es\/all-product\/\"},{\"@type\":\"ListItem\",\"position\":2,\"name\":\"Kilim de Seda Hecho a Mano 130&#215;177 cm \u2013 Elegancia \u00c9tnica\"}]},{\"@type\":\"WebSite\",\"@id\":\"https:\/\/elrincondefehmi.com\/es\/#website\",\"url\":\"https:\/\/elrincondefehmi.com\/es\/\",\"name\":\"El Rinc\u00f3n de Fehmi Madrid\",\"description\":\"Tienda de alfombras en Madrid.  En El Rinc\u00f3n de Fehmi somos especialistas en alfombras artesanales, alfombras modernas contempor\u00e1neas kilims de Turqu\u00eda\",\"potentialAction\":[{\"@type\":\"SearchAction\",\"target\":{\"@type\":\"EntryPoint\",\"urlTemplate\":\"https:\/\/elrincondefehmi.com\/es\/?s={search_term_string}\"},\"query-input\":\"required name=search_term_string\"}],\"inLanguage\":\"es\"}]}<\/script>\n<!-- \/ Yoast SEO plugin. -->","yoast_head_json":{"title":"Alfombras y Kilims en Madrid | El Rinc\u00f3n de Fehmi Madrid","description":"Kilim de seda hecho a mano. Un dise\u00f1o \u00e9tnico elegante, suave y ligero, ideal para salones y dormitorios. Solo en El Rinc\u00f3n de Fehmi.","robots":{"index":"index","follow":"follow","max-snippet":"max-snippet:-1","max-image-preview":"max-image-preview:large","max-video-preview":"max-video-preview:-1"},"canonical":"https:\/\/elrincondefehmi.com\/es\/tienda\/kilim\/kilim-turco\/kilim-seda-177x-130-cm\/","og_locale":"es_ES","og_type":"article","og_title":"Alfombras y Kilims en Madrid | El Rinc\u00f3n de Fehmi Madrid","og_description":"Kilim de seda hecho a mano. Un dise\u00f1o \u00e9tnico elegante, suave y ligero, ideal para salones y dormitorios. Solo en El Rinc\u00f3n de Fehmi.","og_url":"https:\/\/elrincondefehmi.com\/es\/tienda\/kilim\/kilim-turco\/kilim-seda-177x-130-cm\/","og_site_name":"El Rinc\u00f3n de Fehmi Madrid","article_modified_time":"2025-07-12T12:45:53+00:00","og_image":[{"width":750,"height":1050,"url":"https:\/\/elrincondefehmi.com\/es\/wp-content\/uploads\/2023\/05\/IMG_9438.jpg","type":"image\/jpeg"}],"twitter_card":"summary_large_image","schema":{"@context":"https:\/\/schema.org","@graph":[{"@type":"WebPage","@id":"https:\/\/elrincondefehmi.com\/es\/tienda\/kilim\/kilim-turco\/kilim-seda-177x-130-cm\/","url":"https:\/\/elrincondefehmi.com\/es\/tienda\/kilim\/kilim-turco\/kilim-seda-177x-130-cm\/","name":"Alfombras y Kilims en Madrid | El Rinc\u00f3n de Fehmi Madrid","isPartOf":{"@id":"https:\/\/elrincondefehmi.com\/es\/#website"},"datePublished":"2023-05-18T00:28:24+00:00","dateModified":"2025-07-12T12:45:53+00:00","description":"Kilim de seda hecho a mano. Un dise\u00f1o \u00e9tnico elegante, suave y ligero, ideal para salones y dormitorios. Solo en El Rinc\u00f3n de Fehmi.","breadcrumb":{"@id":"https:\/\/elrincondefehmi.com\/es\/tienda\/kilim\/kilim-turco\/kilim-seda-177x-130-cm\/#breadcrumb"},"inLanguage":"es","potentialAction":[{"@type":"ReadAction","target":["https:\/\/elrincondefehmi.com\/es\/tienda\/kilim\/kilim-turco\/kilim-seda-177x-130-cm\/"]}]},{"@type":"BreadcrumbList","@id":"https:\/\/elrincondefehmi.com\/es\/tienda\/kilim\/kilim-turco\/kilim-seda-177x-130-cm\/#breadcrumb","itemListElement":[{"@type":"ListItem","position":1,"name":"PRODUCTOS","item":"https:\/\/elrincondefehmi.com\/es\/all-product\/"},{"@type":"ListItem","position":2,"name":"Kilim de Seda Hecho a Mano 130&#215;177 cm \u2013 Elegancia \u00c9tnica"}]},{"@type":"WebSite","@id":"https:\/\/elrincondefehmi.com\/es\/#website","url":"https:\/\/elrincondefehmi.com\/es\/","name":"El Rinc\u00f3n de Fehmi Madrid","description":"Tienda de alfombras en Madrid.  En El Rinc\u00f3n de Fehmi somos especialistas en alfombras artesanales, alfombras modernas contempor\u00e1neas kilims de Turqu\u00eda","potentialAction":[{"@type":"SearchAction","target":{"@type":"EntryPoint","urlTemplate":"https:\/\/elrincondefehmi.com\/es\/?s={search_term_string}"},"query-input":"required name=search_term_string"}],"inLanguage":"es"}]}},"_links":{"self":[{"href":"https:\/\/elrincondefehmi.com\/es\/wp-json\/wp\/v2\/product\/1044"}],"collection":[{"href":"https:\/\/elrincondefehmi.com\/es\/wp-json\/wp\/v2\/product"}],"about":[{"href":"https:\/\/elrincondefehmi.com\/es\/wp-json\/wp\/v2\/types\/product"}],"replies":[{"embeddable":true,"href":"https:\/\/elrincondefehmi.com\/es\/wp-json\/wp\/v2\/comments?post=1044"}],"wp:featuredmedia":[{"embeddable":true,"href":"https:\/\/elrincondefehmi.com\/es\/wp-json\/wp\/v2\/media\/26330"}],"wp:attachment":[{"href":"https:\/\/elrincondefehmi.com\/es\/wp-json\/wp\/v2\/media?parent=1044"}],"wp:term":[{"taxonomy":"product_cat","embeddable":true,"href":"https:\/\/elrincondefehmi.com\/es\/wp-json\/wp\/v2\/product_cat?post=1044"},{"taxonomy":"product_tag","embeddable":true,"href":"https:\/\/elrincondefehmi.com\/es\/wp-json\/wp\/v2\/product_tag?post=1044"}],"curies":[{"name":"wp","href":"https:\/\/api.w.org\/{rel}","templated":true}]}}