{"id":5,"date":"2020-12-03T12:19:05","date_gmt":"2020-12-03T12:19:05","guid":{"rendered":"http:\/\/sw-themes.com\/porto_dummy\/shop\/"},"modified":"2025-07-04T11:11:06","modified_gmt":"2025-07-04T11:11:06","slug":"shop","status":"publish","type":"page","link":"https:\/\/elrincondefehmi.com\/es\/shop\/","title":{"rendered":"Shop"},"content":{"rendered":"\t\t<div data-elementor-type=\"wp-page\" data-elementor-id=\"5\" class=\"elementor elementor-5\">\n\t\t\t\t\t\t\t\t\t<section data-particle_enable=\"false\" data-particle-mobile-disabled=\"false\" class=\"elementor-section elementor-top-section elementor-element elementor-element-858ffc2 elementor-section-boxed elementor-section-height-default elementor-section-height-default\" data-id=\"858ffc2\" data-element_type=\"section\">\r\n\t\t\r\n\t\t\t\t\t\t\t<div class=\"elementor-container elementor-column-gap-default\">\r\n\t\t\t\t\t\t\t\t\t\t\t<div class=\"elementor-column elementor-col-25 elementor-top-column elementor-element elementor-element-26c63df\" data-id=\"26c63df\" data-element_type=\"column\">\r\n\t\t\t\t\t<div class=\"elementor-widget-wrap elementor-element-populated\">\r\n\t\t\t\t\t\t\t\t<div class=\"elementor-element elementor-element-0c29be4 elementor-widget elementor-widget-image\" data-id=\"0c29be4\" data-element_type=\"widget\" data-widget_type=\"image.default\">\n\t\t\t\t<div class=\"elementor-widget-container\">\n\t\t\t<style>\/*! elementor - v3.16.0 - 09-10-2023 *\/\n.elementor-widget-image{text-align:center}.elementor-widget-image a{display:inline-block}.elementor-widget-image a img[src$=\".svg\"]{width:48px}.elementor-widget-image img{vertical-align:middle;display:inline-block}<\/style>\t\t\t\t\t\t\t\t\t\t\t\t\t<a href=\"https:\/\/elrincondefehmi.com\/es\/categoria-producto\/alfombras-turcas\/\">\n\t\t\t\t\t\t\t<img decoding=\"async\" width=\"667\" height=\"1000\" src=\"https:\/\/elrincondefehmi.com\/es\/wp-content\/uploads\/2025\/06\/HRC001_5401Lisse_3.jpg\" class=\"attachment-large size-large wp-image-26020 wp-post-image\" alt=\"alfombra cl\u00e1sica moderna gris\" srcset=\"https:\/\/elrincondefehmi.com\/es\/wp-content\/uploads\/2025\/06\/HRC001_5401Lisse_3.jpg 667w, https:\/\/elrincondefehmi.com\/es\/wp-content\/uploads\/2025\/06\/HRC001_5401Lisse_3-640x960.jpg 640w, https:\/\/elrincondefehmi.com\/es\/wp-content\/uploads\/2025\/06\/HRC001_5401Lisse_3-400x600.jpg 400w\" sizes=\"(max-width: 667px) 100vw, 667px\" \/>\t\t\t\t\t\t\t\t<\/a>\n\t\t\t\t\t\t\t\t\t\t\t\t\t\t\t<\/div>\n\t\t\t\t<\/div>\n\t\t\t\t<div class=\"elementor-element elementor-element-25e7c87 elementor-widget elementor-widget-porto_ultimate_heading\" data-id=\"25e7c87\" data-element_type=\"widget\" data-widget_type=\"porto_ultimate_heading.default\">\n\t\t\t\t<div class=\"elementor-widget-container\">\n\t\t\t<div class=\"porto-u-heading  porto-u-6363\"><div class=\"porto-u-main-heading\"><h2   >ALFOMBRAS<\/h2><\/div><style>.porto-u-6363.porto-u-heading{text-align:center}<\/style><\/div>\t\t<\/div>\n\t\t\t\t<\/div>\n\t\t\t\t\t<\/div>\r\n\t\t\t\t<\/div>\r\n\t\t\t\t<div class=\"elementor-column elementor-col-25 elementor-top-column elementor-element elementor-element-ec080df\" data-id=\"ec080df\" data-element_type=\"column\">\r\n\t\t\t\t\t<div class=\"elementor-widget-wrap elementor-element-populated\">\r\n\t\t\t\t\t\t\t\t<div class=\"elementor-element elementor-element-30d4cee elementor-widget elementor-widget-image\" data-id=\"30d4cee\" data-element_type=\"widget\" data-widget_type=\"image.default\">\n\t\t\t\t<div class=\"elementor-widget-container\">\n\t\t\t\t\t\t\t\t\t\t\t\t\t\t\t\t<a href=\"https:\/\/elrincondefehmi.com\/es\/categoria-producto\/kilim\/\">\n\t\t\t\t\t\t\t<img decoding=\"async\" width=\"667\" height=\"1000\" src=\"https:\/\/elrincondefehmi.com\/es\/wp-content\/uploads\/2025\/07\/FGJ001_AnadoluE0529_3.jpg\" class=\"attachment-large size-large wp-image-26111 wp-post-image\" alt=\"\" srcset=\"https:\/\/elrincondefehmi.com\/es\/wp-content\/uploads\/2025\/07\/FGJ001_AnadoluE0529_3.jpg 667w, https:\/\/elrincondefehmi.com\/es\/wp-content\/uploads\/2025\/07\/FGJ001_AnadoluE0529_3-640x960.jpg 640w, https:\/\/elrincondefehmi.com\/es\/wp-content\/uploads\/2025\/07\/FGJ001_AnadoluE0529_3-400x600.jpg 400w\" sizes=\"(max-width: 667px) 100vw, 667px\" \/>\t\t\t\t\t\t\t\t<\/a>\n\t\t\t\t\t\t\t\t\t\t\t\t\t\t\t<\/div>\n\t\t\t\t<\/div>\n\t\t\t\t<div class=\"elementor-element elementor-element-55e0a6f elementor-widget elementor-widget-porto_ultimate_heading\" data-id=\"55e0a6f\" data-element_type=\"widget\" data-widget_type=\"porto_ultimate_heading.default\">\n\t\t\t\t<div class=\"elementor-widget-container\">\n\t\t\t<div class=\"porto-u-heading  porto-u-4995\"><div class=\"porto-u-main-heading\"><h2   >KILIM<\/h2><\/div><style>.porto-u-4995.porto-u-heading{text-align:center}<\/style><\/div>\t\t<\/div>\n\t\t\t\t<\/div>\n\t\t\t\t\t<\/div>\r\n\t\t\t\t<\/div>\r\n\t\t\t\t<div class=\"elementor-column elementor-col-25 elementor-top-column elementor-element elementor-element-1795ec7\" data-id=\"1795ec7\" data-element_type=\"column\">\r\n\t\t\t\t\t<div class=\"elementor-widget-wrap elementor-element-populated\">\r\n\t\t\t\t\t\t\t\t<div class=\"elementor-element elementor-element-59a827c elementor-widget elementor-widget-image\" data-id=\"59a827c\" data-element_type=\"widget\" data-widget_type=\"image.default\">\n\t\t\t\t<div class=\"elementor-widget-container\">\n\t\t\t\t\t\t\t\t\t\t\t\t\t\t\t\t<a href=\"https:\/\/elrincondefehmi.com\/es\/categoria-producto\/lamparas\/\">\n\t\t\t\t\t\t\t<img decoding=\"async\" width=\"667\" height=\"1000\" src=\"https:\/\/elrincondefehmi.com\/es\/wp-content\/uploads\/2025\/07\/lampara-arabe-multi-.jpg\" class=\"attachment-large size-large wp-image-26112 wp-post-image\" alt=\"\" srcset=\"https:\/\/elrincondefehmi.com\/es\/wp-content\/uploads\/2025\/07\/lampara-arabe-multi-.jpg 667w, https:\/\/elrincondefehmi.com\/es\/wp-content\/uploads\/2025\/07\/lampara-arabe-multi--640x960.jpg 640w, https:\/\/elrincondefehmi.com\/es\/wp-content\/uploads\/2025\/07\/lampara-arabe-multi--400x600.jpg 400w\" sizes=\"(max-width: 667px) 100vw, 667px\" \/>\t\t\t\t\t\t\t\t<\/a>\n\t\t\t\t\t\t\t\t\t\t\t\t\t\t\t<\/div>\n\t\t\t\t<\/div>\n\t\t\t\t<div class=\"elementor-element elementor-element-3307267 elementor-widget elementor-widget-porto_ultimate_heading\" data-id=\"3307267\" data-element_type=\"widget\" data-widget_type=\"porto_ultimate_heading.default\">\n\t\t\t\t<div class=\"elementor-widget-container\">\n\t\t\t<div class=\"porto-u-heading  porto-u-7642\"><div class=\"porto-u-main-heading\"><h2   >LAMPARAS TURCAS<\/h2><\/div><style>.porto-u-7642.porto-u-heading{text-align:center}<\/style><\/div>\t\t<\/div>\n\t\t\t\t<\/div>\n\t\t\t\t\t<\/div>\r\n\t\t\t\t<\/div>\r\n\t\t\t\t<div class=\"elementor-column elementor-col-25 elementor-top-column elementor-element elementor-element-5266cf5\" data-id=\"5266cf5\" data-element_type=\"column\">\r\n\t\t\t\t\t<div class=\"elementor-widget-wrap elementor-element-populated\">\r\n\t\t\t\t\t\t\t\t<div class=\"elementor-element elementor-element-b973584 elementor-widget elementor-widget-image\" data-id=\"b973584\" data-element_type=\"widget\" data-widget_type=\"image.default\">\n\t\t\t\t<div class=\"elementor-widget-container\">\n\t\t\t\t\t\t\t\t\t\t\t\t\t\t\t\t<a href=\"https:\/\/elrincondefehmi.com\/es\/categoria-producto\/ikat\/\">\n\t\t\t\t\t\t\t<img decoding=\"async\" width=\"575\" height=\"863\" src=\"https:\/\/elrincondefehmi.com\/es\/wp-content\/uploads\/2025\/07\/ikat-telas.jpg\" class=\"attachment-large size-large wp-image-26113 wp-post-image\" alt=\"\" srcset=\"https:\/\/elrincondefehmi.com\/es\/wp-content\/uploads\/2025\/07\/ikat-telas.jpg 575w, https:\/\/elrincondefehmi.com\/es\/wp-content\/uploads\/2025\/07\/ikat-telas-400x600.jpg 400w\" sizes=\"(max-width: 575px) 100vw, 575px\" \/>\t\t\t\t\t\t\t\t<\/a>\n\t\t\t\t\t\t\t\t\t\t\t\t\t\t\t<\/div>\n\t\t\t\t<\/div>\n\t\t\t\t<div class=\"elementor-element elementor-element-8eca372 elementor-widget elementor-widget-porto_ultimate_heading\" data-id=\"8eca372\" data-element_type=\"widget\" data-widget_type=\"porto_ultimate_heading.default\">\n\t\t\t\t<div class=\"elementor-widget-container\">\n\t\t\t<div class=\"porto-u-heading  porto-u-9476\"><div class=\"porto-u-main-heading\"><h2   >IKAT<\/h2><\/div><style>.porto-u-9476.porto-u-heading{text-align:center}<\/style><\/div>\t\t<\/div>\n\t\t\t\t<\/div>\n\t\t\t\t\t<\/div>\r\n\t\t\t\t<\/div>\r\n\t\t\t\t\t<\/div>\r\n\t\t\t\t<\/section>\r\n\t\t\t\t\t\t\t<\/div>\n\t\t","protected":false},"excerpt":{"rendered":"<p>ALFOMBRAS KILIM LAMPARAS TURCAS IKAT<\/p>\n","protected":false},"author":1,"featured_media":0,"parent":0,"menu_order":0,"comment_status":"closed","ping_status":"closed","template":"","meta":[],"yoast_head":"<!-- This site is optimized with the Yoast SEO plugin v21.5 - https:\/\/yoast.com\/wordpress\/plugins\/seo\/ -->\n<title>Shop | El Rinc\u00f3n de Fehmi Madrid<\/title>\n<meta name=\"robots\" content=\"index, follow, max-snippet:-1, max-image-preview:large, max-video-preview:-1\" \/>\n<link rel=\"canonical\" href=\"https:\/\/elrincondefehmi.com\/es\/shop\/\" \/>\n<meta property=\"og:locale\" content=\"es_ES\" \/>\n<meta property=\"og:type\" content=\"article\" \/>\n<meta property=\"og:title\" content=\"Shop | El Rinc\u00f3n de Fehmi Madrid\" \/>\n<meta property=\"og:description\" content=\"ALFOMBRAS KILIM LAMPARAS TURCAS IKAT\" \/>\n<meta property=\"og:url\" content=\"https:\/\/elrincondefehmi.com\/es\/shop\/\" \/>\n<meta property=\"og:site_name\" content=\"El Rinc\u00f3n de Fehmi Madrid\" \/>\n<meta property=\"article:modified_time\" content=\"2025-07-04T11:11:06+00:00\" \/>\n<meta property=\"og:image\" content=\"https:\/\/elrincondefehmi.com\/es\/wp-content\/uploads\/2025\/06\/HRC001_5401Lisse_3.jpg\" \/>\n<meta name=\"twitter:card\" content=\"summary_large_image\" \/>\n<script type=\"application\/ld+json\" class=\"yoast-schema-graph\">{\"@context\":\"https:\/\/schema.org\",\"@graph\":[{\"@type\":\"WebPage\",\"@id\":\"https:\/\/elrincondefehmi.com\/es\/shop\/\",\"url\":\"https:\/\/elrincondefehmi.com\/es\/shop\/\",\"name\":\"Shop | El Rinc\u00f3n de Fehmi Madrid\",\"isPartOf\":{\"@id\":\"https:\/\/elrincondefehmi.com\/es\/#website\"},\"datePublished\":\"2020-12-03T12:19:05+00:00\",\"dateModified\":\"2025-07-04T11:11:06+00:00\",\"inLanguage\":\"es\",\"potentialAction\":[{\"@type\":\"ReadAction\",\"target\":[\"https:\/\/elrincondefehmi.com\/es\/shop\/\"]}]},{\"@type\":\"WebSite\",\"@id\":\"https:\/\/elrincondefehmi.com\/es\/#website\",\"url\":\"https:\/\/elrincondefehmi.com\/es\/\",\"name\":\"El Rinc\u00f3n de Fehmi Madrid\",\"description\":\"Tienda de alfombras en Madrid.  En El Rinc\u00f3n de Fehmi somos especialistas en alfombras artesanales, alfombras modernas contempor\u00e1neas kilims de Turqu\u00eda\",\"potentialAction\":[{\"@type\":\"SearchAction\",\"target\":{\"@type\":\"EntryPoint\",\"urlTemplate\":\"https:\/\/elrincondefehmi.com\/es\/?s={search_term_string}\"},\"query-input\":\"required name=search_term_string\"}],\"inLanguage\":\"es\"}]}<\/script>\n<!-- \/ Yoast SEO plugin. -->","yoast_head_json":{"title":"Shop | El Rinc\u00f3n de Fehmi Madrid","robots":{"index":"index","follow":"follow","max-snippet":"max-snippet:-1","max-image-preview":"max-image-preview:large","max-video-preview":"max-video-preview:-1"},"canonical":"https:\/\/elrincondefehmi.com\/es\/shop\/","og_locale":"es_ES","og_type":"article","og_title":"Shop | El Rinc\u00f3n de Fehmi Madrid","og_description":"ALFOMBRAS KILIM LAMPARAS TURCAS IKAT","og_url":"https:\/\/elrincondefehmi.com\/es\/shop\/","og_site_name":"El Rinc\u00f3n de Fehmi Madrid","article_modified_time":"2025-07-04T11:11:06+00:00","og_image":[{"url":"https:\/\/elrincondefehmi.com\/es\/wp-content\/uploads\/2025\/06\/HRC001_5401Lisse_3.jpg"}],"twitter_card":"summary_large_image","schema":{"@context":"https:\/\/schema.org","@graph":[{"@type":"WebPage","@id":"https:\/\/elrincondefehmi.com\/es\/shop\/","url":"https:\/\/elrincondefehmi.com\/es\/shop\/","name":"Shop | El Rinc\u00f3n de Fehmi Madrid","isPartOf":{"@id":"https:\/\/elrincondefehmi.com\/es\/#website"},"datePublished":"2020-12-03T12:19:05+00:00","dateModified":"2025-07-04T11:11:06+00:00","inLanguage":"es","potentialAction":[{"@type":"ReadAction","target":["https:\/\/elrincondefehmi.com\/es\/shop\/"]}]},{"@type":"WebSite","@id":"https:\/\/elrincondefehmi.com\/es\/#website","url":"https:\/\/elrincondefehmi.com\/es\/","name":"El Rinc\u00f3n de Fehmi Madrid","description":"Tienda de alfombras en Madrid.  En El Rinc\u00f3n de Fehmi somos especialistas en alfombras artesanales, alfombras modernas contempor\u00e1neas kilims de Turqu\u00eda","potentialAction":[{"@type":"SearchAction","target":{"@type":"EntryPoint","urlTemplate":"https:\/\/elrincondefehmi.com\/es\/?s={search_term_string}"},"query-input":"required name=search_term_string"}],"inLanguage":"es"}]}},"_links":{"self":[{"href":"https:\/\/elrincondefehmi.com\/es\/wp-json\/wp\/v2\/pages\/5"}],"collection":[{"href":"https:\/\/elrincondefehmi.com\/es\/wp-json\/wp\/v2\/pages"}],"about":[{"href":"https:\/\/elrincondefehmi.com\/es\/wp-json\/wp\/v2\/types\/page"}],"author":[{"embeddable":true,"href":"https:\/\/elrincondefehmi.com\/es\/wp-json\/wp\/v2\/users\/1"}],"replies":[{"embeddable":true,"href":"https:\/\/elrincondefehmi.com\/es\/wp-json\/wp\/v2\/comments?post=5"}],"version-history":[{"count":3,"href":"https:\/\/elrincondefehmi.com\/es\/wp-json\/wp\/v2\/pages\/5\/revisions"}],"predecessor-version":[{"id":26116,"href":"https:\/\/elrincondefehmi.com\/es\/wp-json\/wp\/v2\/pages\/5\/revisions\/26116"}],"wp:attachment":[{"href":"https:\/\/elrincondefehmi.com\/es\/wp-json\/wp\/v2\/media?parent=5"}],"curies":[{"name":"wp","href":"https:\/\/api.w.org\/{rel}","templated":true}]}}