{"id":25770,"date":"2025-05-26T11:09:00","date_gmt":"2025-05-26T11:09:00","guid":{"rendered":"https:\/\/elrincondefehmi.com\/es\/?page_id=25770"},"modified":"2025-05-26T11:09:00","modified_gmt":"2025-05-26T11:09:00","slug":"politica-de-devoluciones","status":"publish","type":"page","link":"https:\/\/elrincondefehmi.com\/es\/politica-de-devoluciones\/","title":{"rendered":"POLITICA DE DEVOLUCIONES"},"content":{"rendered":"<h1><span style=\"font-size: 20px;\">Pol\u00edtica de devoluciones y cambios<\/span><\/h1>\n<p>Productos defectuosos o da\u00f1ados durante el transporte<br \/>\nSi el producto llega defectuoso o se ha da\u00f1ado durante el transporte, debe contactarnos en un plazo m\u00e1ximo de 24 horas desde la recepci\u00f3n del pedido. En ese caso, nos haremos cargo de los costes de devoluci\u00f3n y del env\u00edo de un nuevo producto sin ning\u00fan coste adicional para el cliente.<\/p>\n<p>Producto incorrecto<br \/>\nEn caso de recibir un producto diferente al solicitado, le enviaremos el producto correcto sin ning\u00fan coste adicional.<\/p>\n<p>Cambios o devoluciones por insatisfacci\u00f3n<br \/>\nSi no est\u00e1 satisfecho con su compra o desea realizar un cambio, dispone de 14 d\u00edas naturales desde la entrega del pedido para solicitarlo.<\/p>\n<p>Espa\u00f1a e Islas Baleares: Las devoluciones ser\u00e1n gratuitas.<\/p>\n<p>Otros pa\u00edses: El cliente deber\u00e1 asumir los costes de env\u00edo y gestionar el env\u00edo del producto a la direcci\u00f3n que le proporcionaremos al contactar con nosotros en madrid@elrincondefehmi.com o en el tel\u00e9fono +34 626 62 96.<\/p>\n<p>Reembolso o cambio<br \/>\nEl cliente puede elegir entre:<\/p>\n<p>Recibir el reembolso del importe pagado, o<\/p>\n<p>Cambiar el producto por otro disponible en nuestra tienda, dentro del plazo de 14 d\u00edas desde la recepci\u00f3n.<\/p>\n<p>Pasado este plazo, no se aceptar\u00e1n cambios ni devoluciones.<\/p>\n<p>Condiciones del producto a devolver<br \/>\nTodos los productos deben ser devueltos en su embalaje original y en perfecto estado.<\/p>\n","protected":false},"excerpt":{"rendered":"<p>Pol\u00edtica de devoluciones y cambios Productos defectuosos o da\u00f1ados durante el transporte Si el producto llega defectuoso o se ha da\u00f1ado durante el transporte, debe contactarnos en un plazo m\u00e1ximo de 24 horas desde laRead More<\/p>\n","protected":false},"author":2,"featured_media":0,"parent":0,"menu_order":0,"comment_status":"closed","ping_status":"closed","template":"","meta":[],"yoast_head":"<!-- This site is optimized with the Yoast SEO plugin v21.5 - https:\/\/yoast.com\/wordpress\/plugins\/seo\/ -->\n<title>POLITICA DE DEVOLUCIONES | El Rinc\u00f3n de Fehmi Madrid<\/title>\n<meta name=\"robots\" content=\"index, follow, max-snippet:-1, max-image-preview:large, max-video-preview:-1\" \/>\n<link rel=\"canonical\" href=\"https:\/\/elrincondefehmi.com\/es\/politica-de-devoluciones\/\" \/>\n<meta property=\"og:locale\" content=\"es_ES\" \/>\n<meta property=\"og:type\" content=\"article\" \/>\n<meta property=\"og:title\" content=\"POLITICA DE DEVOLUCIONES | El Rinc\u00f3n de Fehmi Madrid\" \/>\n<meta property=\"og:description\" content=\"Pol\u00edtica de devoluciones y cambios Productos defectuosos o da\u00f1ados durante el transporte Si el producto llega defectuoso o se ha da\u00f1ado durante el transporte, debe contactarnos en un plazo m\u00e1ximo de 24 horas desde laRead More\" \/>\n<meta property=\"og:url\" content=\"https:\/\/elrincondefehmi.com\/es\/politica-de-devoluciones\/\" \/>\n<meta property=\"og:site_name\" content=\"El Rinc\u00f3n de Fehmi Madrid\" \/>\n<meta name=\"twitter:card\" content=\"summary_large_image\" \/>\n<script type=\"application\/ld+json\" class=\"yoast-schema-graph\">{\"@context\":\"https:\/\/schema.org\",\"@graph\":[{\"@type\":\"WebPage\",\"@id\":\"https:\/\/elrincondefehmi.com\/es\/politica-de-devoluciones\/\",\"url\":\"https:\/\/elrincondefehmi.com\/es\/politica-de-devoluciones\/\",\"name\":\"POLITICA DE DEVOLUCIONES | El Rinc\u00f3n de Fehmi Madrid\",\"isPartOf\":{\"@id\":\"https:\/\/elrincondefehmi.com\/es\/#website\"},\"datePublished\":\"2025-05-26T11:09:00+00:00\",\"dateModified\":\"2025-05-26T11:09:00+00:00\",\"inLanguage\":\"es\",\"potentialAction\":[{\"@type\":\"ReadAction\",\"target\":[\"https:\/\/elrincondefehmi.com\/es\/politica-de-devoluciones\/\"]}]},{\"@type\":\"WebSite\",\"@id\":\"https:\/\/elrincondefehmi.com\/es\/#website\",\"url\":\"https:\/\/elrincondefehmi.com\/es\/\",\"name\":\"El Rinc\u00f3n de Fehmi Madrid\",\"description\":\"Tienda de alfombras en Madrid.  En El Rinc\u00f3n de Fehmi somos especialistas en alfombras artesanales, alfombras modernas contempor\u00e1neas kilims de Turqu\u00eda\",\"potentialAction\":[{\"@type\":\"SearchAction\",\"target\":{\"@type\":\"EntryPoint\",\"urlTemplate\":\"https:\/\/elrincondefehmi.com\/es\/?s={search_term_string}\"},\"query-input\":\"required name=search_term_string\"}],\"inLanguage\":\"es\"}]}<\/script>\n<!-- \/ Yoast SEO plugin. -->","yoast_head_json":{"title":"POLITICA DE DEVOLUCIONES | El Rinc\u00f3n de Fehmi Madrid","robots":{"index":"index","follow":"follow","max-snippet":"max-snippet:-1","max-image-preview":"max-image-preview:large","max-video-preview":"max-video-preview:-1"},"canonical":"https:\/\/elrincondefehmi.com\/es\/politica-de-devoluciones\/","og_locale":"es_ES","og_type":"article","og_title":"POLITICA DE DEVOLUCIONES | El Rinc\u00f3n de Fehmi Madrid","og_description":"Pol\u00edtica de devoluciones y cambios Productos defectuosos o da\u00f1ados durante el transporte Si el producto llega defectuoso o se ha da\u00f1ado durante el transporte, debe contactarnos en un plazo m\u00e1ximo de 24 horas desde laRead More","og_url":"https:\/\/elrincondefehmi.com\/es\/politica-de-devoluciones\/","og_site_name":"El Rinc\u00f3n de Fehmi Madrid","twitter_card":"summary_large_image","schema":{"@context":"https:\/\/schema.org","@graph":[{"@type":"WebPage","@id":"https:\/\/elrincondefehmi.com\/es\/politica-de-devoluciones\/","url":"https:\/\/elrincondefehmi.com\/es\/politica-de-devoluciones\/","name":"POLITICA DE DEVOLUCIONES | El Rinc\u00f3n de Fehmi Madrid","isPartOf":{"@id":"https:\/\/elrincondefehmi.com\/es\/#website"},"datePublished":"2025-05-26T11:09:00+00:00","dateModified":"2025-05-26T11:09:00+00:00","inLanguage":"es","potentialAction":[{"@type":"ReadAction","target":["https:\/\/elrincondefehmi.com\/es\/politica-de-devoluciones\/"]}]},{"@type":"WebSite","@id":"https:\/\/elrincondefehmi.com\/es\/#website","url":"https:\/\/elrincondefehmi.com\/es\/","name":"El Rinc\u00f3n de Fehmi Madrid","description":"Tienda de alfombras en Madrid.  En El Rinc\u00f3n de Fehmi somos especialistas en alfombras artesanales, alfombras modernas contempor\u00e1neas kilims de Turqu\u00eda","potentialAction":[{"@type":"SearchAction","target":{"@type":"EntryPoint","urlTemplate":"https:\/\/elrincondefehmi.com\/es\/?s={search_term_string}"},"query-input":"required name=search_term_string"}],"inLanguage":"es"}]}},"_links":{"self":[{"href":"https:\/\/elrincondefehmi.com\/es\/wp-json\/wp\/v2\/pages\/25770"}],"collection":[{"href":"https:\/\/elrincondefehmi.com\/es\/wp-json\/wp\/v2\/pages"}],"about":[{"href":"https:\/\/elrincondefehmi.com\/es\/wp-json\/wp\/v2\/types\/page"}],"author":[{"embeddable":true,"href":"https:\/\/elrincondefehmi.com\/es\/wp-json\/wp\/v2\/users\/2"}],"replies":[{"embeddable":true,"href":"https:\/\/elrincondefehmi.com\/es\/wp-json\/wp\/v2\/comments?post=25770"}],"version-history":[{"count":1,"href":"https:\/\/elrincondefehmi.com\/es\/wp-json\/wp\/v2\/pages\/25770\/revisions"}],"predecessor-version":[{"id":25771,"href":"https:\/\/elrincondefehmi.com\/es\/wp-json\/wp\/v2\/pages\/25770\/revisions\/25771"}],"wp:attachment":[{"href":"https:\/\/elrincondefehmi.com\/es\/wp-json\/wp\/v2\/media?parent=25770"}],"curies":[{"name":"wp","href":"https:\/\/api.w.org\/{rel}","templated":true}]}}