{"id":19994,"date":"2014-06-04T09:01:04","date_gmt":"2014-06-04T09:01:04","guid":{"rendered":"https:\/\/elrincondefehmi.k8s.optimizaclick.com\/?page_id=2335"},"modified":"2026-03-19T11:13:24","modified_gmt":"2026-03-19T11:13:24","slug":"lamparas-turcas-madrid","status":"publish","type":"page","link":"https:\/\/elrincondefehmi.com\/es\/lamparas-turcas-madrid\/","title":{"rendered":"L\u00e1mparas turcas en Madrid"},"content":{"rendered":"\t\t<div data-elementor-type=\"wp-page\" data-elementor-id=\"19994\" class=\"elementor elementor-19994\">\n\t\t\t\t\t\t\t\t\t<section data-particle_enable=\"false\" data-particle-mobile-disabled=\"false\" class=\"elementor-section elementor-top-section elementor-element elementor-element-1febb47f elementor-section-boxed elementor-section-height-default elementor-section-height-default\" data-id=\"1febb47f\" data-element_type=\"section\">\r\n\t\t\r\n\t\t\t\t\t\t\t<div class=\"elementor-container elementor-column-gap-default\">\r\n\t\t\t\t\t\t\t\t\t\t\t<div class=\"elementor-column elementor-col-100 elementor-top-column elementor-element elementor-element-5096d0a6\" data-id=\"5096d0a6\" data-element_type=\"column\">\r\n\t\t\t\t\t<div class=\"elementor-widget-wrap elementor-element-populated\">\r\n\t\t\t\t\t\t\t\t<div class=\"elementor-element elementor-element-5da5d293 elementor-widget elementor-widget-text-editor\" data-id=\"5da5d293\" data-element_type=\"widget\" data-widget_type=\"text-editor.default\">\n\t\t\t\t<div class=\"elementor-widget-container\">\n\t\t\t<style>\/*! elementor - v3.16.0 - 09-10-2023 *\/\n.elementor-widget-text-editor.elementor-drop-cap-view-stacked .elementor-drop-cap{background-color:#69727d;color:#fff}.elementor-widget-text-editor.elementor-drop-cap-view-framed .elementor-drop-cap{color:#69727d;border:3px solid;background-color:transparent}.elementor-widget-text-editor:not(.elementor-drop-cap-view-default) .elementor-drop-cap{margin-top:8px}.elementor-widget-text-editor:not(.elementor-drop-cap-view-default) .elementor-drop-cap-letter{width:1em;height:1em}.elementor-widget-text-editor .elementor-drop-cap{float:left;text-align:center;line-height:1;font-size:50px}.elementor-widget-text-editor .elementor-drop-cap-letter{display:inline-block}<\/style>\t\t\t\t<h1><strong>L\u00e1mparas turcas en Madrid<\/strong><\/h1><p style=\"text-align: justify;\">Tenemos el inventario mejor nutrido de <strong>l\u00e1mparas turcas en Madrid<\/strong> esper\u00e1ndole. Piezas artesanas fabricadas en lat\u00f3n y teselas de cristal cortadas a mano, que nosotros traemos directamente de esas tierras para proporcionar a nuestros clientes una forma muy sencilla de dar un toque especial al ambiente de su hogar.<\/p><p style=\"text-align: justify;\">El Rinc\u00f3n de Fehmi es una tienda de decoraci\u00f3n que est\u00e1 presente tanto en la capital espa\u00f1ola (en El Soho de Eur\u00f3polis) como en Estambul, por lo que nos mantenemos en contacto con el origen de nuestros productos para poder ofrecerle aut\u00e9nticas <strong>l\u00e1mparas de Turqu\u00eda en Madrid<\/strong>, de origen garantizado. Nos hemos esmerado por reunir un inventario variado, que no solo incluye dise\u00f1os de car\u00e1cter muy diverso y m\u00faltiples combinaciones coloridas, sino tambi\u00e9n l\u00e1mparas para todos los usos que requiera: de techo, de pie, de mesa, apliques\u2026 con algunos modelos de varios globos realmente deslumbrantes.<\/p><h2 style=\"text-align: justify;\">Alfombras y l\u00e1mparas turcas en Madrid<\/h2><p style=\"text-align: justify;\">Junto a nuestra secci\u00f3n de iluminaci\u00f3n, lo que m\u00e1s fama ha dado a nuestro negocio es la venta de <a title=\"Alfombras turcas en Madrid\" href=\"http:\/\/www.elrincondefehmi.com\/es\"><i><span style=\"text-decoration: underline;\">alfombras turcas en Madrid<\/span><\/i><\/a>, con un cat\u00e1logo dif\u00edcil de igualar. Alfombras convencionales, de seda, de estilo \u2018patchwork\u2019, en dise\u00f1os muy variados\u2026 y los muy demandados kilim, con una gran cantidad de modelos a disposici\u00f3n del cliente.Tambi\u00e9n trabajamos en otras parcelas de textil del hogar. \u00bfConoce el inimitable atractivo de las butacas o los cojines de ikat? Le invitamos a descubrirlos con nosotros.<\/p><p style=\"text-align: justify;\">Estaremos encantados de atenderle y asesorarle sobre los distintos productos genuinos de <b>decoraci\u00f3n turca<\/b> que ofrecemos. Seguro que con nosotros hallar\u00e1 una buena opci\u00f3n para dar un toque especial a su hogar o cualquier espacio que est\u00e9 decorando. Escoger entre nuestros magn\u00edficos tapices ser\u00e1 dif\u00edcil, pero todo un placer.<\/p><p style=\"text-align: justify;\">Le recordamos que a trav\u00e9s de nuestro sitio web puede echar un primer vistazo a muchos de los art\u00edculos que comercializamos. Empiece a hacerse una idea de los dise\u00f1os que m\u00e1s le interesan y no deje de visitarnos para apreciar su calidad en persona. Hacemos posible comprar <a title=\"Alfombras econ\u00f3micas en Madrid\" href=\"https:\/\/elrincondefehmi.com\/es\/categoria-producto\/alfombras-turcas\/alfombras-modernas\/\"><i><span style=\"text-decoration: underline;\">alfombras econ\u00f3micas en Madrid<\/span><\/i><\/a> con toda confianza.<\/p>\t\t\t\t\t\t<\/div>\n\t\t\t\t<\/div>\n\t\t\t\t\t<\/div>\r\n\t\t\t\t<\/div>\r\n\t\t\t\t\t<\/div>\r\n\t\t\t\t<\/section>\r\n\t\t\t\t\t\t\t<\/div>\n\t\t","protected":false},"excerpt":{"rendered":"<p>L\u00e1mparas turcas en Madrid Tenemos el inventario mejor nutrido de l\u00e1mparas turcas en Madrid esper\u00e1ndole. Piezas artesanas fabricadas en lat\u00f3n y teselas de cristal cortadas a mano, que nosotros traemos directamente de esas tierras paraRead More<\/p>\n","protected":false},"author":1,"featured_media":0,"parent":0,"menu_order":0,"comment_status":"closed","ping_status":"closed","template":"","meta":[],"yoast_head":"<!-- This site is optimized with the Yoast SEO plugin v21.5 - https:\/\/yoast.com\/wordpress\/plugins\/seo\/ -->\n<title>L\u00e1mparas turcas en Madrid | El Rinc\u00f3n de Fehmi Madrid<\/title>\n<meta name=\"description\" content=\"Tenemos L\u00e1mparas turcas en Madrid y alfombras llegadas directamente de Estambul. Adem\u00e1s, te asesoramos sin ning\u00fan compromiso. \u00a1Visita nuestra tienda!\" \/>\n<meta name=\"robots\" content=\"index, follow, max-snippet:-1, max-image-preview:large, max-video-preview:-1\" \/>\n<link rel=\"canonical\" href=\"https:\/\/elrincondefehmi.com\/es\/lamparas-turcas-madrid\/\" \/>\n<meta property=\"og:locale\" content=\"es_ES\" \/>\n<meta property=\"og:type\" content=\"article\" \/>\n<meta property=\"og:title\" content=\"L\u00e1mparas turcas en Madrid | El Rinc\u00f3n de Fehmi Madrid\" \/>\n<meta property=\"og:description\" content=\"Tenemos L\u00e1mparas turcas en Madrid y alfombras llegadas directamente de Estambul. Adem\u00e1s, te asesoramos sin ning\u00fan compromiso. \u00a1Visita nuestra tienda!\" \/>\n<meta property=\"og:url\" content=\"https:\/\/elrincondefehmi.com\/es\/lamparas-turcas-madrid\/\" \/>\n<meta property=\"og:site_name\" content=\"El Rinc\u00f3n de Fehmi Madrid\" \/>\n<meta property=\"article:modified_time\" content=\"2026-03-19T11:13:24+00:00\" \/>\n<meta name=\"twitter:card\" content=\"summary_large_image\" \/>\n<script type=\"application\/ld+json\" class=\"yoast-schema-graph\">{\"@context\":\"https:\/\/schema.org\",\"@graph\":[{\"@type\":\"WebPage\",\"@id\":\"https:\/\/elrincondefehmi.com\/es\/lamparas-turcas-madrid\/\",\"url\":\"https:\/\/elrincondefehmi.com\/es\/lamparas-turcas-madrid\/\",\"name\":\"L\u00e1mparas turcas en Madrid | El Rinc\u00f3n de Fehmi Madrid\",\"isPartOf\":{\"@id\":\"https:\/\/elrincondefehmi.com\/es\/#website\"},\"datePublished\":\"2014-06-04T09:01:04+00:00\",\"dateModified\":\"2026-03-19T11:13:24+00:00\",\"description\":\"Tenemos L\u00e1mparas turcas en Madrid y alfombras llegadas directamente de Estambul. Adem\u00e1s, te asesoramos sin ning\u00fan compromiso. \u00a1Visita nuestra tienda!\",\"inLanguage\":\"es\",\"potentialAction\":[{\"@type\":\"ReadAction\",\"target\":[\"https:\/\/elrincondefehmi.com\/es\/lamparas-turcas-madrid\/\"]}]},{\"@type\":\"WebSite\",\"@id\":\"https:\/\/elrincondefehmi.com\/es\/#website\",\"url\":\"https:\/\/elrincondefehmi.com\/es\/\",\"name\":\"El Rinc\u00f3n de Fehmi Madrid\",\"description\":\"Tienda de alfombras en Madrid.  En El Rinc\u00f3n de Fehmi somos especialistas en alfombras artesanales, alfombras modernas contempor\u00e1neas kilims de Turqu\u00eda\",\"potentialAction\":[{\"@type\":\"SearchAction\",\"target\":{\"@type\":\"EntryPoint\",\"urlTemplate\":\"https:\/\/elrincondefehmi.com\/es\/?s={search_term_string}\"},\"query-input\":\"required name=search_term_string\"}],\"inLanguage\":\"es\"}]}<\/script>\n<!-- \/ Yoast SEO plugin. -->","yoast_head_json":{"title":"L\u00e1mparas turcas en Madrid | El Rinc\u00f3n de Fehmi Madrid","description":"Tenemos L\u00e1mparas turcas en Madrid y alfombras llegadas directamente de Estambul. Adem\u00e1s, te asesoramos sin ning\u00fan compromiso. \u00a1Visita nuestra tienda!","robots":{"index":"index","follow":"follow","max-snippet":"max-snippet:-1","max-image-preview":"max-image-preview:large","max-video-preview":"max-video-preview:-1"},"canonical":"https:\/\/elrincondefehmi.com\/es\/lamparas-turcas-madrid\/","og_locale":"es_ES","og_type":"article","og_title":"L\u00e1mparas turcas en Madrid | El Rinc\u00f3n de Fehmi Madrid","og_description":"Tenemos L\u00e1mparas turcas en Madrid y alfombras llegadas directamente de Estambul. Adem\u00e1s, te asesoramos sin ning\u00fan compromiso. \u00a1Visita nuestra tienda!","og_url":"https:\/\/elrincondefehmi.com\/es\/lamparas-turcas-madrid\/","og_site_name":"El Rinc\u00f3n de Fehmi Madrid","article_modified_time":"2026-03-19T11:13:24+00:00","twitter_card":"summary_large_image","schema":{"@context":"https:\/\/schema.org","@graph":[{"@type":"WebPage","@id":"https:\/\/elrincondefehmi.com\/es\/lamparas-turcas-madrid\/","url":"https:\/\/elrincondefehmi.com\/es\/lamparas-turcas-madrid\/","name":"L\u00e1mparas turcas en Madrid | El Rinc\u00f3n de Fehmi Madrid","isPartOf":{"@id":"https:\/\/elrincondefehmi.com\/es\/#website"},"datePublished":"2014-06-04T09:01:04+00:00","dateModified":"2026-03-19T11:13:24+00:00","description":"Tenemos L\u00e1mparas turcas en Madrid y alfombras llegadas directamente de Estambul. Adem\u00e1s, te asesoramos sin ning\u00fan compromiso. \u00a1Visita nuestra tienda!","inLanguage":"es","potentialAction":[{"@type":"ReadAction","target":["https:\/\/elrincondefehmi.com\/es\/lamparas-turcas-madrid\/"]}]},{"@type":"WebSite","@id":"https:\/\/elrincondefehmi.com\/es\/#website","url":"https:\/\/elrincondefehmi.com\/es\/","name":"El Rinc\u00f3n de Fehmi Madrid","description":"Tienda de alfombras en Madrid.  En El Rinc\u00f3n de Fehmi somos especialistas en alfombras artesanales, alfombras modernas contempor\u00e1neas kilims de Turqu\u00eda","potentialAction":[{"@type":"SearchAction","target":{"@type":"EntryPoint","urlTemplate":"https:\/\/elrincondefehmi.com\/es\/?s={search_term_string}"},"query-input":"required name=search_term_string"}],"inLanguage":"es"}]}},"_links":{"self":[{"href":"https:\/\/elrincondefehmi.com\/es\/wp-json\/wp\/v2\/pages\/19994"}],"collection":[{"href":"https:\/\/elrincondefehmi.com\/es\/wp-json\/wp\/v2\/pages"}],"about":[{"href":"https:\/\/elrincondefehmi.com\/es\/wp-json\/wp\/v2\/types\/page"}],"author":[{"embeddable":true,"href":"https:\/\/elrincondefehmi.com\/es\/wp-json\/wp\/v2\/users\/1"}],"replies":[{"embeddable":true,"href":"https:\/\/elrincondefehmi.com\/es\/wp-json\/wp\/v2\/comments?post=19994"}],"version-history":[{"count":6,"href":"https:\/\/elrincondefehmi.com\/es\/wp-json\/wp\/v2\/pages\/19994\/revisions"}],"predecessor-version":[{"id":26660,"href":"https:\/\/elrincondefehmi.com\/es\/wp-json\/wp\/v2\/pages\/19994\/revisions\/26660"}],"wp:attachment":[{"href":"https:\/\/elrincondefehmi.com\/es\/wp-json\/wp\/v2\/media?parent=19994"}],"curies":[{"name":"wp","href":"https:\/\/api.w.org\/{rel}","templated":true}]}}