{"id":19992,"date":"2014-06-04T08:42:36","date_gmt":"2014-06-04T07:42:36","guid":{"rendered":"https:\/\/elrincondefehmi.k8s.optimizaclick.com\/?page_id=2320"},"modified":"2026-03-19T11:06:51","modified_gmt":"2026-03-19T11:06:51","slug":"alfombras-turcas-madrid","status":"publish","type":"page","link":"https:\/\/elrincondefehmi.com\/es\/alfombras-turcas-madrid\/","title":{"rendered":"Comprar Alfombras turcas en Madrid"},"content":{"rendered":"<h1><strong>Comprar Alfombras turcas en Madrid<\/strong><\/h1>\n<p style=\"text-align: justify;\">\u00bfD\u00f3nde comprar <strong><a href=\"http:\/\/www.elrincondefehmi.com\/es\">alfombras turcas<\/a> en Madrid<\/strong>? En ning\u00fan sitio mejor que en El Rinc\u00f3n de Fehmi: somos una tienda que tambi\u00e9n est\u00e1 presente en Estambul, por lo que directamente del coraz\u00f3n de Turqu\u00eda traemos a Madrid los tapices m\u00e1s atractivos y genuinos, manteniendo una apuesta por los precios ajustados que nos convierte en la mejor opci\u00f3n para comprar alfombras de origen certificado en la capital de Espa\u00f1a.<\/p>\n<p style=\"text-align: justify;\">Venga a conocer nuestra tienda en Las Rozas para comprar alfombras turcas en Madrid o, si lo prefiere, explore ahora lo mejor de nuestro inventario a trav\u00e9s de nuestro sitio web. Contamos con una gran variedad de alfombras en la que tratamos de recoger las varias tradiciones en torno a estos tejidos que se dan en Turqu\u00eda. Aqu\u00ed tiene el lugar ideal para comprar <a title=\"Alfombras kilim en Madrid\" href=\"https:\/\/elrincondefehmi.com\/es\/categoria-producto\/alfombras-turcas\/\"><i>alfombras kilim en Madrid<\/i><\/a>, modelos ligeros y vers\u00e1tiles que le permiten a\u00f1adir un toque de Oriente a cualquier suelo e incluso pared de su casa. No dejemos de lado otras categor\u00edas que trabajamos con \u00e9xito, como las alfombras de seda, las monocromas o las de nuevo dise\u00f1o.\u00a0Adem\u00e1s, nos hemos adentrado en otras categor\u00edas, poniendo a su alcance sorprendentes bolsos de piel o cojines con dise\u00f1os de ikat.<\/p>\n<h2 style=\"text-align: justify;\">Aut\u00e9nticas alfombras turcas en Madrid<\/h2>\n<p style=\"text-align: justify;\">La variedad y calidad de nuestro cat\u00e1logo garantizan que somos la <strong>tienda de alfombras de Turqu\u00eda<\/strong> que est\u00e1 buscando, donde hallar\u00e1 la pieza central que le falta para una estancia o el complemento perfecto a su decoraci\u00f3n. Pero no solo eso, sino que nuestro esmero por contar con proveedores de confianza nos permite asegurarle que de nuestra tienda se llevar\u00e1 un tapiz duradero, que mantendr\u00e1 por mucho tiempo su forma y su color inalterados.<\/p>\n<p style=\"text-align: justify;\">En El Rinc\u00f3n de Fehmi demostramos cada d\u00eda que es posible ofrecer <a title=\"Alfombras baratas en Madrid\" href=\"https:\/\/elrincondefehmi.com\/es\/categoria-producto\/alfombras-turcas\/alfombras-clasicas\/\"><i>alfombras econ\u00f3micas en Madrid<\/i><\/a>\u00a0dentro de los mayores est\u00e1ndares de calidad. Las mismas alfombras de los mejores mercados tradicionales, junto a una selecci\u00f3n de <strong>l\u00e1mparas turcas<\/strong>, bolsos y anillos que tambi\u00e9n pueden trasladarle por unos instantes al Gran Bazar, sin olvidar nuestra secci\u00f3n de textil del hogar, que incluye tejidos de ikat en cojines o sillas. Vis\u00edtenos y compru\u00e9belo usted mismo.<\/p>\n<h2>Spain<\/h2>\n<style>.porto-u-3865.porto-u-heading{text-align:left}<\/style>\n<p>El Soho de Eur\u00f3polis, C. M\u00f3naco, 29, Bajo, 28232 Las Rozas de Madrid, Madrid, Spain<\/p>\n<p style=\"text-align: left;\"><a href=\"tel:+34916266296\">+34 916 266 296 \/ <\/a><a href=\"tel:0034629754267\">00 34 629 754 267<\/a><\/p>\n<p style=\"text-align: left;\">madrid<a href=\"mailto:madrid@elrincondefehmi.com\">@elrincondefehmi.com<\/a><\/p>\n","protected":false},"excerpt":{"rendered":"<p>Comprar Alfombras turcas en Madrid \u00bfD\u00f3nde comprar alfombras turcas en Madrid? En ning\u00fan sitio mejor que en El Rinc\u00f3n de Fehmi: somos una tienda que tambi\u00e9n est\u00e1 presente en Estambul, por lo que directamente delRead More<\/p>\n","protected":false},"author":1,"featured_media":23038,"parent":0,"menu_order":0,"comment_status":"closed","ping_status":"closed","template":"","meta":[],"yoast_head":"<!-- This site is optimized with the Yoast SEO plugin v21.5 - https:\/\/yoast.com\/wordpress\/plugins\/seo\/ -->\n<title>Comprar Alfombras turcas en Madrid | El Rinc\u00f3n de Fehmi Madrid<\/title>\n<meta name=\"description\" content=\"Comprar Alfombras turcas en Madrid. \u00bfD\u00f3nde encontrar alfombras turcas en Madrid? En ning\u00fan sitio mejor que en El Rinc\u00f3n de Fehmi\" \/>\n<meta name=\"robots\" content=\"index, follow, max-snippet:-1, max-image-preview:large, max-video-preview:-1\" \/>\n<link rel=\"canonical\" href=\"https:\/\/elrincondefehmi.com\/es\/alfombras-turcas-madrid\/\" \/>\n<meta property=\"og:locale\" content=\"es_ES\" \/>\n<meta property=\"og:type\" content=\"article\" \/>\n<meta property=\"og:title\" content=\"Comprar Alfombras turcas en Madrid | El Rinc\u00f3n de Fehmi Madrid\" \/>\n<meta property=\"og:description\" content=\"Comprar Alfombras turcas en Madrid. \u00bfD\u00f3nde encontrar alfombras turcas en Madrid? En ning\u00fan sitio mejor que en El Rinc\u00f3n de Fehmi\" \/>\n<meta property=\"og:url\" content=\"https:\/\/elrincondefehmi.com\/es\/alfombras-turcas-madrid\/\" \/>\n<meta property=\"og:site_name\" content=\"El Rinc\u00f3n de Fehmi Madrid\" \/>\n<meta property=\"article:modified_time\" content=\"2026-03-19T11:06:51+00:00\" \/>\n<meta property=\"og:image\" content=\"https:\/\/elrincondefehmi.com\/es\/wp-content\/uploads\/2023\/12\/El-Rincon-de-Fehmi-Kilim.jpg\" \/>\n\t<meta property=\"og:image:width\" content=\"1200\" \/>\n\t<meta property=\"og:image:height\" content=\"800\" \/>\n\t<meta property=\"og:image:type\" content=\"image\/jpeg\" \/>\n<meta name=\"twitter:card\" content=\"summary_large_image\" \/>\n<script type=\"application\/ld+json\" class=\"yoast-schema-graph\">{\"@context\":\"https:\/\/schema.org\",\"@graph\":[{\"@type\":\"WebPage\",\"@id\":\"https:\/\/elrincondefehmi.com\/es\/alfombras-turcas-madrid\/\",\"url\":\"https:\/\/elrincondefehmi.com\/es\/alfombras-turcas-madrid\/\",\"name\":\"Comprar Alfombras turcas en Madrid | El Rinc\u00f3n de Fehmi Madrid\",\"isPartOf\":{\"@id\":\"https:\/\/elrincondefehmi.com\/es\/#website\"},\"datePublished\":\"2014-06-04T07:42:36+00:00\",\"dateModified\":\"2026-03-19T11:06:51+00:00\",\"description\":\"Comprar Alfombras turcas en Madrid. \u00bfD\u00f3nde encontrar alfombras turcas en Madrid? En ning\u00fan sitio mejor que en El Rinc\u00f3n de Fehmi\",\"inLanguage\":\"es\",\"potentialAction\":[{\"@type\":\"ReadAction\",\"target\":[\"https:\/\/elrincondefehmi.com\/es\/alfombras-turcas-madrid\/\"]}]},{\"@type\":\"WebSite\",\"@id\":\"https:\/\/elrincondefehmi.com\/es\/#website\",\"url\":\"https:\/\/elrincondefehmi.com\/es\/\",\"name\":\"El Rinc\u00f3n de Fehmi Madrid\",\"description\":\"Tienda de alfombras en Madrid.  En El Rinc\u00f3n de Fehmi somos especialistas en alfombras artesanales, alfombras modernas contempor\u00e1neas kilims de Turqu\u00eda\",\"potentialAction\":[{\"@type\":\"SearchAction\",\"target\":{\"@type\":\"EntryPoint\",\"urlTemplate\":\"https:\/\/elrincondefehmi.com\/es\/?s={search_term_string}\"},\"query-input\":\"required name=search_term_string\"}],\"inLanguage\":\"es\"}]}<\/script>\n<!-- \/ Yoast SEO plugin. -->","yoast_head_json":{"title":"Comprar Alfombras turcas en Madrid | El Rinc\u00f3n de Fehmi Madrid","description":"Comprar Alfombras turcas en Madrid. \u00bfD\u00f3nde encontrar alfombras turcas en Madrid? En ning\u00fan sitio mejor que en El Rinc\u00f3n de Fehmi","robots":{"index":"index","follow":"follow","max-snippet":"max-snippet:-1","max-image-preview":"max-image-preview:large","max-video-preview":"max-video-preview:-1"},"canonical":"https:\/\/elrincondefehmi.com\/es\/alfombras-turcas-madrid\/","og_locale":"es_ES","og_type":"article","og_title":"Comprar Alfombras turcas en Madrid | El Rinc\u00f3n de Fehmi Madrid","og_description":"Comprar Alfombras turcas en Madrid. \u00bfD\u00f3nde encontrar alfombras turcas en Madrid? En ning\u00fan sitio mejor que en El Rinc\u00f3n de Fehmi","og_url":"https:\/\/elrincondefehmi.com\/es\/alfombras-turcas-madrid\/","og_site_name":"El Rinc\u00f3n de Fehmi Madrid","article_modified_time":"2026-03-19T11:06:51+00:00","og_image":[{"width":1200,"height":800,"url":"https:\/\/elrincondefehmi.com\/es\/wp-content\/uploads\/2023\/12\/El-Rincon-de-Fehmi-Kilim.jpg","type":"image\/jpeg"}],"twitter_card":"summary_large_image","schema":{"@context":"https:\/\/schema.org","@graph":[{"@type":"WebPage","@id":"https:\/\/elrincondefehmi.com\/es\/alfombras-turcas-madrid\/","url":"https:\/\/elrincondefehmi.com\/es\/alfombras-turcas-madrid\/","name":"Comprar Alfombras turcas en Madrid | El Rinc\u00f3n de Fehmi Madrid","isPartOf":{"@id":"https:\/\/elrincondefehmi.com\/es\/#website"},"datePublished":"2014-06-04T07:42:36+00:00","dateModified":"2026-03-19T11:06:51+00:00","description":"Comprar Alfombras turcas en Madrid. \u00bfD\u00f3nde encontrar alfombras turcas en Madrid? En ning\u00fan sitio mejor que en El Rinc\u00f3n de Fehmi","inLanguage":"es","potentialAction":[{"@type":"ReadAction","target":["https:\/\/elrincondefehmi.com\/es\/alfombras-turcas-madrid\/"]}]},{"@type":"WebSite","@id":"https:\/\/elrincondefehmi.com\/es\/#website","url":"https:\/\/elrincondefehmi.com\/es\/","name":"El Rinc\u00f3n de Fehmi Madrid","description":"Tienda de alfombras en Madrid.  En El Rinc\u00f3n de Fehmi somos especialistas en alfombras artesanales, alfombras modernas contempor\u00e1neas kilims de Turqu\u00eda","potentialAction":[{"@type":"SearchAction","target":{"@type":"EntryPoint","urlTemplate":"https:\/\/elrincondefehmi.com\/es\/?s={search_term_string}"},"query-input":"required name=search_term_string"}],"inLanguage":"es"}]}},"_links":{"self":[{"href":"https:\/\/elrincondefehmi.com\/es\/wp-json\/wp\/v2\/pages\/19992"}],"collection":[{"href":"https:\/\/elrincondefehmi.com\/es\/wp-json\/wp\/v2\/pages"}],"about":[{"href":"https:\/\/elrincondefehmi.com\/es\/wp-json\/wp\/v2\/types\/page"}],"author":[{"embeddable":true,"href":"https:\/\/elrincondefehmi.com\/es\/wp-json\/wp\/v2\/users\/1"}],"replies":[{"embeddable":true,"href":"https:\/\/elrincondefehmi.com\/es\/wp-json\/wp\/v2\/comments?post=19992"}],"version-history":[{"count":11,"href":"https:\/\/elrincondefehmi.com\/es\/wp-json\/wp\/v2\/pages\/19992\/revisions"}],"predecessor-version":[{"id":26655,"href":"https:\/\/elrincondefehmi.com\/es\/wp-json\/wp\/v2\/pages\/19992\/revisions\/26655"}],"wp:featuredmedia":[{"embeddable":true,"href":"https:\/\/elrincondefehmi.com\/es\/wp-json\/wp\/v2\/media\/23038"}],"wp:attachment":[{"href":"https:\/\/elrincondefehmi.com\/es\/wp-json\/wp\/v2\/media?parent=19992"}],"curies":[{"name":"wp","href":"https:\/\/api.w.org\/{rel}","templated":true}]}}