{"id":19990,"date":"2013-12-16T10:33:08","date_gmt":"2013-12-16T10:33:08","guid":{"rendered":"https:\/\/elrincondefehmi.k8s.optimizaclick.com\/?page_id=931"},"modified":"2025-06-27T15:25:44","modified_gmt":"2025-06-27T15:25:44","slug":"limpieza-y-restauracion-de-alfombras","status":"publish","type":"page","link":"https:\/\/elrincondefehmi.com\/es\/limpieza-y-restauracion-de-alfombras\/","title":{"rendered":"Limpieza y restauraci\u00f3n de alfombras"},"content":{"rendered":"<p>Como especialistas en <a href=\"https:\/\/elrincondefehmi.com\/es\/categoria-producto\/alfombras-turcas\/\">alfombras turcas<\/a> recomendamos realizar un mantenimiento anual para preservar su belleza y durabilidad. Dado su car\u00e1cter artesanal y el potencial de revalorizaci\u00f3n con el tiempo, en El Rinc\u00f3n de Fehmi sugerimos una limpieza anual para mantener las alfombras turcas en \u00f3ptimas condiciones.<\/p>\n<h2>Limpieza de alfombras en Madrid<\/h2>\n<p>En El Rinc\u00f3n de Fehmi, realizamos limpieza de alfombras en Madrid, adapt\u00e1ndonos a las caracter\u00edsticas de cada tipo de alfombra. Ofrecemos un servicio especializado que cuida tanto alfombras delicadas como alfombras de seda y alfombras de algod\u00f3n, garantizando la preservaci\u00f3n de sus fibras y colores.<\/p>\n<p>Nuestra<strong> limpieza se realiza de forma manual<\/strong>, utilizando t\u00e9cnicas suaves y productos espec\u00edficos para cada material, lo que asegura la durabilidad y el mantenimiento de su aspecto original. Tambi\u00e9n limpiamos alfombras kilim, alfombras turcas y cualquier otro tipo, restaurando su belleza y protegiendo su estructura. \u00a1<a href=\"https:\/\/elrincondefehmi.com\/es\/comunicacion\/\">Cont\u00e1ctanos<\/a> para m\u00e1s informaci\u00f3n!<\/p>\n<h2>Restauraci\u00f3n de alfombras<\/h2>\n<p>Ofrecemos restauraci\u00f3n de alfombras en Madrid para todo tipo de alfombras: kilims (antiguos o nuevos), turcas, de lana, algod\u00f3n y m\u00e1s. Como expertos en alfombras turcas, tenemos amplia experiencia restaurando piezas artesanales. Damos soluci\u00f3n a cualquier rotura en la alfombra:<\/p>\n<ul>\n<li><strong>Agujeros<\/strong>: Reparaci\u00f3n de alfombras con agujeros, devolviendo su aspecto original.<\/li>\n<li><strong>Alfombras quemadas<\/strong>: Restauraci\u00f3n de da\u00f1os por quemaduras, recuperando textura y color.<\/li>\n<li><strong>Alfombras peladas<\/strong>: Reparaci\u00f3n de \u00e1reas desgastadas, restaurando su brillo y suavidad.<\/li>\n<li><strong>Alfombras apolilladas<\/strong>: Tratamiento de alfombras afectadas por insectos, preservando su valor y funcionalidad.<\/li>\n<\/ul>\n<h3>Reparaci\u00f3n de alfombras turcas, de lana, de algod\u00f3n o cualquier tejido<\/h3>\n<p>Somos especialistas en la <strong>reparaci\u00f3n de alfombras<\/strong>, cuidando cada detalle para mantener su autenticidad y belleza artesanal. \u00a1<a href=\"https:\/\/elrincondefehmi.com\/es\/comunicacion\/\">Cont\u00e1ctanos<\/a> para m\u00e1s informaci\u00f3n!<\/p>\n","protected":false},"excerpt":{"rendered":"<p>Como especialistas en alfombras turcas recomendamos realizar un mantenimiento anual para preservar su belleza y durabilidad. Dado su car\u00e1cter artesanal y el potencial de revalorizaci\u00f3n con el tiempo, en El Rinc\u00f3n de Fehmi sugerimos unaRead More<\/p>\n","protected":false},"author":1,"featured_media":0,"parent":0,"menu_order":0,"comment_status":"closed","ping_status":"closed","template":"","meta":[],"yoast_head":"<!-- This site is optimized with the Yoast SEO plugin v21.5 - https:\/\/yoast.com\/wordpress\/plugins\/seo\/ -->\n<title>Restauraci\u00f3n de alfombras | Limpieza de alfombras<\/title>\n<meta name=\"description\" content=\"Limpieza y restauraci\u00f3n de alfombras en Madrid. Especializados en mantenimiento de alfombras turcas. Limpiamos y restauramos todo tipo de alfombras.\" \/>\n<meta name=\"robots\" content=\"index, follow, max-snippet:-1, max-image-preview:large, max-video-preview:-1\" \/>\n<link rel=\"canonical\" href=\"https:\/\/elrincondefehmi.com\/es\/limpieza-y-restauracion-de-alfombras\/\" \/>\n<meta property=\"og:locale\" content=\"es_ES\" \/>\n<meta property=\"og:type\" content=\"article\" \/>\n<meta property=\"og:title\" content=\"Restauraci\u00f3n de alfombras | Limpieza de alfombras\" \/>\n<meta property=\"og:description\" content=\"Limpieza y restauraci\u00f3n de alfombras en Madrid. Especializados en mantenimiento de alfombras turcas. Limpiamos y restauramos todo tipo de alfombras.\" \/>\n<meta property=\"og:url\" content=\"https:\/\/elrincondefehmi.com\/es\/limpieza-y-restauracion-de-alfombras\/\" \/>\n<meta property=\"og:site_name\" content=\"El Rinc\u00f3n de Fehmi Madrid\" \/>\n<meta property=\"article:modified_time\" content=\"2025-06-27T15:25:44+00:00\" \/>\n<meta name=\"twitter:card\" content=\"summary_large_image\" \/>\n<script type=\"application\/ld+json\" class=\"yoast-schema-graph\">{\"@context\":\"https:\/\/schema.org\",\"@graph\":[{\"@type\":\"WebPage\",\"@id\":\"https:\/\/elrincondefehmi.com\/es\/limpieza-y-restauracion-de-alfombras\/\",\"url\":\"https:\/\/elrincondefehmi.com\/es\/limpieza-y-restauracion-de-alfombras\/\",\"name\":\"Restauraci\u00f3n de alfombras | Limpieza de alfombras\",\"isPartOf\":{\"@id\":\"https:\/\/elrincondefehmi.com\/es\/#website\"},\"datePublished\":\"2013-12-16T10:33:08+00:00\",\"dateModified\":\"2025-06-27T15:25:44+00:00\",\"description\":\"Limpieza y restauraci\u00f3n de alfombras en Madrid. Especializados en mantenimiento de alfombras turcas. Limpiamos y restauramos todo tipo de alfombras.\",\"inLanguage\":\"es\",\"potentialAction\":[{\"@type\":\"ReadAction\",\"target\":[\"https:\/\/elrincondefehmi.com\/es\/limpieza-y-restauracion-de-alfombras\/\"]}]},{\"@type\":\"WebSite\",\"@id\":\"https:\/\/elrincondefehmi.com\/es\/#website\",\"url\":\"https:\/\/elrincondefehmi.com\/es\/\",\"name\":\"El Rinc\u00f3n de Fehmi Madrid\",\"description\":\"Tienda de alfombras en Madrid.  En El Rinc\u00f3n de Fehmi somos especialistas en alfombras artesanales, alfombras modernas contempor\u00e1neas kilims de Turqu\u00eda\",\"potentialAction\":[{\"@type\":\"SearchAction\",\"target\":{\"@type\":\"EntryPoint\",\"urlTemplate\":\"https:\/\/elrincondefehmi.com\/es\/?s={search_term_string}\"},\"query-input\":\"required name=search_term_string\"}],\"inLanguage\":\"es\"}]}<\/script>\n<!-- \/ Yoast SEO plugin. -->","yoast_head_json":{"title":"Restauraci\u00f3n de alfombras | Limpieza de alfombras","description":"Limpieza y restauraci\u00f3n de alfombras en Madrid. Especializados en mantenimiento de alfombras turcas. Limpiamos y restauramos todo tipo de alfombras.","robots":{"index":"index","follow":"follow","max-snippet":"max-snippet:-1","max-image-preview":"max-image-preview:large","max-video-preview":"max-video-preview:-1"},"canonical":"https:\/\/elrincondefehmi.com\/es\/limpieza-y-restauracion-de-alfombras\/","og_locale":"es_ES","og_type":"article","og_title":"Restauraci\u00f3n de alfombras | Limpieza de alfombras","og_description":"Limpieza y restauraci\u00f3n de alfombras en Madrid. Especializados en mantenimiento de alfombras turcas. Limpiamos y restauramos todo tipo de alfombras.","og_url":"https:\/\/elrincondefehmi.com\/es\/limpieza-y-restauracion-de-alfombras\/","og_site_name":"El Rinc\u00f3n de Fehmi Madrid","article_modified_time":"2025-06-27T15:25:44+00:00","twitter_card":"summary_large_image","schema":{"@context":"https:\/\/schema.org","@graph":[{"@type":"WebPage","@id":"https:\/\/elrincondefehmi.com\/es\/limpieza-y-restauracion-de-alfombras\/","url":"https:\/\/elrincondefehmi.com\/es\/limpieza-y-restauracion-de-alfombras\/","name":"Restauraci\u00f3n de alfombras | Limpieza de alfombras","isPartOf":{"@id":"https:\/\/elrincondefehmi.com\/es\/#website"},"datePublished":"2013-12-16T10:33:08+00:00","dateModified":"2025-06-27T15:25:44+00:00","description":"Limpieza y restauraci\u00f3n de alfombras en Madrid. Especializados en mantenimiento de alfombras turcas. Limpiamos y restauramos todo tipo de alfombras.","inLanguage":"es","potentialAction":[{"@type":"ReadAction","target":["https:\/\/elrincondefehmi.com\/es\/limpieza-y-restauracion-de-alfombras\/"]}]},{"@type":"WebSite","@id":"https:\/\/elrincondefehmi.com\/es\/#website","url":"https:\/\/elrincondefehmi.com\/es\/","name":"El Rinc\u00f3n de Fehmi Madrid","description":"Tienda de alfombras en Madrid.  En El Rinc\u00f3n de Fehmi somos especialistas en alfombras artesanales, alfombras modernas contempor\u00e1neas kilims de Turqu\u00eda","potentialAction":[{"@type":"SearchAction","target":{"@type":"EntryPoint","urlTemplate":"https:\/\/elrincondefehmi.com\/es\/?s={search_term_string}"},"query-input":"required name=search_term_string"}],"inLanguage":"es"}]}},"_links":{"self":[{"href":"https:\/\/elrincondefehmi.com\/es\/wp-json\/wp\/v2\/pages\/19990"}],"collection":[{"href":"https:\/\/elrincondefehmi.com\/es\/wp-json\/wp\/v2\/pages"}],"about":[{"href":"https:\/\/elrincondefehmi.com\/es\/wp-json\/wp\/v2\/types\/page"}],"author":[{"embeddable":true,"href":"https:\/\/elrincondefehmi.com\/es\/wp-json\/wp\/v2\/users\/1"}],"replies":[{"embeddable":true,"href":"https:\/\/elrincondefehmi.com\/es\/wp-json\/wp\/v2\/comments?post=19990"}],"version-history":[{"count":4,"href":"https:\/\/elrincondefehmi.com\/es\/wp-json\/wp\/v2\/pages\/19990\/revisions"}],"predecessor-version":[{"id":26082,"href":"https:\/\/elrincondefehmi.com\/es\/wp-json\/wp\/v2\/pages\/19990\/revisions\/26082"}],"wp:attachment":[{"href":"https:\/\/elrincondefehmi.com\/es\/wp-json\/wp\/v2\/media?parent=19990"}],"curies":[{"name":"wp","href":"https:\/\/api.w.org\/{rel}","templated":true}]}}