{"id":19403,"date":"2023-03-25T22:11:55","date_gmt":"2023-03-25T22:11:55","guid":{"rendered":"https:\/\/elrincondefehmi.com\/?page_id=19403"},"modified":"2025-06-27T15:25:56","modified_gmt":"2025-06-27T15:25:56","slug":"modelo-comunicacion-desistimiento","status":"publish","type":"page","link":"https:\/\/elrincondefehmi.com\/es\/modelo-comunicacion-desistimiento\/","title":{"rendered":"MODELO COMUNICACI\u00d3N DESISTIMIENTO"},"content":{"rendered":"<p><strong><u>MODELO COMUNICACI\u00d3N DESISTIMIENTO\u00a0<\/u><\/strong><\/p>\n<p>&nbsp;<\/p>\n<p><strong>EL RINCON DE FEHMI ESTAMBUL S.L.U<\/strong><\/p>\n<p><strong>C\/ MONACO N\u00ba 29, 28232,<\/strong> <strong>LAS ROZAS,<\/strong> <strong>MADRID<\/strong><\/p>\n<p><strong>B86696606<\/strong><br \/>\nE-mail:\u00a0<strong>madrid@elrincondefehmi.com<\/strong><\/p>\n<p>&nbsp;<\/p>\n<p>D\u2026\u2026\u2026\u2026\u2026\u2026\u2026\u2026\u2026\u2026\u2026\u2026\u2026\u2026<\/p>\n<p>Domicilio en\u2026\u2026\u2026\u2026\u2026\u2026\u2026\u2026\u2026\u2026\u2026\u2026\u2026\u2026<\/p>\n<p>En\u00a0 \u2026\u2026\u2026\u2026\u2026.. a \u2026\u2026\u2026 de \u2026\u2026\u2026\u2026\u2026 de 20\u2026.<\/p>\n<p>Por la presente, y conforme a lo establecido en el RDL 1\/2007, Texto Refundido de la Ley General para la Defensa de los Consumidores y Usuarios y otras leyes complementarias, modificado por la Ley 3\/2014, de 27 de marzo,\u00a0 le comunico, que habiendo cumplido sus obligaciones legales de informaci\u00f3n de mi derecho de desistir del contrato, as\u00ed como de entregarme un documento para en su caso ejercitarlo, por medio del presente escrito, le informo de mi decisi\u00f3n de desistir del contrato de compra de \u2026\u2026\u2026\u2026. celebrado a distancia realizado el d\u00eda \u2026 de \u2026 de\u2026\u2026\u2026\u2026..<\/p>\n<p>Le solicito que realice a la mayor brevedad posible, y en todo caso antes de que transcurran 14 d\u00edas naturales desde que tenga conocimiento de la presente notificaci\u00f3n, la devoluci\u00f3n del importe total del precio pagado sin retenci\u00f3n de ning\u00fan tipo de gasto, que puede abonar en mi cc n\u00ba \u2026\u2026\u2026\u2026\u2026\u2026\u2026\u2026\u2026\u2026\u2026 , o en la tarjeta mediante la que realice el pago.<\/p>\n<p>Para cualquier aclaraci\u00f3n puede ponerse en contacto conmigo en el n\u00famero de tel. \u2026\u2026\u2026\u2026\u2026\u00a0 o en la direcci\u00f3n de email \u2026\u2026\u2026\u2026\u2026\u2026\u2026\u2026\u2026\u2026\u2026\u2026\u2026\u2026\u2026\u2026\u2026\u2026\u2026<\/p>\n<p>Sin otro particular, quedo a la espera de sus noticias. Atentamente,<\/p>\n<p>&nbsp;<\/p>\n<p>&nbsp;<\/p>\n<p>Firmado:<\/p>\n<p>&nbsp;<\/p>\n<p>&nbsp;<\/p>\n<p>&nbsp;<\/p>\n","protected":false},"excerpt":{"rendered":"<p>MODELO COMUNICACI\u00d3N DESISTIMIENTO\u00a0 &nbsp; EL RINCON DE FEHMI ESTAMBUL S.L.U C\/ MONACO N\u00ba 29, 28232, LAS ROZAS, MADRID B86696606 E-mail:\u00a0madrid@elrincondefehmi.com &nbsp; D\u2026\u2026\u2026\u2026\u2026\u2026\u2026\u2026\u2026\u2026\u2026\u2026\u2026\u2026 Domicilio en\u2026\u2026\u2026\u2026\u2026\u2026\u2026\u2026\u2026\u2026\u2026\u2026\u2026\u2026 En\u00a0 \u2026\u2026\u2026\u2026\u2026.. a \u2026\u2026\u2026 de \u2026\u2026\u2026\u2026\u2026 de 20\u2026. Por la presente,Read More<\/p>\n","protected":false},"author":1,"featured_media":0,"parent":0,"menu_order":0,"comment_status":"closed","ping_status":"closed","template":"","meta":[],"yoast_head":"<!-- This site is optimized with the Yoast SEO plugin v21.5 - https:\/\/yoast.com\/wordpress\/plugins\/seo\/ -->\n<title>MODELO COMUNICACI\u00d3N DESISTIMIENTO | El Rinc\u00f3n de Fehmi Madrid<\/title>\n<meta name=\"robots\" content=\"index, follow, max-snippet:-1, max-image-preview:large, max-video-preview:-1\" \/>\n<link rel=\"canonical\" href=\"https:\/\/elrincondefehmi.com\/es\/modelo-comunicacion-desistimiento\/\" \/>\n<meta property=\"og:locale\" content=\"es_ES\" \/>\n<meta property=\"og:type\" content=\"article\" \/>\n<meta property=\"og:title\" content=\"MODELO COMUNICACI\u00d3N DESISTIMIENTO | El Rinc\u00f3n de Fehmi Madrid\" \/>\n<meta property=\"og:description\" content=\"MODELO COMUNICACI\u00d3N DESISTIMIENTO\u00a0 &nbsp; EL RINCON DE FEHMI ESTAMBUL S.L.U C\/ MONACO N\u00ba 29, 28232, LAS ROZAS, MADRID B86696606 E-mail:\u00a0madrid@elrincondefehmi.com &nbsp; D\u2026\u2026\u2026\u2026\u2026\u2026\u2026\u2026\u2026\u2026\u2026\u2026\u2026\u2026 Domicilio en\u2026\u2026\u2026\u2026\u2026\u2026\u2026\u2026\u2026\u2026\u2026\u2026\u2026\u2026 En\u00a0 \u2026\u2026\u2026\u2026\u2026.. a \u2026\u2026\u2026 de \u2026\u2026\u2026\u2026\u2026 de 20\u2026. Por la presente,Read More\" \/>\n<meta property=\"og:url\" content=\"https:\/\/elrincondefehmi.com\/es\/modelo-comunicacion-desistimiento\/\" \/>\n<meta property=\"og:site_name\" content=\"El Rinc\u00f3n de Fehmi Madrid\" \/>\n<meta property=\"article:modified_time\" content=\"2025-06-27T15:25:56+00:00\" \/>\n<meta name=\"twitter:card\" content=\"summary_large_image\" \/>\n<script type=\"application\/ld+json\" class=\"yoast-schema-graph\">{\"@context\":\"https:\/\/schema.org\",\"@graph\":[{\"@type\":\"WebPage\",\"@id\":\"https:\/\/elrincondefehmi.com\/es\/modelo-comunicacion-desistimiento\/\",\"url\":\"https:\/\/elrincondefehmi.com\/es\/modelo-comunicacion-desistimiento\/\",\"name\":\"MODELO COMUNICACI\u00d3N DESISTIMIENTO | El Rinc\u00f3n de Fehmi Madrid\",\"isPartOf\":{\"@id\":\"https:\/\/elrincondefehmi.com\/es\/#website\"},\"datePublished\":\"2023-03-25T22:11:55+00:00\",\"dateModified\":\"2025-06-27T15:25:56+00:00\",\"inLanguage\":\"es\",\"potentialAction\":[{\"@type\":\"ReadAction\",\"target\":[\"https:\/\/elrincondefehmi.com\/es\/modelo-comunicacion-desistimiento\/\"]}]},{\"@type\":\"WebSite\",\"@id\":\"https:\/\/elrincondefehmi.com\/es\/#website\",\"url\":\"https:\/\/elrincondefehmi.com\/es\/\",\"name\":\"El Rinc\u00f3n de Fehmi Madrid\",\"description\":\"Tienda de alfombras en Madrid.  En El Rinc\u00f3n de Fehmi somos especialistas en alfombras artesanales, alfombras modernas contempor\u00e1neas kilims de Turqu\u00eda\",\"potentialAction\":[{\"@type\":\"SearchAction\",\"target\":{\"@type\":\"EntryPoint\",\"urlTemplate\":\"https:\/\/elrincondefehmi.com\/es\/?s={search_term_string}\"},\"query-input\":\"required name=search_term_string\"}],\"inLanguage\":\"es\"}]}<\/script>\n<!-- \/ Yoast SEO plugin. -->","yoast_head_json":{"title":"MODELO COMUNICACI\u00d3N DESISTIMIENTO | El Rinc\u00f3n de Fehmi Madrid","robots":{"index":"index","follow":"follow","max-snippet":"max-snippet:-1","max-image-preview":"max-image-preview:large","max-video-preview":"max-video-preview:-1"},"canonical":"https:\/\/elrincondefehmi.com\/es\/modelo-comunicacion-desistimiento\/","og_locale":"es_ES","og_type":"article","og_title":"MODELO COMUNICACI\u00d3N DESISTIMIENTO | El Rinc\u00f3n de Fehmi Madrid","og_description":"MODELO COMUNICACI\u00d3N DESISTIMIENTO\u00a0 &nbsp; EL RINCON DE FEHMI ESTAMBUL S.L.U C\/ MONACO N\u00ba 29, 28232, LAS ROZAS, MADRID B86696606 E-mail:\u00a0madrid@elrincondefehmi.com &nbsp; D\u2026\u2026\u2026\u2026\u2026\u2026\u2026\u2026\u2026\u2026\u2026\u2026\u2026\u2026 Domicilio en\u2026\u2026\u2026\u2026\u2026\u2026\u2026\u2026\u2026\u2026\u2026\u2026\u2026\u2026 En\u00a0 \u2026\u2026\u2026\u2026\u2026.. a \u2026\u2026\u2026 de \u2026\u2026\u2026\u2026\u2026 de 20\u2026. Por la presente,Read More","og_url":"https:\/\/elrincondefehmi.com\/es\/modelo-comunicacion-desistimiento\/","og_site_name":"El Rinc\u00f3n de Fehmi Madrid","article_modified_time":"2025-06-27T15:25:56+00:00","twitter_card":"summary_large_image","schema":{"@context":"https:\/\/schema.org","@graph":[{"@type":"WebPage","@id":"https:\/\/elrincondefehmi.com\/es\/modelo-comunicacion-desistimiento\/","url":"https:\/\/elrincondefehmi.com\/es\/modelo-comunicacion-desistimiento\/","name":"MODELO COMUNICACI\u00d3N DESISTIMIENTO | El Rinc\u00f3n de Fehmi Madrid","isPartOf":{"@id":"https:\/\/elrincondefehmi.com\/es\/#website"},"datePublished":"2023-03-25T22:11:55+00:00","dateModified":"2025-06-27T15:25:56+00:00","inLanguage":"es","potentialAction":[{"@type":"ReadAction","target":["https:\/\/elrincondefehmi.com\/es\/modelo-comunicacion-desistimiento\/"]}]},{"@type":"WebSite","@id":"https:\/\/elrincondefehmi.com\/es\/#website","url":"https:\/\/elrincondefehmi.com\/es\/","name":"El Rinc\u00f3n de Fehmi Madrid","description":"Tienda de alfombras en Madrid.  En El Rinc\u00f3n de Fehmi somos especialistas en alfombras artesanales, alfombras modernas contempor\u00e1neas kilims de Turqu\u00eda","potentialAction":[{"@type":"SearchAction","target":{"@type":"EntryPoint","urlTemplate":"https:\/\/elrincondefehmi.com\/es\/?s={search_term_string}"},"query-input":"required name=search_term_string"}],"inLanguage":"es"}]}},"_links":{"self":[{"href":"https:\/\/elrincondefehmi.com\/es\/wp-json\/wp\/v2\/pages\/19403"}],"collection":[{"href":"https:\/\/elrincondefehmi.com\/es\/wp-json\/wp\/v2\/pages"}],"about":[{"href":"https:\/\/elrincondefehmi.com\/es\/wp-json\/wp\/v2\/types\/page"}],"author":[{"embeddable":true,"href":"https:\/\/elrincondefehmi.com\/es\/wp-json\/wp\/v2\/users\/1"}],"replies":[{"embeddable":true,"href":"https:\/\/elrincondefehmi.com\/es\/wp-json\/wp\/v2\/comments?post=19403"}],"version-history":[{"count":1,"href":"https:\/\/elrincondefehmi.com\/es\/wp-json\/wp\/v2\/pages\/19403\/revisions"}],"predecessor-version":[{"id":26083,"href":"https:\/\/elrincondefehmi.com\/es\/wp-json\/wp\/v2\/pages\/19403\/revisions\/26083"}],"wp:attachment":[{"href":"https:\/\/elrincondefehmi.com\/es\/wp-json\/wp\/v2\/media?parent=19403"}],"curies":[{"name":"wp","href":"https:\/\/api.w.org\/{rel}","templated":true}]}}