{"id":15607,"date":"2023-05-21T03:57:04","date_gmt":"2023-05-21T03:57:04","guid":{"rendered":"https:\/\/elrincondefehmi.com\/es\/?page_id=15607"},"modified":"2025-03-27T09:30:41","modified_gmt":"2025-03-27T09:30:41","slug":"quienes-somos","status":"publish","type":"page","link":"https:\/\/elrincondefehmi.com\/es\/quienes-somos\/","title":{"rendered":"QUI\u00c9NES SOMOS"},"content":{"rendered":"\t\t<div data-elementor-type=\"wp-page\" data-elementor-id=\"15607\" class=\"elementor elementor-15607\">\n\t\t\t\t\t\t\t\t\t<section data-particle_enable=\"false\" data-particle-mobile-disabled=\"false\" class=\"elementor-section elementor-top-section elementor-element elementor-element-7d82f0a elementor-section-boxed elementor-section-height-default elementor-section-height-default\" data-id=\"7d82f0a\" data-element_type=\"section\">\r\n\t\t\r\n\t\t\t\t\t\t\t<div class=\"elementor-container elementor-column-gap-default\">\r\n\t\t\t\t\t\t\t\t\t\t\t<div class=\"elementor-column elementor-col-100 elementor-top-column elementor-element elementor-element-4977843\" data-id=\"4977843\" data-element_type=\"column\">\r\n\t\t\t\t\t<div class=\"elementor-widget-wrap elementor-element-populated\">\r\n\t\t\t\t\t\t\t\t<div class=\"elementor-element elementor-element-1b9e18e elementor-widget elementor-widget-porto_ultimate_heading\" data-id=\"1b9e18e\" data-element_type=\"widget\" data-widget_type=\"porto_ultimate_heading.default\">\n\t\t\t\t<div class=\"elementor-widget-container\">\n\t\t\t<div class=\"porto-u-heading  porto-u-6652\"><div class=\"porto-u-sub-heading\" style=\"\"><p><strong><span style=\"font-size: 35px;\">QUI\u00c9NES SOMOS<\/span><\/strong><\/p><h1 style=\"font-size: 20px;\">Venta de alfombras artesanales<\/h1><\/div><div class=\"porto-u-heading-spacer line_only\" style=\"height:3px;\"><span class=\"porto-u-headings-line\" style=\"border-style:solid;border-bottom-width:3px;border-color:#333333;\"><\/span><\/div><style>.porto-u-6652.porto-u-heading{text-align:left}<\/style><\/div>\t\t<\/div>\n\t\t\t\t<\/div>\n\t\t\t\t\t<\/div>\r\n\t\t\t\t<\/div>\r\n\t\t\t\t\t<\/div>\r\n\t\t\t\t<\/section>\r\n\t\t\t\t<section data-particle_enable=\"false\" data-particle-mobile-disabled=\"false\" class=\"elementor-section elementor-top-section elementor-element elementor-element-542be34 elementor-section-height-min-height elementor-section-items-stretch elementor-section-boxed elementor-section-height-default\" data-id=\"542be34\" data-element_type=\"section\">\r\n\t\t\r\n\t\t\t\t\t\t\t<div class=\"elementor-container elementor-column-gap-default\">\r\n\t\t\t\t\t\t\t\t\t\t\t<div class=\"elementor-column elementor-col-50 elementor-top-column elementor-element elementor-element-c42b9c4\" data-id=\"c42b9c4\" data-element_type=\"column\">\r\n\t\t\t\t\t<div class=\"elementor-widget-wrap elementor-element-populated\">\r\n\t\t\t\t\t\t\t\t<div class=\"elementor-element elementor-element-58f09b9 elementor-widget elementor-widget-heading\" data-id=\"58f09b9\" data-element_type=\"widget\" data-widget_type=\"heading.default\">\n\t\t\t\t<div class=\"elementor-widget-container\">\n\t\t\t<style>\/*! elementor - v3.16.0 - 09-10-2023 *\/\n.elementor-heading-title{padding:0;margin:0;line-height:1}.elementor-widget-heading .elementor-heading-title[class*=elementor-size-]>a{color:inherit;font-size:inherit;line-height:inherit}.elementor-widget-heading .elementor-heading-title.elementor-size-small{font-size:15px}.elementor-widget-heading .elementor-heading-title.elementor-size-medium{font-size:19px}.elementor-widget-heading .elementor-heading-title.elementor-size-large{font-size:29px}.elementor-widget-heading .elementor-heading-title.elementor-size-xl{font-size:39px}.elementor-widget-heading .elementor-heading-title.elementor-size-xxl{font-size:59px}<\/style><p class=\"elementor-heading-title elementor-size-default\">NOSOTROS<\/p>\t\t<\/div>\n\t\t\t\t<\/div>\n\t\t\t\t<div class=\"elementor-element elementor-element-71cacbd mb-4 elementor-invisible elementor-widget elementor-widget-heading\" data-id=\"71cacbd\" data-element_type=\"widget\" data-settings=\"{&quot;_animation&quot;:&quot;fadeInLeft&quot;,&quot;_animation_delay&quot;:&quot;200&quot;}\" data-widget_type=\"heading.default\">\n\t\t\t\t<div class=\"elementor-widget-container\">\n\t\t\t<h2 class=\"elementor-heading-title elementor-size-small\"><a href=\"https:\/\/elrincondefehmi.com\/es\/categoria-producto\/alfombras-turcas\/\">\u00a1LAS MEJORES ALFOMBRAS DE TURQU\u00cdA!  <\/a><\/h2>\t\t<\/div>\n\t\t\t\t<\/div>\n\t\t\t\t<div class=\"elementor-element elementor-element-cac141c elementor-widget elementor-widget-text-editor\" data-id=\"cac141c\" data-element_type=\"widget\" data-widget_type=\"text-editor.default\">\n\t\t\t\t<div class=\"elementor-widget-container\">\n\t\t\t<style>\/*! elementor - v3.16.0 - 09-10-2023 *\/\n.elementor-widget-text-editor.elementor-drop-cap-view-stacked .elementor-drop-cap{background-color:#69727d;color:#fff}.elementor-widget-text-editor.elementor-drop-cap-view-framed .elementor-drop-cap{color:#69727d;border:3px solid;background-color:transparent}.elementor-widget-text-editor:not(.elementor-drop-cap-view-default) .elementor-drop-cap{margin-top:8px}.elementor-widget-text-editor:not(.elementor-drop-cap-view-default) .elementor-drop-cap-letter{width:1em;height:1em}.elementor-widget-text-editor .elementor-drop-cap{float:left;text-align:center;line-height:1;font-size:50px}.elementor-widget-text-editor .elementor-drop-cap-letter{display:inline-block}<\/style>\t\t\t\t<p>El Rinc\u00f3n de Fehmi fue fundado en 1996 como una empresa familiar en Estambul. Se encuentra muy cerca de la Cisterna Bas\u00edlica, situada en el casco hist\u00f3rico de la ciudad. Como resultado de una exitosa trayectoria empresarial basada en nuestros principios y gracias a nuestros fieles clientes de gran parte del mundo, nuestra compa\u00f1\u00eda ha crecido y ha llevado a cabo su apasionante aventura empresarial desde hace m\u00e1s de 26 a\u00f1os.<\/p><p>Nos especializamos en la <strong>venta de alfombras<\/strong> de la m\u00e1s alta calidad, ofreciendo una amplia variedad de alfombras artesanales que combinan elegancia y tradici\u00f3n. Nuestra experiencia en el mercado nos permite ofrecer a nuestros clientes no solo productos excepcionales, sino tambi\u00e9n un servicio personalizado.<\/p>\t\t\t\t\t\t<\/div>\n\t\t\t\t<\/div>\n\t\t\t\t\t<\/div>\r\n\t\t\t\t<\/div>\r\n\t\t\t\t<div class=\"elementor-column elementor-col-50 elementor-top-column elementor-element elementor-element-9f74924\" data-id=\"9f74924\" data-element_type=\"column\" data-settings=\"{&quot;background_background&quot;:&quot;classic&quot;}\">\r\n\t\t\t\t\t<div class=\"elementor-widget-wrap\">\r\n\t\t\t\t\t<div class=\"elementor-background-overlay\"><\/div>\r\n\t\t\t\t\t\t\t\t\t<\/div>\r\n\t\t\t\t<\/div>\r\n\t\t\t\t\t<\/div>\r\n\t\t\t\t<\/section>\r\n\t\t\t\t<section data-particle_enable=\"false\" data-particle-mobile-disabled=\"false\" class=\"elementor-section elementor-top-section elementor-element elementor-element-2da6537 elementor-section-height-min-height elementor-section-items-stretch elementor-section-boxed elementor-section-height-default\" data-id=\"2da6537\" data-element_type=\"section\">\r\n\t\t\r\n\t\t\t\t\t\t\t<div class=\"elementor-container elementor-column-gap-default\">\r\n\t\t\t\t\t\t\t\t\t\t\t<div class=\"elementor-column elementor-col-100 elementor-top-column elementor-element elementor-element-de5229b\" data-id=\"de5229b\" data-element_type=\"column\" data-settings=\"{&quot;background_background&quot;:&quot;classic&quot;}\">\r\n\t\t\t\t\t<div class=\"elementor-widget-wrap elementor-element-populated\">\r\n\t\t\t\t\t<div class=\"elementor-background-overlay\"><\/div>\r\n\t\t\t\t\t\t\t\t<div class=\"elementor-element elementor-element-6989bef elementor-widget elementor-widget-heading\" data-id=\"6989bef\" data-element_type=\"widget\" data-widget_type=\"heading.default\">\n\t\t\t\t<div class=\"elementor-widget-container\">\n\t\t\t<h2 class=\"elementor-heading-title elementor-size-default\">Venta de alfombras por metro<\/h2>\t\t<\/div>\n\t\t\t\t<\/div>\n\t\t\t\t<div class=\"elementor-element elementor-element-32e75ad elementor-widget elementor-widget-text-editor\" data-id=\"32e75ad\" data-element_type=\"widget\" data-widget_type=\"text-editor.default\">\n\t\t\t\t<div class=\"elementor-widget-container\">\n\t\t\t\t\t\t\t<p style=\"text-align: center;\"><strong>La mayor oferta de alfombras anudadas a mano de gran calidad:<\/strong>\u00a0En el Rinc\u00f3n de Fehmi nuestro principal objetivo es ofrecer la mayor calidad del mercado al mejor precio, para que nuestros clientes queden siempre satisfechos, porque sabemos que clientes satisfechos son nuestra mejor publicidad. Para ello contamos con una amplia experiencia a lo largo de los a\u00f1os e importamos nuestro producto directamente de su pa\u00eds de origen. En nuestra amplia gama ofrecemos la mayor colecci\u00f3n de alfombras artesanales, <a href=\"https:\/\/elrincondefehmi.com\/es\/categoria-producto\/kilim\/\">Kilims<\/a>, <a href=\"https:\/\/elrincondefehmi.com\/es\/categoria-producto\/lamparas\/\">l\u00e1mparas mosaico orientales<\/a> y la mejor artesan\u00eda de Turqu\u00eda.<\/p><p style=\"text-align: center;\">Descubre nuestra amplia selecci\u00f3n de alfombras artesanales y aprovecha nuestra opci\u00f3n de venta de alfombras por metro para encontrar la pieza perfecta para tu espacio. \u00a1<a href=\"https:\/\/elrincondefehmi.com\/es\/comunicacion\/\">Cont\u00e1ctanos<\/a> hoy mismo y transforma tu hogar o negocio!<\/p>\t\t\t\t\t\t<\/div>\n\t\t\t\t<\/div>\n\t\t\t\t\t<\/div>\r\n\t\t\t\t<\/div>\r\n\t\t\t\t\t<\/div>\r\n\t\t\t\t<\/section>\r\n\t\t\t\t<section data-particle_enable=\"false\" data-particle-mobile-disabled=\"false\" class=\"elementor-section elementor-top-section elementor-element elementor-element-88c6154 elementor-section-height-min-height elementor-section-items-stretch elementor-section-boxed elementor-section-height-default\" data-id=\"88c6154\" data-element_type=\"section\">\r\n\t\t\r\n\t\t\t\t\t\t\t<div class=\"elementor-container elementor-column-gap-default\">\r\n\t\t\t\t\t\t\t\t\t\t\t<div class=\"elementor-column elementor-col-50 elementor-top-column elementor-element elementor-element-1d735a9\" data-id=\"1d735a9\" data-element_type=\"column\" data-settings=\"{&quot;background_background&quot;:&quot;classic&quot;}\">\r\n\t\t\t\t\t<div class=\"elementor-widget-wrap\">\r\n\t\t\t\t\t<div class=\"elementor-background-overlay\"><\/div>\r\n\t\t\t\t\t\t\t\t\t<\/div>\r\n\t\t\t\t<\/div>\r\n\t\t\t\t<div class=\"elementor-column elementor-col-50 elementor-top-column elementor-element elementor-element-b3af6c7\" data-id=\"b3af6c7\" data-element_type=\"column\">\r\n\t\t\t\t\t<div class=\"elementor-widget-wrap elementor-element-populated\">\r\n\t\t\t\t\t\t\t\t<div class=\"elementor-element elementor-element-fbfcef0 elementor-widget elementor-widget-text-editor\" data-id=\"fbfcef0\" data-element_type=\"widget\" data-widget_type=\"text-editor.default\">\n\t\t\t\t<div class=\"elementor-widget-container\">\n\t\t\t\t\t\t\t<p>Hoy en d\u00eda, El Rinc\u00f3n de Fehmi es conocido en diferentes pa\u00edses alrededor del mundo contando con seis tiendas en Estambul, un establecimiento en Madrid otro en Santiago de Chile y la reciente apertura de Miami en Estados Unidos.<\/p><p>\u00a1Ven a visitarnos, estaremos encantados de conocerle!<\/p>\t\t\t\t\t\t<\/div>\n\t\t\t\t<\/div>\n\t\t\t\t\t<\/div>\r\n\t\t\t\t<\/div>\r\n\t\t\t\t\t<\/div>\r\n\t\t\t\t<\/section>\r\n\t\t\t\t\t\t\t<\/div>\n\t\t","protected":false},"excerpt":{"rendered":"<p>QUI\u00c9NES SOMOS Venta de alfombras artesanales NOSOTROS \u00a1LAS MEJORES ALFOMBRAS DE TURQU\u00cdA! El Rinc\u00f3n de Fehmi fue fundado en 1996 como una empresa familiar en Estambul. Se encuentra muy cerca de la Cisterna Bas\u00edlica, situadaRead More<\/p>\n","protected":false},"author":1,"featured_media":0,"parent":0,"menu_order":0,"comment_status":"closed","ping_status":"closed","template":"","meta":[],"yoast_head":"<!-- This site is optimized with the Yoast SEO plugin v21.5 - https:\/\/yoast.com\/wordpress\/plugins\/seo\/ -->\n<title>Venta de alfombras artesanales en Madrid | El Rinc\u00f3n de Fehmi \u00ae<\/title>\n<meta name=\"description\" content=\"Venta de alfombras artesanales de todo tipo y tama\u00f1os. Tambi\u00e9n venta por metro. Encontrar\u00e1s alfombras modernas y cl\u00e1sicas anudadas a mano. \u00a1Vis\u00edtanos!\" \/>\n<meta name=\"robots\" content=\"index, follow, max-snippet:-1, max-image-preview:large, max-video-preview:-1\" \/>\n<link rel=\"canonical\" href=\"https:\/\/elrincondefehmi.com\/es\/quienes-somos\/\" \/>\n<meta property=\"og:locale\" content=\"es_ES\" \/>\n<meta property=\"og:type\" content=\"article\" \/>\n<meta property=\"og:title\" content=\"Venta de alfombras artesanales en Madrid | El Rinc\u00f3n de Fehmi \u00ae\" \/>\n<meta property=\"og:description\" content=\"Venta de alfombras artesanales de todo tipo y tama\u00f1os. Tambi\u00e9n venta por metro. Encontrar\u00e1s alfombras modernas y cl\u00e1sicas anudadas a mano. \u00a1Vis\u00edtanos!\" \/>\n<meta property=\"og:url\" content=\"https:\/\/elrincondefehmi.com\/es\/quienes-somos\/\" \/>\n<meta property=\"og:site_name\" content=\"El Rinc\u00f3n de Fehmi Madrid\" \/>\n<meta property=\"article:modified_time\" content=\"2025-03-27T09:30:41+00:00\" \/>\n<meta name=\"twitter:card\" content=\"summary_large_image\" \/>\n<script type=\"application\/ld+json\" class=\"yoast-schema-graph\">{\"@context\":\"https:\/\/schema.org\",\"@graph\":[{\"@type\":\"WebPage\",\"@id\":\"https:\/\/elrincondefehmi.com\/es\/quienes-somos\/\",\"url\":\"https:\/\/elrincondefehmi.com\/es\/quienes-somos\/\",\"name\":\"Venta de alfombras artesanales en Madrid | El Rinc\u00f3n de Fehmi \u00ae\",\"isPartOf\":{\"@id\":\"https:\/\/elrincondefehmi.com\/es\/#website\"},\"datePublished\":\"2023-05-21T03:57:04+00:00\",\"dateModified\":\"2025-03-27T09:30:41+00:00\",\"description\":\"Venta de alfombras artesanales de todo tipo y tama\u00f1os. Tambi\u00e9n venta por metro. Encontrar\u00e1s alfombras modernas y cl\u00e1sicas anudadas a mano. \u00a1Vis\u00edtanos!\",\"inLanguage\":\"es\",\"potentialAction\":[{\"@type\":\"ReadAction\",\"target\":[\"https:\/\/elrincondefehmi.com\/es\/quienes-somos\/\"]}]},{\"@type\":\"WebSite\",\"@id\":\"https:\/\/elrincondefehmi.com\/es\/#website\",\"url\":\"https:\/\/elrincondefehmi.com\/es\/\",\"name\":\"El Rinc\u00f3n de Fehmi Madrid\",\"description\":\"Tienda de alfombras en Madrid.  En El Rinc\u00f3n de Fehmi somos especialistas en alfombras artesanales, alfombras modernas contempor\u00e1neas kilims de Turqu\u00eda\",\"potentialAction\":[{\"@type\":\"SearchAction\",\"target\":{\"@type\":\"EntryPoint\",\"urlTemplate\":\"https:\/\/elrincondefehmi.com\/es\/?s={search_term_string}\"},\"query-input\":\"required name=search_term_string\"}],\"inLanguage\":\"es\"}]}<\/script>\n<!-- \/ Yoast SEO plugin. -->","yoast_head_json":{"title":"Venta de alfombras artesanales en Madrid | El Rinc\u00f3n de Fehmi \u00ae","description":"Venta de alfombras artesanales de todo tipo y tama\u00f1os. Tambi\u00e9n venta por metro. Encontrar\u00e1s alfombras modernas y cl\u00e1sicas anudadas a mano. \u00a1Vis\u00edtanos!","robots":{"index":"index","follow":"follow","max-snippet":"max-snippet:-1","max-image-preview":"max-image-preview:large","max-video-preview":"max-video-preview:-1"},"canonical":"https:\/\/elrincondefehmi.com\/es\/quienes-somos\/","og_locale":"es_ES","og_type":"article","og_title":"Venta de alfombras artesanales en Madrid | El Rinc\u00f3n de Fehmi \u00ae","og_description":"Venta de alfombras artesanales de todo tipo y tama\u00f1os. Tambi\u00e9n venta por metro. Encontrar\u00e1s alfombras modernas y cl\u00e1sicas anudadas a mano. \u00a1Vis\u00edtanos!","og_url":"https:\/\/elrincondefehmi.com\/es\/quienes-somos\/","og_site_name":"El Rinc\u00f3n de Fehmi Madrid","article_modified_time":"2025-03-27T09:30:41+00:00","twitter_card":"summary_large_image","schema":{"@context":"https:\/\/schema.org","@graph":[{"@type":"WebPage","@id":"https:\/\/elrincondefehmi.com\/es\/quienes-somos\/","url":"https:\/\/elrincondefehmi.com\/es\/quienes-somos\/","name":"Venta de alfombras artesanales en Madrid | El Rinc\u00f3n de Fehmi \u00ae","isPartOf":{"@id":"https:\/\/elrincondefehmi.com\/es\/#website"},"datePublished":"2023-05-21T03:57:04+00:00","dateModified":"2025-03-27T09:30:41+00:00","description":"Venta de alfombras artesanales de todo tipo y tama\u00f1os. Tambi\u00e9n venta por metro. Encontrar\u00e1s alfombras modernas y cl\u00e1sicas anudadas a mano. \u00a1Vis\u00edtanos!","inLanguage":"es","potentialAction":[{"@type":"ReadAction","target":["https:\/\/elrincondefehmi.com\/es\/quienes-somos\/"]}]},{"@type":"WebSite","@id":"https:\/\/elrincondefehmi.com\/es\/#website","url":"https:\/\/elrincondefehmi.com\/es\/","name":"El Rinc\u00f3n de Fehmi Madrid","description":"Tienda de alfombras en Madrid.  En El Rinc\u00f3n de Fehmi somos especialistas en alfombras artesanales, alfombras modernas contempor\u00e1neas kilims de Turqu\u00eda","potentialAction":[{"@type":"SearchAction","target":{"@type":"EntryPoint","urlTemplate":"https:\/\/elrincondefehmi.com\/es\/?s={search_term_string}"},"query-input":"required name=search_term_string"}],"inLanguage":"es"}]}},"_links":{"self":[{"href":"https:\/\/elrincondefehmi.com\/es\/wp-json\/wp\/v2\/pages\/15607"}],"collection":[{"href":"https:\/\/elrincondefehmi.com\/es\/wp-json\/wp\/v2\/pages"}],"about":[{"href":"https:\/\/elrincondefehmi.com\/es\/wp-json\/wp\/v2\/types\/page"}],"author":[{"embeddable":true,"href":"https:\/\/elrincondefehmi.com\/es\/wp-json\/wp\/v2\/users\/1"}],"replies":[{"embeddable":true,"href":"https:\/\/elrincondefehmi.com\/es\/wp-json\/wp\/v2\/comments?post=15607"}],"version-history":[{"count":15,"href":"https:\/\/elrincondefehmi.com\/es\/wp-json\/wp\/v2\/pages\/15607\/revisions"}],"predecessor-version":[{"id":25394,"href":"https:\/\/elrincondefehmi.com\/es\/wp-json\/wp\/v2\/pages\/15607\/revisions\/25394"}],"wp:attachment":[{"href":"https:\/\/elrincondefehmi.com\/es\/wp-json\/wp\/v2\/media?parent=15607"}],"curies":[{"name":"wp","href":"https:\/\/api.w.org\/{rel}","templated":true}]}}