{"id":15397,"date":"2019-12-19T16:55:04","date_gmt":"2019-12-19T16:55:04","guid":{"rendered":"https:\/\/elrincondefehmi.k8s.optimizaclick.com\/?page_id=15397"},"modified":"2025-06-27T15:24:03","modified_gmt":"2025-06-27T15:24:03","slug":"alfombras-de-pasillo-modernas-madrid","status":"publish","type":"page","link":"https:\/\/elrincondefehmi.com\/es\/alfombras-de-pasillo-modernas-madrid\/","title":{"rendered":"Alfombras de pasillo modernas Madrid"},"content":{"rendered":"\t\t<div data-elementor-type=\"wp-page\" data-elementor-id=\"15397\" class=\"elementor elementor-15397\">\n\t\t\t\t\t\t\t\t\t<section data-particle_enable=\"false\" data-particle-mobile-disabled=\"false\" class=\"elementor-section elementor-top-section elementor-element elementor-element-490de193 elementor-section-boxed elementor-section-height-default elementor-section-height-default\" data-id=\"490de193\" data-element_type=\"section\">\r\n\t\t\r\n\t\t\t\t\t\t\t<div class=\"elementor-container elementor-column-gap-default\">\r\n\t\t\t\t\t\t\t\t\t\t\t<div class=\"elementor-column elementor-col-100 elementor-top-column elementor-element elementor-element-652804be\" data-id=\"652804be\" data-element_type=\"column\">\r\n\t\t\t\t\t<div class=\"elementor-widget-wrap elementor-element-populated\">\r\n\t\t\t\t\t\t\t\t<div class=\"elementor-element elementor-element-5b893ae4 elementor-widget elementor-widget-text-editor\" data-id=\"5b893ae4\" data-element_type=\"widget\" data-widget_type=\"text-editor.default\">\n\t\t\t\t<div class=\"elementor-widget-container\">\n\t\t\t<style>\/*! elementor - v3.16.0 - 09-10-2023 *\/\n.elementor-widget-text-editor.elementor-drop-cap-view-stacked .elementor-drop-cap{background-color:#69727d;color:#fff}.elementor-widget-text-editor.elementor-drop-cap-view-framed .elementor-drop-cap{color:#69727d;border:3px solid;background-color:transparent}.elementor-widget-text-editor:not(.elementor-drop-cap-view-default) .elementor-drop-cap{margin-top:8px}.elementor-widget-text-editor:not(.elementor-drop-cap-view-default) .elementor-drop-cap-letter{width:1em;height:1em}.elementor-widget-text-editor .elementor-drop-cap{float:left;text-align:center;line-height:1;font-size:50px}.elementor-widget-text-editor .elementor-drop-cap-letter{display:inline-block}<\/style>\t\t\t\t<h1><strong>Alfombras de pasillo modernas Madrid<\/strong><\/h1><p>Si buscas <strong>alfombras de pasillo modernas en Madrid<\/strong> de calidad en el Rinc\u00f3n de Fehmi contamos con una gran variedad de modelos entre los que elegir, con diferentes colores y tama\u00f1os para asegurarnos de que siempre encuentres la que mejor se adapte al estilo de tu hogar. Trabajamos otros estilos m\u00e1s cl\u00e1sicos, Patchwork, Usak y vintage en respuesta a las tendencias y gustos de nuestros clientes.<\/p><p>La clave de nuestro \u00e9xito es la importaci\u00f3n directa desde el pa\u00eds de origen de productos en los que se utilizan la t\u00e9cnica de anudar las alfombras y la del cl\u00e1sico bordado simple que ofrecen los conocidos Kilim, por eso son muchos los clientes a nivel internacional que acuden a nuestras tiendas en Estambul, Madrid y Santiago de Chile para adquirir sus alfombras, as\u00ed como otros productos como bolsos, textiles para el hogar, l\u00e1mparas, joyer\u00eda, etc\u00e9tera. Contamos con la mayor oferta de <a href=\"https:\/\/elrincondefehmi.k8s.optimizaclick.com\/alfombras-modernas-madrid\/\"><em><u>alfombras modernas en Madrid<\/u><\/em><\/a> que puedes conocer en nuestra tienda o en la p\u00e1gina web del Rinc\u00f3n de Fehmi.<\/p><h2>Te asesoramos para encontrar las alfombras de pasillo modernas en Madrid id\u00f3neas<\/h2><p>Para encontrar una <strong>alfombra actual de pasillo en Madrid<\/strong> te ofrecemos un servicio de asesoramiento personalizado con el que te resultar\u00e1 m\u00e1s f\u00e1cil el proceso de b\u00fasqueda, adem\u00e1s de ahorrarte tiempo, puesto que disponemos de un gran equipo de profesionales expertos que est\u00e1n a tu disposici\u00f3n para atenderte de forma individualizada y mostrarte los modelos que responden a tus especificaciones.<\/p><p>Las <a href=\"https:\/\/elrincondefehmi.k8s.optimizaclick.com\/alfombras-persas-madrid\/\"><em><u>alfombras persas en Madrid<\/u><\/em><\/a> que comercializamos en el Rinc\u00f3n de Fehmi son un cl\u00e1sico muy valorado a la hora de decorar y cubrir los suelos de cualquier tipo de espacio, ya que est\u00e1n avaladas por una fama internacional muy justificada por la calidad de los materiales utilizados, la forma de hacerlas y sus dise\u00f1os que son capaces de adaptarse a cualquier estilo.<\/p>\t\t\t\t\t\t<\/div>\n\t\t\t\t<\/div>\n\t\t\t\t\t<\/div>\r\n\t\t\t\t<\/div>\r\n\t\t\t\t\t<\/div>\r\n\t\t\t\t<\/section>\r\n\t\t\t\t\t\t\t<\/div>\n\t\t","protected":false},"excerpt":{"rendered":"<p>Alfombras de pasillo modernas Madrid Si buscas alfombras de pasillo modernas en Madrid de calidad en el Rinc\u00f3n de Fehmi contamos con una gran variedad de modelos entre los que elegir, con diferentes colores yRead More<\/p>\n","protected":false},"author":1,"featured_media":0,"parent":0,"menu_order":0,"comment_status":"closed","ping_status":"closed","template":"","meta":[],"yoast_head":"<!-- This site is optimized with the Yoast SEO plugin v21.5 - https:\/\/yoast.com\/wordpress\/plugins\/seo\/ -->\n<title>Alfombras de pasillo modernas Madrid | El Rinc\u00f3n de Fehmi Madrid<\/title>\n<meta name=\"description\" content=\"\u00bfBuscas Alfombras de pasillo modernas en Madrid? En El Rinc\u00f3n de Fehmi somos especialistas. Ven a conocernos\" \/>\n<meta name=\"robots\" content=\"index, follow, max-snippet:-1, max-image-preview:large, max-video-preview:-1\" \/>\n<link rel=\"canonical\" href=\"https:\/\/elrincondefehmi.com\/es\/alfombras-de-pasillo-modernas-madrid\/\" \/>\n<meta property=\"og:locale\" content=\"es_ES\" \/>\n<meta property=\"og:type\" content=\"article\" \/>\n<meta property=\"og:title\" content=\"Alfombras de pasillo modernas Madrid | El Rinc\u00f3n de Fehmi Madrid\" \/>\n<meta property=\"og:description\" content=\"\u00bfBuscas Alfombras de pasillo modernas en Madrid? En El Rinc\u00f3n de Fehmi somos especialistas. Ven a conocernos\" \/>\n<meta property=\"og:url\" content=\"https:\/\/elrincondefehmi.com\/es\/alfombras-de-pasillo-modernas-madrid\/\" \/>\n<meta property=\"og:site_name\" content=\"El Rinc\u00f3n de Fehmi Madrid\" \/>\n<meta property=\"article:modified_time\" content=\"2025-06-27T15:24:03+00:00\" \/>\n<meta name=\"twitter:card\" content=\"summary_large_image\" \/>\n<script type=\"application\/ld+json\" class=\"yoast-schema-graph\">{\"@context\":\"https:\/\/schema.org\",\"@graph\":[{\"@type\":\"WebPage\",\"@id\":\"https:\/\/elrincondefehmi.com\/es\/alfombras-de-pasillo-modernas-madrid\/\",\"url\":\"https:\/\/elrincondefehmi.com\/es\/alfombras-de-pasillo-modernas-madrid\/\",\"name\":\"Alfombras de pasillo modernas Madrid | El Rinc\u00f3n de Fehmi Madrid\",\"isPartOf\":{\"@id\":\"https:\/\/elrincondefehmi.com\/es\/#website\"},\"datePublished\":\"2019-12-19T16:55:04+00:00\",\"dateModified\":\"2025-06-27T15:24:03+00:00\",\"description\":\"\u00bfBuscas Alfombras de pasillo modernas en Madrid? En El Rinc\u00f3n de Fehmi somos especialistas. Ven a conocernos\",\"inLanguage\":\"es\",\"potentialAction\":[{\"@type\":\"ReadAction\",\"target\":[\"https:\/\/elrincondefehmi.com\/es\/alfombras-de-pasillo-modernas-madrid\/\"]}]},{\"@type\":\"WebSite\",\"@id\":\"https:\/\/elrincondefehmi.com\/es\/#website\",\"url\":\"https:\/\/elrincondefehmi.com\/es\/\",\"name\":\"El Rinc\u00f3n de Fehmi Madrid\",\"description\":\"Tienda de alfombras en Madrid.  En El Rinc\u00f3n de Fehmi somos especialistas en alfombras artesanales, alfombras modernas contempor\u00e1neas kilims de Turqu\u00eda\",\"potentialAction\":[{\"@type\":\"SearchAction\",\"target\":{\"@type\":\"EntryPoint\",\"urlTemplate\":\"https:\/\/elrincondefehmi.com\/es\/?s={search_term_string}\"},\"query-input\":\"required name=search_term_string\"}],\"inLanguage\":\"es\"}]}<\/script>\n<!-- \/ Yoast SEO plugin. -->","yoast_head_json":{"title":"Alfombras de pasillo modernas Madrid | El Rinc\u00f3n de Fehmi Madrid","description":"\u00bfBuscas Alfombras de pasillo modernas en Madrid? En El Rinc\u00f3n de Fehmi somos especialistas. Ven a conocernos","robots":{"index":"index","follow":"follow","max-snippet":"max-snippet:-1","max-image-preview":"max-image-preview:large","max-video-preview":"max-video-preview:-1"},"canonical":"https:\/\/elrincondefehmi.com\/es\/alfombras-de-pasillo-modernas-madrid\/","og_locale":"es_ES","og_type":"article","og_title":"Alfombras de pasillo modernas Madrid | El Rinc\u00f3n de Fehmi Madrid","og_description":"\u00bfBuscas Alfombras de pasillo modernas en Madrid? En El Rinc\u00f3n de Fehmi somos especialistas. Ven a conocernos","og_url":"https:\/\/elrincondefehmi.com\/es\/alfombras-de-pasillo-modernas-madrid\/","og_site_name":"El Rinc\u00f3n de Fehmi Madrid","article_modified_time":"2025-06-27T15:24:03+00:00","twitter_card":"summary_large_image","schema":{"@context":"https:\/\/schema.org","@graph":[{"@type":"WebPage","@id":"https:\/\/elrincondefehmi.com\/es\/alfombras-de-pasillo-modernas-madrid\/","url":"https:\/\/elrincondefehmi.com\/es\/alfombras-de-pasillo-modernas-madrid\/","name":"Alfombras de pasillo modernas Madrid | El Rinc\u00f3n de Fehmi Madrid","isPartOf":{"@id":"https:\/\/elrincondefehmi.com\/es\/#website"},"datePublished":"2019-12-19T16:55:04+00:00","dateModified":"2025-06-27T15:24:03+00:00","description":"\u00bfBuscas Alfombras de pasillo modernas en Madrid? En El Rinc\u00f3n de Fehmi somos especialistas. Ven a conocernos","inLanguage":"es","potentialAction":[{"@type":"ReadAction","target":["https:\/\/elrincondefehmi.com\/es\/alfombras-de-pasillo-modernas-madrid\/"]}]},{"@type":"WebSite","@id":"https:\/\/elrincondefehmi.com\/es\/#website","url":"https:\/\/elrincondefehmi.com\/es\/","name":"El Rinc\u00f3n de Fehmi Madrid","description":"Tienda de alfombras en Madrid.  En El Rinc\u00f3n de Fehmi somos especialistas en alfombras artesanales, alfombras modernas contempor\u00e1neas kilims de Turqu\u00eda","potentialAction":[{"@type":"SearchAction","target":{"@type":"EntryPoint","urlTemplate":"https:\/\/elrincondefehmi.com\/es\/?s={search_term_string}"},"query-input":"required name=search_term_string"}],"inLanguage":"es"}]}},"_links":{"self":[{"href":"https:\/\/elrincondefehmi.com\/es\/wp-json\/wp\/v2\/pages\/15397"}],"collection":[{"href":"https:\/\/elrincondefehmi.com\/es\/wp-json\/wp\/v2\/pages"}],"about":[{"href":"https:\/\/elrincondefehmi.com\/es\/wp-json\/wp\/v2\/types\/page"}],"author":[{"embeddable":true,"href":"https:\/\/elrincondefehmi.com\/es\/wp-json\/wp\/v2\/users\/1"}],"replies":[{"embeddable":true,"href":"https:\/\/elrincondefehmi.com\/es\/wp-json\/wp\/v2\/comments?post=15397"}],"version-history":[{"count":4,"href":"https:\/\/elrincondefehmi.com\/es\/wp-json\/wp\/v2\/pages\/15397\/revisions"}],"predecessor-version":[{"id":26076,"href":"https:\/\/elrincondefehmi.com\/es\/wp-json\/wp\/v2\/pages\/15397\/revisions\/26076"}],"wp:attachment":[{"href":"https:\/\/elrincondefehmi.com\/es\/wp-json\/wp\/v2\/media?parent=15397"}],"curies":[{"name":"wp","href":"https:\/\/api.w.org\/{rel}","templated":true}]}}