{"id":11222,"date":"2019-01-29T14:27:03","date_gmt":"2019-01-29T14:27:03","guid":{"rendered":"https:\/\/elrincondefehmi.k8s.optimizaclick.com\/?page_id=11222"},"modified":"2025-06-27T15:24:59","modified_gmt":"2025-06-27T15:24:59","slug":"devoluciones-cambios","status":"publish","type":"page","link":"https:\/\/elrincondefehmi.com\/es\/devoluciones-cambios\/","title":{"rendered":"DEVOLUCIONES CAMBIOS"},"content":{"rendered":"\t\t<div data-elementor-type=\"wp-page\" data-elementor-id=\"11222\" class=\"elementor elementor-11222\">\n\t\t\t\t\t\t\t\t\t<section data-particle_enable=\"false\" data-particle-mobile-disabled=\"false\" class=\"elementor-section elementor-top-section elementor-element elementor-element-1b80ee69 elementor-section-boxed elementor-section-height-default elementor-section-height-default\" data-id=\"1b80ee69\" data-element_type=\"section\">\r\n\t\t\r\n\t\t\t\t\t\t\t<div class=\"elementor-container elementor-column-gap-default\">\r\n\t\t\t\t\t\t\t\t\t\t\t<div class=\"elementor-column elementor-col-100 elementor-top-column elementor-element elementor-element-68da585\" data-id=\"68da585\" data-element_type=\"column\">\r\n\t\t\t\t\t<div class=\"elementor-widget-wrap elementor-element-populated\">\r\n\t\t\t\t\t\t\t\t<div class=\"elementor-element elementor-element-6b67e07c elementor-widget elementor-widget-text-editor\" data-id=\"6b67e07c\" data-element_type=\"widget\" data-widget_type=\"text-editor.default\">\n\t\t\t\t<div class=\"elementor-widget-container\">\n\t\t\t<style>\/*! elementor - v3.16.0 - 09-10-2023 *\/\n.elementor-widget-text-editor.elementor-drop-cap-view-stacked .elementor-drop-cap{background-color:#69727d;color:#fff}.elementor-widget-text-editor.elementor-drop-cap-view-framed .elementor-drop-cap{color:#69727d;border:3px solid;background-color:transparent}.elementor-widget-text-editor:not(.elementor-drop-cap-view-default) .elementor-drop-cap{margin-top:8px}.elementor-widget-text-editor:not(.elementor-drop-cap-view-default) .elementor-drop-cap-letter{width:1em;height:1em}.elementor-widget-text-editor .elementor-drop-cap{float:left;text-align:center;line-height:1;font-size:50px}.elementor-widget-text-editor .elementor-drop-cap-letter{display:inline-block}<\/style>\t\t\t\t<p>\u00a0<\/p><p><strong><u>TERMINOS DE SERVICIO<\/u><\/strong><\/p><p><strong>\u00a0<\/strong><strong style=\"color: var(--porto-body-color); letter-spacing: var(--porto-body-ls,0);\">CONDICIONES GENERALES DE SERVICIO<\/strong><\/p><p>Estas Condiciones Generales de Servicio se aplican a la compra de los productos\/servicios que <strong>EL RINCON DE FEHMI ESTAMBUL S.L.U<\/strong> comercializa a trav\u00e9s del sitio web alojado en la URL\u00a0 a cualquier usuario.<\/p><p>Los datos de identificaci\u00f3n y contacto de <strong>EL RINCON DE FEHMI ESTAMBUL S.L.U<\/strong> son los siguientes:<\/p><p>Domicilio social: <strong>C\/ MONACO N\u00ba 29 &#8211; LAS ROZAS (28232)<\/strong><br \/>C.I.F n\u00ba: <strong>B86696606<\/strong><br \/>E-mail:\u00a0<strong>madrid@elrincondefehmi.com<\/strong><\/p><p>Tel\u00e9fono: (+34) <strong>916266296<\/strong><\/p><p>La compra de los productos y\/o servicios ofrecidos a trav\u00e9s del Sitio Web conlleva\u00a0<strong><u>la aceptaci\u00f3n de los t\u00e9rminos y condiciones previstos en estas Condiciones Generales de Servicio por lo que, antes de proceder a su aceptaci\u00f3n, lea atentamente su contenido<\/u><\/strong>. Si no acepta las presentes Condiciones Generales, la compra de los productos\/servicios no se llevar\u00e1 a cabo y, en consecuencia, no comportar\u00e1 la asunci\u00f3n de ning\u00fan tipo de obligaci\u00f3n ni de responsabilidad por parte de <strong>EL RINCON DE FEHMI ESTAMBUL S.L.U<\/strong>.<\/p><p>Al realizar un pedido de compra a trav\u00e9s del Sitio Web, el Cliente declara ser mayor de 16 a\u00f1os de edad y tener capacidad legal para contratar los productos del Sitio Web.<\/p><p>Para realizar un pedido de compra, el Cliente deber\u00e1 seguir cada uno de los tr\u00e1mites del procedimiento de compra previstos en el Sitio Web.<\/p><p><strong>EL RINCON DE FEHMI ESTAMBUL S.L.U<\/strong> se reserva el derecho de modificar el contenido y\/o alcance de las Condiciones Generales de Servicio en cualquier momento, sin necesidad de comunicarlo ni avisarlo previamente, por lo que lea atentamente su contenido ya que es responsabilidad del Cliente revisar las Condiciones Generales de Servicio antes de comprar cualquier producto del Sitio Web.<\/p><p><strong>REGISTRO DEL CLIENTE<\/strong><\/p><p>Para iniciar el procedimiento de compra de los productos del Sitio Web, el Cliente deber\u00e1 darse de alta en el apartado del Sitio Web \u201c<em>Registrarse<\/em>\u201d. En posteriores procesos de compra, en el supuesto que el Cliente se haya registrado s\u00f3lo ser\u00e1 necesario que facilite su direcci\u00f3n de correo electr\u00f3nico y la contrase\u00f1a en el apartado de \u201cIngresar\u201d. Puede revisar nuestra pol\u00edtica de privacidad en el tratamiento de sus datos en el siguiente <a href=\"https:\/\/elrincondefehmi.com\/es\/politica-proteccion-datos\/\">enlace<\/a><u><\/u><\/p><p><strong>PRECIO Y FORMA DE PAGO<\/strong><\/p><p>El precio de los productos ser\u00e1 el que aparezca en la moneda indicada junto a cada producto del Sitio Web.<\/p><p>Los precios de venta indicados en nuestra web se muestran como sigue:<\/p><p>&#8211; Si el Cliente reside en la Uni\u00f3n Europea, los precios incluyen los impuestos aplicables en cada momento (IVA) y producto\/servicio.<\/p><p>&#8211; Si el Cliente reside fuera de la Uni\u00f3n Europea, los precios no incluyen el IVA. Sin embargo, ser\u00e1 a cargo del Cliente cualquier impuesto local y\/o alguna tasa de importaci\u00f3n y\/o aduaneros locales cuando el env\u00edo llegue a su destino, si fueran de aplicaci\u00f3n.<\/p><p><strong>EL RINCON DE FEHMI ESTAMBUL S.L.U<\/strong> se reserva el derecho de efectuar, en cualquier momento y sin previo aviso, las modificaciones que considere oportunas, pudiendo actualizar con frecuencia los productos o los precios. El precio aplicable a la solicitud de compra efectuada por el Cliente ser\u00e1 el que conste en el momento de aceptar las Condiciones Generales de Servicio.<\/p><p>El Cliente podr\u00e1 realizar el pago de los productos mediante cualquiera de los medios de pago se\u00f1alados a continuaci\u00f3n:<\/p><ul><li><strong>Pago con tarjeta\u00a0<\/strong>El Cliente deber\u00e1 incluir el n\u00famero de su tarjeta de d\u00e9bito\/cr\u00e9dito (Visa, Visa Electr\u00f3n y Mastercard), as\u00ed como el resto de informaci\u00f3n adicional, que le sea requerida en el procedimiento de compra. El cargo se efectuar\u00e1 una vez que sea aceptado por la entidad financiera del Cliente ya que, en caso contrario, la compra no podr\u00e1 llevarse a cabo.<\/li><li><strong>Pago mediante PAYPAL:\u00a0<\/strong>ser\u00e1 necesario que el Cliente disponga de una cuenta PayPal para utilizar este medio de pago.<\/li><\/ul><p>Una vez finalizado el proceso de compra, se generar\u00e1 una confirmaci\u00f3n v\u00eda electr\u00f3nica, adjunt\u00e1ndose una copia de las Condiciones Generales de Servicio, que el Cliente podr\u00e1 imprimir, qued\u00e1ndose archivado en la secci\u00f3n \u201c<strong>Mi Cuenta<\/strong>\u201d.<\/p><p><strong>EL RINCON DE FEHMI ESTAMBUL S.L.U<\/strong> no tiene acceso ni almacena datos sensibles relativos al medio de pago utilizado por el Cliente. \u00danicamente la entidad correspondiente procesadora del pago tiene acceso a estos datos a modo de gesti\u00f3n de los pagos y cobros.<\/p><p><strong>EL RINCON DE FEHMI ESTAMBUL S.L.U<\/strong> ha implementado un programa de detecci\u00f3n de posibles operaciones fraudulentas y se reserva el derecho a solicitar informaci\u00f3n, confirmaciones y\/o documentos adicionales al Cliente, a\u00fan despu\u00e9s de haber realizado una o m\u00e1s compras a trav\u00e9s del Sitio Web, mediante llamada telef\u00f3nica o correo electr\u00f3nico, con la finalidad de confirmar que el Cliente efectivamente ha realizado y autorizado dicha compra y\/o que la entrega o devoluci\u00f3n de la misma se ha realizado correctamente y de esta forma autoriza definitivamente la transacci\u00f3n respectiva.<\/p><p><strong>EL RINCON DE FEHMI ESTAMBUL S.L.U<\/strong> podr\u00e1 formular telef\u00f3nicamente diversas comprobaciones sobre la identidad del Cliente, o bien solicitar: (a) una confirmaci\u00f3n y autorizaci\u00f3n por escrito firmada por el Cliente responsable de la compra respectiva; y (b) copia de la identificaci\u00f3n oficial vigente y con fotograf\u00eda del Cliente para confirmar su identidad. <strong>EL RINCON DE FEHMI ESTAMBUL S.L.U<\/strong> se obliga a guardar dicha informaci\u00f3n y documentos con elevadas medidas de seguridad, de conformidad con la normativa vigente.<\/p><p>En caso de que el Cliente no responda favorablemente o no entregue a <strong>EL RINCON DE FEHMI ESTAMBUL S.L.U<\/strong> la documentaci\u00f3n e informaci\u00f3n solicitada en un plazo de 48 horas contadas a partir de la llamada o del env\u00edo del correo electr\u00f3nico por parte de <strong>EL RINCON DE FEHMI ESTAMBUL S.L.U<\/strong>, la transacci\u00f3n detallada en dicha comunicaci\u00f3n y el pedido respectivo podr\u00e1n ser cancelados, sin necesidad de aviso posterior ni responsabilidad de <strong>EL RINCON DE FEHMI ESTAMBUL S.L.U<\/strong> procediendo a reembolsar al Cliente el importe pagado respecto a dicha compra.<\/p><p>Dicho procedimiento de verificaci\u00f3n se realiza para la seguridad del Cliente y, por tanto, al aceptar las presentes Condiciones Generales de Servicio, el Cliente acepta someterse al procedimiento de detecci\u00f3n de posibles operaciones fraudulentas referido y autoriza a <strong>EL RINCON DE FEHMI ESTAMBUL S.L.U<\/strong> para que, una vez que el Cliente proporcione la informaci\u00f3n y documentos adicionales referidos, \u00e9stos puedan ser utilizados para compras futuras del mismo Cliente.<\/p><p><strong>ENTREGA DE SERVICIOS<\/strong><\/p><p>Una vez <strong>EL RINCON DE FEHMI ESTAMBUL S.L.U<\/strong> haya verificado que el proceso de compra se ha realizado correctamente, proceder\u00e1 a entregar los productos a la direcci\u00f3n indicada por el Cliente en el procedimiento de compra, en horario laboral habitual y en los plazos previstos en el Sitio Web.<\/p><p>En caso de que, al abrir los bultos con los productos, el Cliente viera que los servicios no son los deseados o no pueden realizarse por alguna causa justificada, deber\u00e1 comunicarlo por escrito a <strong>EL RINCON DE FEHMI ESTAMBUL S.L.U<\/strong> en un plazo de cinco (5) d\u00edas naturales desde la compra, para que <strong>EL RINCON DE FEHMI ESTAMBUL S.L.U<\/strong> proceda oportunamente.<\/p><p>Todos los pedidos de compra de los productos est\u00e1n sujetos a disponibilidad de los mismos. En caso de falta de disponibilidad del producto contratado, <strong>EL RINCON DE FEHMI ESTAMBUL S.L.U<\/strong> informar\u00e1 de ello al Cliente y le podr\u00e1 ofrecer un servicio de caracter\u00edsticas similares de igual o superior calidad, si bien el Cliente, alternativamente, podr\u00e1 cancelar su solicitud de compra y recuperar el importe pagado en un plazo m\u00e1ximo de treinta (30) d\u00edas.<\/p><p><strong>DERECHO DE DESISTIMIENTO<\/strong><\/p><p>Tiene usted derecho a desistir del presente contrato en un plazo de 14 d\u00edas naturales sin necesidad de justificaci\u00f3n.<\/p><p>Para ejercer el derecho de desistimiento, deber\u00e1 usted notificarnos su nombre, su direcci\u00f3n completa y, si dispone de ellos, su n\u00famero de tel\u00e9fono y su direcci\u00f3n de correo electr\u00f3nico, su decisi\u00f3n de desistir del contrato a trav\u00e9s de una declaraci\u00f3n inequ\u00edvoca por correo electr\u00f3nico. Podr\u00e1 utilizar el modelo de <a href=\"https:\/\/elrincondefehmi.com\/modelo-comunicacion-desistimiento\/\">formulario de desistimiento\u00a0<\/a><\/p><p>En caso de desistimiento por su parte, le devolveremos todos los pagos recibidos de usted, incluidos los gastos de entrega (con la excepci\u00f3n de los gastos adicionales resultantes de la elecci\u00f3n por su parte de una modalidad de entrega diferente a la modalidad menos costosa de entrega ordinaria que ofrezcamos) sin ninguna demora indebida y, en todo caso, a m\u00e1s tardar 14 d\u00edas naturales a partir de la fecha en la que se nos informe de su decisi\u00f3n de desistir del presente contrato. Procederemos a efectuar dicho reembolso utilizando el mismo medio de pago empleado por usted para la transacci\u00f3n inicial, a no ser que haya usted dispuesto expresamente lo contrario; en todo caso, no incurrir\u00e1 en ning\u00fan gasto como consecuencia del reembolso, Podremos retener el reembolso hasta haber recibido los bienes, o hasta que usted haya presentado una prueba de la devoluci\u00f3n de los mismos, seg\u00fan qu\u00e9 condici\u00f3n se cumpla primero.<\/p><p>Sin ninguna demora indebida y, en cualquier caso, a m\u00e1s tardar en el plazo de 14 d\u00edas naturales a partir de la fecha en que nos comunique su decisi\u00f3n de desistimiento del contrato deber\u00e1 entregar o enviar la mercanc\u00eda a la direcci\u00f3n indicada a continuaci\u00f3n. Se considerar\u00e1 cumplido el plazo si efect\u00faa la devoluci\u00f3n de los bienes antes de que haya concluido dicho plazo. Deber\u00e1 usted asumir el coste directo de devoluci\u00f3n de los bienes y solo ser\u00e1 usted responsable de la disminuci\u00f3n de valor de los bienes resultante de una manipulaci\u00f3n distinta a la necesaria para establecer las caracter\u00edsticas de los bienes.<\/p><p><strong>QUEJAS Y RECLAMACIONES<\/strong><\/p><p>El Cliente deber\u00e1 contactar con <strong>EL RINCON DE FEHMI ESTAMBUL S.L.U<\/strong>, a trav\u00e9s de los medios indicados al inicio de las Condiciones Generales de Servicio, para manifestar sus quejas y reclamaciones, comprometi\u00e9ndose <strong>EL RINCON DE FEHMI ESTAMBUL S.L.U<\/strong> a atenderlas lo antes posible y, en cualquier caso, en el plazo de un mes desde que son presentadas.<\/p><p><strong>IDIOMA<\/strong><\/p><p>Las Condiciones Generales de Servicio est\u00e1n redactadas en espa\u00f1ol.<\/p><p><strong>POL\u00cdTICA DE PRIVACIDAD<\/strong><\/p><p>Puede revisar nuestra pol\u00edtica de privacidad en el siguiente <a href=\"https:\/\/elrincondefehmi.com\/es\/politica-proteccion-datos\/\">enlace<\/a><u><\/u><\/p><p><strong>INFORMACI\u00d3N SOBRE RESOLUCI\u00d3N DE CONFLICTOS EN L\u00cdNEA<\/strong><\/p><p>Conforme al art\u00edculo 14.1 del Reglamento 524\/2013 sobre resoluci\u00f3n de litigios en l\u00ednea en materia de consumo, le informamos de la existencia de una plataforma de resoluci\u00f3n de litigios en l\u00ednea facilitada por la Comisi\u00f3n Europea, as\u00ed como de la posibilidad de presentar su reclamaci\u00f3n a trav\u00e9s de la misma accediendo al siguiente enlace: <a href=\"https:\/\/ec.europa.eu\/consumers\/odr\/main\/index.cfm?event=main.home.chooseLanguage\">https:\/\/ec.europa.eu\/consumers\/odr\/main\/index.cfm?event=main.home.chooseLanguage<\/a><\/p><p><strong>LEGISLACION APLICABLE Y JURISDICCION<\/strong><\/p><p>Las Condiciones Generales de Servicio se regir\u00e1n e interpretar\u00e1n de conformidad con la legislaci\u00f3n espa\u00f1ola.<\/p><p>En el supuesto de que surja cualquier conflicto o discrepancia en la interpretaci\u00f3n y\/o aplicaci\u00f3n de las Condiciones Generales, los Juzgados competentes ser\u00e1n los que disponga la normativa aplicable en materia de jurisdicci\u00f3n competente de consumidores y usuarios. Las partes se someten expresamente, para cualesquiera cuestiones o divergencias que pudieren suscitarse por raz\u00f3n de la interpretaci\u00f3n, cumplimiento y ejecuci\u00f3n de este contrato, a la jurisdicci\u00f3n y competencia de los Juzgados y Tribunales correspondientes al domicilio del comprador o a los del lugar de cumplimiento de la obligaci\u00f3n contractual<\/p><div class=\"ts-speechbar-dogfood ts-speech-bar\" aria-hidden=\"true\">\u00a0<\/div><div class=\"ms-Grid-row\"><div class=\"ts-insert-button-container\"><div class=\"ms-Button-flexContainer flexContainer-73\"><div class=\"ms-Button-textContainer textContainer-74\"><div id=\"id__16\" class=\"ms-Button-label label-86\">\u00a0<\/div><\/div><\/div><\/div><\/div>\t\t\t\t\t\t<\/div>\n\t\t\t\t<\/div>\n\t\t\t\t\t<\/div>\r\n\t\t\t\t<\/div>\r\n\t\t\t\t\t<\/div>\r\n\t\t\t\t<\/section>\r\n\t\t\t\t\t\t\t<\/div>\n\t\t","protected":false},"excerpt":{"rendered":"<p>\u00a0 TERMINOS DE SERVICIO \u00a0CONDICIONES GENERALES DE SERVICIO Estas Condiciones Generales de Servicio se aplican a la compra de los productos\/servicios que EL RINCON DE FEHMI ESTAMBUL S.L.U comercializa a trav\u00e9s del sitio web alojadoRead More<\/p>\n","protected":false},"author":1,"featured_media":0,"parent":0,"menu_order":0,"comment_status":"closed","ping_status":"closed","template":"","meta":[],"yoast_head":"<!-- This site is optimized with the Yoast SEO plugin v21.5 - https:\/\/yoast.com\/wordpress\/plugins\/seo\/ -->\n<title>DEVOLUCIONES CAMBIOS | El Rinc\u00f3n de Fehmi Madrid<\/title>\n<meta name=\"robots\" content=\"index, follow, max-snippet:-1, max-image-preview:large, max-video-preview:-1\" \/>\n<link rel=\"canonical\" href=\"https:\/\/elrincondefehmi.com\/es\/devoluciones-cambios\/\" \/>\n<meta property=\"og:locale\" content=\"es_ES\" \/>\n<meta property=\"og:type\" content=\"article\" \/>\n<meta property=\"og:title\" content=\"DEVOLUCIONES CAMBIOS | El Rinc\u00f3n de Fehmi Madrid\" \/>\n<meta property=\"og:description\" content=\"\u00a0 TERMINOS DE SERVICIO \u00a0CONDICIONES GENERALES DE SERVICIO Estas Condiciones Generales de Servicio se aplican a la compra de los productos\/servicios que EL RINCON DE FEHMI ESTAMBUL S.L.U comercializa a trav\u00e9s del sitio web alojadoRead More\" \/>\n<meta property=\"og:url\" content=\"https:\/\/elrincondefehmi.com\/es\/devoluciones-cambios\/\" \/>\n<meta property=\"og:site_name\" content=\"El Rinc\u00f3n de Fehmi Madrid\" \/>\n<meta property=\"article:modified_time\" content=\"2025-06-27T15:24:59+00:00\" \/>\n<meta name=\"twitter:card\" content=\"summary_large_image\" \/>\n<script type=\"application\/ld+json\" class=\"yoast-schema-graph\">{\"@context\":\"https:\/\/schema.org\",\"@graph\":[{\"@type\":\"WebPage\",\"@id\":\"https:\/\/elrincondefehmi.com\/es\/devoluciones-cambios\/\",\"url\":\"https:\/\/elrincondefehmi.com\/es\/devoluciones-cambios\/\",\"name\":\"DEVOLUCIONES CAMBIOS | El Rinc\u00f3n de Fehmi Madrid\",\"isPartOf\":{\"@id\":\"https:\/\/elrincondefehmi.com\/es\/#website\"},\"datePublished\":\"2019-01-29T14:27:03+00:00\",\"dateModified\":\"2025-06-27T15:24:59+00:00\",\"inLanguage\":\"es\",\"potentialAction\":[{\"@type\":\"ReadAction\",\"target\":[\"https:\/\/elrincondefehmi.com\/es\/devoluciones-cambios\/\"]}]},{\"@type\":\"WebSite\",\"@id\":\"https:\/\/elrincondefehmi.com\/es\/#website\",\"url\":\"https:\/\/elrincondefehmi.com\/es\/\",\"name\":\"El Rinc\u00f3n de Fehmi Madrid\",\"description\":\"Tienda de alfombras en Madrid.  En El Rinc\u00f3n de Fehmi somos especialistas en alfombras artesanales, alfombras modernas contempor\u00e1neas kilims de Turqu\u00eda\",\"potentialAction\":[{\"@type\":\"SearchAction\",\"target\":{\"@type\":\"EntryPoint\",\"urlTemplate\":\"https:\/\/elrincondefehmi.com\/es\/?s={search_term_string}\"},\"query-input\":\"required name=search_term_string\"}],\"inLanguage\":\"es\"}]}<\/script>\n<!-- \/ Yoast SEO plugin. -->","yoast_head_json":{"title":"DEVOLUCIONES CAMBIOS | El Rinc\u00f3n de Fehmi Madrid","robots":{"index":"index","follow":"follow","max-snippet":"max-snippet:-1","max-image-preview":"max-image-preview:large","max-video-preview":"max-video-preview:-1"},"canonical":"https:\/\/elrincondefehmi.com\/es\/devoluciones-cambios\/","og_locale":"es_ES","og_type":"article","og_title":"DEVOLUCIONES CAMBIOS | El Rinc\u00f3n de Fehmi Madrid","og_description":"\u00a0 TERMINOS DE SERVICIO \u00a0CONDICIONES GENERALES DE SERVICIO Estas Condiciones Generales de Servicio se aplican a la compra de los productos\/servicios que EL RINCON DE FEHMI ESTAMBUL S.L.U comercializa a trav\u00e9s del sitio web alojadoRead More","og_url":"https:\/\/elrincondefehmi.com\/es\/devoluciones-cambios\/","og_site_name":"El Rinc\u00f3n de Fehmi Madrid","article_modified_time":"2025-06-27T15:24:59+00:00","twitter_card":"summary_large_image","schema":{"@context":"https:\/\/schema.org","@graph":[{"@type":"WebPage","@id":"https:\/\/elrincondefehmi.com\/es\/devoluciones-cambios\/","url":"https:\/\/elrincondefehmi.com\/es\/devoluciones-cambios\/","name":"DEVOLUCIONES CAMBIOS | El Rinc\u00f3n de Fehmi Madrid","isPartOf":{"@id":"https:\/\/elrincondefehmi.com\/es\/#website"},"datePublished":"2019-01-29T14:27:03+00:00","dateModified":"2025-06-27T15:24:59+00:00","inLanguage":"es","potentialAction":[{"@type":"ReadAction","target":["https:\/\/elrincondefehmi.com\/es\/devoluciones-cambios\/"]}]},{"@type":"WebSite","@id":"https:\/\/elrincondefehmi.com\/es\/#website","url":"https:\/\/elrincondefehmi.com\/es\/","name":"El Rinc\u00f3n de Fehmi Madrid","description":"Tienda de alfombras en Madrid.  En El Rinc\u00f3n de Fehmi somos especialistas en alfombras artesanales, alfombras modernas contempor\u00e1neas kilims de Turqu\u00eda","potentialAction":[{"@type":"SearchAction","target":{"@type":"EntryPoint","urlTemplate":"https:\/\/elrincondefehmi.com\/es\/?s={search_term_string}"},"query-input":"required name=search_term_string"}],"inLanguage":"es"}]}},"_links":{"self":[{"href":"https:\/\/elrincondefehmi.com\/es\/wp-json\/wp\/v2\/pages\/11222"}],"collection":[{"href":"https:\/\/elrincondefehmi.com\/es\/wp-json\/wp\/v2\/pages"}],"about":[{"href":"https:\/\/elrincondefehmi.com\/es\/wp-json\/wp\/v2\/types\/page"}],"author":[{"embeddable":true,"href":"https:\/\/elrincondefehmi.com\/es\/wp-json\/wp\/v2\/users\/1"}],"replies":[{"embeddable":true,"href":"https:\/\/elrincondefehmi.com\/es\/wp-json\/wp\/v2\/comments?post=11222"}],"version-history":[{"count":7,"href":"https:\/\/elrincondefehmi.com\/es\/wp-json\/wp\/v2\/pages\/11222\/revisions"}],"predecessor-version":[{"id":26079,"href":"https:\/\/elrincondefehmi.com\/es\/wp-json\/wp\/v2\/pages\/11222\/revisions\/26079"}],"wp:attachment":[{"href":"https:\/\/elrincondefehmi.com\/es\/wp-json\/wp\/v2\/media?parent=11222"}],"curies":[{"name":"wp","href":"https:\/\/api.w.org\/{rel}","templated":true}]}}