{"id":11173,"date":"2019-01-29T07:25:02","date_gmt":"2019-01-29T06:25:02","guid":{"rendered":"https:\/\/elrincondefehmi.k8s.optimizaclick.com\/?page_id=11173"},"modified":"2026-02-23T16:26:13","modified_gmt":"2026-02-23T16:26:13","slug":"alfombras-kilim-madrid-2","status":"publish","type":"page","link":"https:\/\/elrincondefehmi.com\/es\/alfombras-kilim-madrid-2\/","title":{"rendered":"Alfombras kilim Madrid"},"content":{"rendered":"\t\t<div data-elementor-type=\"wp-page\" data-elementor-id=\"11173\" class=\"elementor elementor-11173\">\n\t\t\t\t\t\t\t\t\t<section data-particle_enable=\"false\" data-particle-mobile-disabled=\"false\" class=\"elementor-section elementor-top-section elementor-element elementor-element-55f48001 elementor-section-boxed elementor-section-height-default elementor-section-height-default\" data-id=\"55f48001\" data-element_type=\"section\">\r\n\t\t\r\n\t\t\t\t\t\t\t<div class=\"elementor-container elementor-column-gap-default\">\r\n\t\t\t\t\t\t\t\t\t\t\t<div class=\"elementor-column elementor-col-100 elementor-top-column elementor-element elementor-element-2a2fc0e5\" data-id=\"2a2fc0e5\" data-element_type=\"column\">\r\n\t\t\t\t\t<div class=\"elementor-widget-wrap elementor-element-populated\">\r\n\t\t\t\t\t\t\t\t<div class=\"elementor-element elementor-element-752996a3 elementor-widget elementor-widget-text-editor\" data-id=\"752996a3\" data-element_type=\"widget\" data-widget_type=\"text-editor.default\">\n\t\t\t\t<div class=\"elementor-widget-container\">\n\t\t\t<style>\/*! elementor - v3.16.0 - 09-10-2023 *\/\n.elementor-widget-text-editor.elementor-drop-cap-view-stacked .elementor-drop-cap{background-color:#69727d;color:#fff}.elementor-widget-text-editor.elementor-drop-cap-view-framed .elementor-drop-cap{color:#69727d;border:3px solid;background-color:transparent}.elementor-widget-text-editor:not(.elementor-drop-cap-view-default) .elementor-drop-cap{margin-top:8px}.elementor-widget-text-editor:not(.elementor-drop-cap-view-default) .elementor-drop-cap-letter{width:1em;height:1em}.elementor-widget-text-editor .elementor-drop-cap{float:left;text-align:center;line-height:1;font-size:50px}.elementor-widget-text-editor .elementor-drop-cap-letter{display:inline-block}<\/style>\t\t\t\t<p style=\"text-align: justify;\">Cada vez m\u00e1s gente busca una tienda de confianza donde comprar <b>alfombras kilim en Madrid<\/b>. Se trata de una tradici\u00f3n textil incluso anterior a las alfombras, pero en los \u00faltimos a\u00f1os muchas personas lo han redescubierto. El kilim es ligero y vers\u00e1til, ofreciendo m\u00faltiples aplicaciones decorativas. En cierto modo podr\u00eda identificarse con la base tejida de las alfombras, sin el resistente anudado posterior que \u00e9stas incorporan.<\/p><p style=\"text-align: justify;\">Si usted tambi\u00e9n est\u00e1 buscando un kilim para su hogar o para regalar, en El Rinc\u00f3n de Fehmi podremos ayudarle mejor que en ning\u00fan sitio. Traemos los mejores tapetes aut\u00e9nticamente turcos, directos desde Estambul\u00a0 a nuestra tienda en Las Rozas, y los comercializamos a un precio muy atractivo. Visitarnos no solo merece la pena porque pueda <b>comprar un kilim barato<\/b>, sino porque tenemos uno de los cat\u00e1logos m\u00e1s amplios y variados que pueda encontrar, si no el que m\u00e1s, con decenas de referencias activas. Distintas opciones de dise\u00f1o cl\u00e1sico, m\u00e1s sencillas o barrocas, e incluso kilims modernos al estilo \u2018patchwork\u2019. Sea cual sea el estilo decorativo de su estancia, encontrar\u00e1 alg\u00fan tapete que se ajuste a la perfecci\u00f3n.<\/p><h2 style=\"text-align: justify;\"><b>D\u00f3nde comprar alfombras kilim en Madrid<\/b><\/h2><p style=\"text-align: justify;\">Estamos en el centro comercial El Soho en Eur\u00f3polis (Las Rozas), donde podr\u00e1 comprobar de primera mano la calidad de nuestros tapices. Adem\u00e1s de nuestra vasta oferta de kilims, aqu\u00ed hallar\u00e1 el surtido de <a href=\"https:\/\/elrincondefehmi.com\/es\/categoria-producto\/alfombras-turcas\"><i><span style=\"text-decoration: underline;\">alfombras turcas en Madrid<\/span><\/i> <\/a>m\u00e1s completo, con m\u00faltiples estilos que van de la pura tradici\u00f3n de las alfombras de U\u015fak a otros dise\u00f1os m\u00e1s modernos pero que no dejan de lado lo tradicional. Seria o desenfadada, puramente oriental o mostrando fusi\u00f3n\u2026 la alfombra que busca est\u00e1 en nuestro almac\u00e9n.<\/p><p style=\"text-align: justify;\">No olvide que tambi\u00e9n disponemos de una secci\u00f3n donde encontrar\u00e1 las m\u00e1s atractivas y genuinas <a href=\"https:\/\/elrincondefehmi.com\/es\"><i><span style=\"text-decoration: underline;\">l\u00e1mparas turcas en Madrid<\/span><\/i>.<\/a>\u00a0 Venga a conocer todas las opciones de decoraci\u00f3n que le ofrecemos para llevar a su hogar los mejores aires de Oriente.<\/p>\t\t\t\t\t\t<\/div>\n\t\t\t\t<\/div>\n\t\t\t\t\t<\/div>\r\n\t\t\t\t<\/div>\r\n\t\t\t\t\t<\/div>\r\n\t\t\t\t<\/section>\r\n\t\t\t\t\t\t\t<\/div>\n\t\t","protected":false},"excerpt":{"rendered":"<p>Cada vez m\u00e1s gente busca una tienda de confianza donde comprar alfombras kilim en Madrid. Se trata de una tradici\u00f3n textil incluso anterior a las alfombras, pero en los \u00faltimos a\u00f1os muchas personas lo hanRead More<\/p>\n","protected":false},"author":1,"featured_media":0,"parent":0,"menu_order":0,"comment_status":"closed","ping_status":"closed","template":"","meta":[],"yoast_head":"<!-- This site is optimized with the Yoast SEO plugin v21.5 - https:\/\/yoast.com\/wordpress\/plugins\/seo\/ -->\n<title>Alfombras kilim Madrid | El Rinc\u00f3n de Fehmi Madrid<\/title>\n<meta name=\"robots\" content=\"index, follow, max-snippet:-1, max-image-preview:large, max-video-preview:-1\" \/>\n<link rel=\"canonical\" href=\"https:\/\/elrincondefehmi.com\/es\/alfombras-kilim-madrid-2\/\" \/>\n<meta property=\"og:locale\" content=\"es_ES\" \/>\n<meta property=\"og:type\" content=\"article\" \/>\n<meta property=\"og:title\" content=\"Alfombras kilim Madrid | El Rinc\u00f3n de Fehmi Madrid\" \/>\n<meta property=\"og:description\" content=\"Cada vez m\u00e1s gente busca una tienda de confianza donde comprar alfombras kilim en Madrid. Se trata de una tradici\u00f3n textil incluso anterior a las alfombras, pero en los \u00faltimos a\u00f1os muchas personas lo hanRead More\" \/>\n<meta property=\"og:url\" content=\"https:\/\/elrincondefehmi.com\/es\/alfombras-kilim-madrid-2\/\" \/>\n<meta property=\"og:site_name\" content=\"El Rinc\u00f3n de Fehmi Madrid\" \/>\n<meta property=\"article:modified_time\" content=\"2026-02-23T16:26:13+00:00\" \/>\n<meta name=\"twitter:card\" content=\"summary_large_image\" \/>\n<script type=\"application\/ld+json\" class=\"yoast-schema-graph\">{\"@context\":\"https:\/\/schema.org\",\"@graph\":[{\"@type\":\"WebPage\",\"@id\":\"https:\/\/elrincondefehmi.com\/es\/alfombras-kilim-madrid-2\/\",\"url\":\"https:\/\/elrincondefehmi.com\/es\/alfombras-kilim-madrid-2\/\",\"name\":\"Alfombras kilim Madrid | El Rinc\u00f3n de Fehmi Madrid\",\"isPartOf\":{\"@id\":\"https:\/\/elrincondefehmi.com\/es\/#website\"},\"datePublished\":\"2019-01-29T06:25:02+00:00\",\"dateModified\":\"2026-02-23T16:26:13+00:00\",\"inLanguage\":\"es\",\"potentialAction\":[{\"@type\":\"ReadAction\",\"target\":[\"https:\/\/elrincondefehmi.com\/es\/alfombras-kilim-madrid-2\/\"]}]},{\"@type\":\"WebSite\",\"@id\":\"https:\/\/elrincondefehmi.com\/es\/#website\",\"url\":\"https:\/\/elrincondefehmi.com\/es\/\",\"name\":\"El Rinc\u00f3n de Fehmi Madrid\",\"description\":\"Tienda de alfombras en Madrid.  En El Rinc\u00f3n de Fehmi somos especialistas en alfombras artesanales, alfombras modernas contempor\u00e1neas kilims de Turqu\u00eda\",\"potentialAction\":[{\"@type\":\"SearchAction\",\"target\":{\"@type\":\"EntryPoint\",\"urlTemplate\":\"https:\/\/elrincondefehmi.com\/es\/?s={search_term_string}\"},\"query-input\":\"required name=search_term_string\"}],\"inLanguage\":\"es\"}]}<\/script>\n<!-- \/ Yoast SEO plugin. -->","yoast_head_json":{"title":"Alfombras kilim Madrid | El Rinc\u00f3n de Fehmi Madrid","robots":{"index":"index","follow":"follow","max-snippet":"max-snippet:-1","max-image-preview":"max-image-preview:large","max-video-preview":"max-video-preview:-1"},"canonical":"https:\/\/elrincondefehmi.com\/es\/alfombras-kilim-madrid-2\/","og_locale":"es_ES","og_type":"article","og_title":"Alfombras kilim Madrid | El Rinc\u00f3n de Fehmi Madrid","og_description":"Cada vez m\u00e1s gente busca una tienda de confianza donde comprar alfombras kilim en Madrid. Se trata de una tradici\u00f3n textil incluso anterior a las alfombras, pero en los \u00faltimos a\u00f1os muchas personas lo hanRead More","og_url":"https:\/\/elrincondefehmi.com\/es\/alfombras-kilim-madrid-2\/","og_site_name":"El Rinc\u00f3n de Fehmi Madrid","article_modified_time":"2026-02-23T16:26:13+00:00","twitter_card":"summary_large_image","schema":{"@context":"https:\/\/schema.org","@graph":[{"@type":"WebPage","@id":"https:\/\/elrincondefehmi.com\/es\/alfombras-kilim-madrid-2\/","url":"https:\/\/elrincondefehmi.com\/es\/alfombras-kilim-madrid-2\/","name":"Alfombras kilim Madrid | El Rinc\u00f3n de Fehmi Madrid","isPartOf":{"@id":"https:\/\/elrincondefehmi.com\/es\/#website"},"datePublished":"2019-01-29T06:25:02+00:00","dateModified":"2026-02-23T16:26:13+00:00","inLanguage":"es","potentialAction":[{"@type":"ReadAction","target":["https:\/\/elrincondefehmi.com\/es\/alfombras-kilim-madrid-2\/"]}]},{"@type":"WebSite","@id":"https:\/\/elrincondefehmi.com\/es\/#website","url":"https:\/\/elrincondefehmi.com\/es\/","name":"El Rinc\u00f3n de Fehmi Madrid","description":"Tienda de alfombras en Madrid.  En El Rinc\u00f3n de Fehmi somos especialistas en alfombras artesanales, alfombras modernas contempor\u00e1neas kilims de Turqu\u00eda","potentialAction":[{"@type":"SearchAction","target":{"@type":"EntryPoint","urlTemplate":"https:\/\/elrincondefehmi.com\/es\/?s={search_term_string}"},"query-input":"required name=search_term_string"}],"inLanguage":"es"}]}},"_links":{"self":[{"href":"https:\/\/elrincondefehmi.com\/es\/wp-json\/wp\/v2\/pages\/11173"}],"collection":[{"href":"https:\/\/elrincondefehmi.com\/es\/wp-json\/wp\/v2\/pages"}],"about":[{"href":"https:\/\/elrincondefehmi.com\/es\/wp-json\/wp\/v2\/types\/page"}],"author":[{"embeddable":true,"href":"https:\/\/elrincondefehmi.com\/es\/wp-json\/wp\/v2\/users\/1"}],"replies":[{"embeddable":true,"href":"https:\/\/elrincondefehmi.com\/es\/wp-json\/wp\/v2\/comments?post=11173"}],"version-history":[{"count":5,"href":"https:\/\/elrincondefehmi.com\/es\/wp-json\/wp\/v2\/pages\/11173\/revisions"}],"predecessor-version":[{"id":26612,"href":"https:\/\/elrincondefehmi.com\/es\/wp-json\/wp\/v2\/pages\/11173\/revisions\/26612"}],"wp:attachment":[{"href":"https:\/\/elrincondefehmi.com\/es\/wp-json\/wp\/v2\/media?parent=11173"}],"curies":[{"name":"wp","href":"https:\/\/api.w.org\/{rel}","templated":true}]}}