{"id":11172,"date":"2019-01-29T07:25:02","date_gmt":"2019-01-29T06:25:02","guid":{"rendered":"https:\/\/elrincondefehmi.k8s.optimizaclick.com\/?page_id=11172"},"modified":"2023-05-23T02:49:47","modified_gmt":"2023-05-23T02:49:47","slug":"alfombras-economicas-madrid-2","status":"publish","type":"page","link":"https:\/\/elrincondefehmi.com\/es\/alfombras-economicas-madrid-2\/","title":{"rendered":"Alfombras econ\u00f3micas Madrid"},"content":{"rendered":"<p style=\"text-align: justify;\">Si quiere acceder a un gran surtido de <b>alfombras econ\u00f3micas en Madrid<\/b> sin renunciar a la calidad y el buen dise\u00f1o, ac\u00e9rquese a El Rinc\u00f3n de Fehmi. Somos una tienda genuinamente turca e incluso contamos con un establecimiento hermano en Estambul, famoso por ser uno de los que mejor calidad ofrecen en una ciudad con una competencia tan grande, y adem\u00e1s con precios muy ajustados. En nuestra tienda de Madrid, adaptamos al mercado espa\u00f1ol todo lo bueno de nuestra experiencia y nuestro elenco de grandes proveedores.<\/p>\n<p style=\"text-align: justify;\">Le invitamos a dar un toque de distinci\u00f3n a su hogar con nuestros textiles de calidad y fabricaci\u00f3n artesana. Disponemos de diversas clases de <b>alfombras a buen precio en Madrid<\/b> para atender a todos los gustos y est\u00e9ticas posibles, siempre sin salir de un est\u00e1ndar muy alto de calidad del g\u00e9nero. Le sorprender\u00e1 la variedad de dise\u00f1os que puede encontrar en nuestro establecimiento. Desde el intenso colorido del \u2018patchwork\u2019, compatible con las decoraciones m\u00e1s atrevidas, a la sobria tradici\u00f3n de nuestras alfombras de U\u015fak. No cabe olvidar que tambi\u00e9n somos un referente entre los aficionados a las <a title=\"Alfombras kilim en Madrid\" href=\"https:\/\/elrincondefehmi.k8s.optimizaclick.com\/alfombras-kilim-madrid\/\"><i><span style=\"text-decoration: underline;\">alfombras kilim en Madrid<\/span><\/i><\/a>, con un ampl\u00edsimo cat\u00e1logo de modelos muy diversos.\u00a0Disponemos asimismo de butacas y cojines con telas tradicionales, como el ikat.<\/p>\n<h2 style=\"text-align: justify;\"><b>Tienda de alfombras en Madrid a precios muy competitivos<\/b><\/h2>\n<p style=\"text-align: justify;\">Le esperamos en El Soho de Eur\u00f3polis, en Las Rozas, con nuestra <b>exposici\u00f3n de alfombras<\/b> de aspecto impecable y dise\u00f1os llamativos. Venir merece la pena, y si nos visita no podr\u00e1 resistirse. Tambi\u00e9n puede consultar buena parte de nuestro cat\u00e1logo a trav\u00e9s de la web, lo cual puede ayudarle a explorar y escoger c\u00f3modamente desde casa si tiene falta de tiempo.<\/p>\n<p style=\"text-align: justify;\">Adem\u00e1s, tambi\u00e9n disponemos de un notable inventario de l\u00e1mparas de mosaico de marcado car\u00e1cter oriental, convirti\u00e9ndonos en una de las mejores tiendas de <a title=\"L\u00e1mparas turcas en Madrid\" href=\"https:\/\/elrincondefehmi.k8s.optimizaclick.com\/lamparas-turcas-madrid\/\"><i><span style=\"text-decoration: underline;\">l\u00e1mparas turcas en Madrid<\/span><\/i><\/a> de origen garantizado. Los art\u00edculos de joyer\u00eda son otra de nuestras especialidades. Para conocerlo todo m\u00e1s de cerca, le esperamos en nuestro rinc\u00f3n en Madrid\u2026 o en Estambul<\/p>\n","protected":false},"excerpt":{"rendered":"<p>Si quiere acceder a un gran surtido de alfombras econ\u00f3micas en Madrid sin renunciar a la calidad y el buen dise\u00f1o, ac\u00e9rquese a El Rinc\u00f3n de Fehmi. Somos una tienda genuinamente turca e incluso contamosRead More<\/p>\n","protected":false},"author":1,"featured_media":0,"parent":0,"menu_order":0,"comment_status":"closed","ping_status":"closed","template":"","meta":[],"yoast_head":"<!-- This site is optimized with the Yoast SEO plugin v21.5 - https:\/\/yoast.com\/wordpress\/plugins\/seo\/ -->\n<title>Alfombras econ\u00f3micas Madrid | El Rinc\u00f3n de Fehmi Madrid<\/title>\n<meta name=\"robots\" content=\"index, follow, max-snippet:-1, max-image-preview:large, max-video-preview:-1\" \/>\n<link rel=\"canonical\" href=\"https:\/\/elrincondefehmi.com\/es\/alfombras-economicas-madrid-2\/\" \/>\n<meta property=\"og:locale\" content=\"es_ES\" \/>\n<meta property=\"og:type\" content=\"article\" \/>\n<meta property=\"og:title\" content=\"Alfombras econ\u00f3micas Madrid | El Rinc\u00f3n de Fehmi Madrid\" \/>\n<meta property=\"og:description\" content=\"Si quiere acceder a un gran surtido de alfombras econ\u00f3micas en Madrid sin renunciar a la calidad y el buen dise\u00f1o, ac\u00e9rquese a El Rinc\u00f3n de Fehmi. Somos una tienda genuinamente turca e incluso contamosRead More\" \/>\n<meta property=\"og:url\" content=\"https:\/\/elrincondefehmi.com\/es\/alfombras-economicas-madrid-2\/\" \/>\n<meta property=\"og:site_name\" content=\"El Rinc\u00f3n de Fehmi Madrid\" \/>\n<meta property=\"article:modified_time\" content=\"2023-05-23T02:49:47+00:00\" \/>\n<meta name=\"twitter:card\" content=\"summary_large_image\" \/>\n<script type=\"application\/ld+json\" class=\"yoast-schema-graph\">{\"@context\":\"https:\/\/schema.org\",\"@graph\":[{\"@type\":\"WebPage\",\"@id\":\"https:\/\/elrincondefehmi.com\/es\/alfombras-economicas-madrid-2\/\",\"url\":\"https:\/\/elrincondefehmi.com\/es\/alfombras-economicas-madrid-2\/\",\"name\":\"Alfombras econ\u00f3micas Madrid | El Rinc\u00f3n de Fehmi Madrid\",\"isPartOf\":{\"@id\":\"https:\/\/elrincondefehmi.com\/es\/#website\"},\"datePublished\":\"2019-01-29T06:25:02+00:00\",\"dateModified\":\"2023-05-23T02:49:47+00:00\",\"inLanguage\":\"es\",\"potentialAction\":[{\"@type\":\"ReadAction\",\"target\":[\"https:\/\/elrincondefehmi.com\/es\/alfombras-economicas-madrid-2\/\"]}]},{\"@type\":\"WebSite\",\"@id\":\"https:\/\/elrincondefehmi.com\/es\/#website\",\"url\":\"https:\/\/elrincondefehmi.com\/es\/\",\"name\":\"El Rinc\u00f3n de Fehmi Madrid\",\"description\":\"Tienda de alfombras en Madrid.  En El Rinc\u00f3n de Fehmi somos especialistas en alfombras artesanales, alfombras modernas contempor\u00e1neas kilims de Turqu\u00eda\",\"potentialAction\":[{\"@type\":\"SearchAction\",\"target\":{\"@type\":\"EntryPoint\",\"urlTemplate\":\"https:\/\/elrincondefehmi.com\/es\/?s={search_term_string}\"},\"query-input\":\"required name=search_term_string\"}],\"inLanguage\":\"es\"}]}<\/script>\n<!-- \/ Yoast SEO plugin. -->","yoast_head_json":{"title":"Alfombras econ\u00f3micas Madrid | El Rinc\u00f3n de Fehmi Madrid","robots":{"index":"index","follow":"follow","max-snippet":"max-snippet:-1","max-image-preview":"max-image-preview:large","max-video-preview":"max-video-preview:-1"},"canonical":"https:\/\/elrincondefehmi.com\/es\/alfombras-economicas-madrid-2\/","og_locale":"es_ES","og_type":"article","og_title":"Alfombras econ\u00f3micas Madrid | El Rinc\u00f3n de Fehmi Madrid","og_description":"Si quiere acceder a un gran surtido de alfombras econ\u00f3micas en Madrid sin renunciar a la calidad y el buen dise\u00f1o, ac\u00e9rquese a El Rinc\u00f3n de Fehmi. Somos una tienda genuinamente turca e incluso contamosRead More","og_url":"https:\/\/elrincondefehmi.com\/es\/alfombras-economicas-madrid-2\/","og_site_name":"El Rinc\u00f3n de Fehmi Madrid","article_modified_time":"2023-05-23T02:49:47+00:00","twitter_card":"summary_large_image","schema":{"@context":"https:\/\/schema.org","@graph":[{"@type":"WebPage","@id":"https:\/\/elrincondefehmi.com\/es\/alfombras-economicas-madrid-2\/","url":"https:\/\/elrincondefehmi.com\/es\/alfombras-economicas-madrid-2\/","name":"Alfombras econ\u00f3micas Madrid | El Rinc\u00f3n de Fehmi Madrid","isPartOf":{"@id":"https:\/\/elrincondefehmi.com\/es\/#website"},"datePublished":"2019-01-29T06:25:02+00:00","dateModified":"2023-05-23T02:49:47+00:00","inLanguage":"es","potentialAction":[{"@type":"ReadAction","target":["https:\/\/elrincondefehmi.com\/es\/alfombras-economicas-madrid-2\/"]}]},{"@type":"WebSite","@id":"https:\/\/elrincondefehmi.com\/es\/#website","url":"https:\/\/elrincondefehmi.com\/es\/","name":"El Rinc\u00f3n de Fehmi Madrid","description":"Tienda de alfombras en Madrid.  En El Rinc\u00f3n de Fehmi somos especialistas en alfombras artesanales, alfombras modernas contempor\u00e1neas kilims de Turqu\u00eda","potentialAction":[{"@type":"SearchAction","target":{"@type":"EntryPoint","urlTemplate":"https:\/\/elrincondefehmi.com\/es\/?s={search_term_string}"},"query-input":"required name=search_term_string"}],"inLanguage":"es"}]}},"_links":{"self":[{"href":"https:\/\/elrincondefehmi.com\/es\/wp-json\/wp\/v2\/pages\/11172"}],"collection":[{"href":"https:\/\/elrincondefehmi.com\/es\/wp-json\/wp\/v2\/pages"}],"about":[{"href":"https:\/\/elrincondefehmi.com\/es\/wp-json\/wp\/v2\/types\/page"}],"author":[{"embeddable":true,"href":"https:\/\/elrincondefehmi.com\/es\/wp-json\/wp\/v2\/users\/1"}],"replies":[{"embeddable":true,"href":"https:\/\/elrincondefehmi.com\/es\/wp-json\/wp\/v2\/comments?post=11172"}],"version-history":[{"count":1,"href":"https:\/\/elrincondefehmi.com\/es\/wp-json\/wp\/v2\/pages\/11172\/revisions"}],"predecessor-version":[{"id":20089,"href":"https:\/\/elrincondefehmi.com\/es\/wp-json\/wp\/v2\/pages\/11172\/revisions\/20089"}],"wp:attachment":[{"href":"https:\/\/elrincondefehmi.com\/es\/wp-json\/wp\/v2\/media?parent=11172"}],"curies":[{"name":"wp","href":"https:\/\/api.w.org\/{rel}","templated":true}]}}