{"id":30841,"date":"2022-12-15T12:17:21","date_gmt":"2022-12-15T12:17:21","guid":{"rendered":"https:\/\/elrincondefehmi.com\/en\/tienda\/kategorilenmemis\/kilim-shoes-slip-on\/"},"modified":"2023-07-27T01:38:41","modified_gmt":"2023-07-27T01:38:41","slug":"kilim-shoes-slip-on","status":"publish","type":"product","link":"https:\/\/elrincondefehmi.com\/en\/tienda\/kilim-shoes\/slip-on\/kilim-shoes-slip-on\/","title":{"rendered":"Kilim Slip-On 101"},"content":{"rendered":"<h1><span style=\"font-size: 75%;\">SOBRE NUESTROS ZAPATOS DE KILIM<\/span><\/h1>\n<p>Nuestros zapatos se fabrican de manera artesanal con los aut\u00e9nticos KILIMS originales de Turqu\u00eda.<\/p>\n<p>Todos nuestros zapatos est\u00e1n hechos de cuero, piel y por supuesto kilim, es este \u00faltimo material lo que los hace tan aut\u00e9nticos y especiales, se consigue la tela de semi antiguas kilims por lo que es muy dif\u00edcil, casi imposible, conseguir dos pares iguales\u2026<\/p>\n","protected":false},"excerpt":{"rendered":"<p>Calza: 38<\/p>\n<p>Material: Kilim<\/p>\n<p>Interior: Piel<\/p>\n<p>Suela: Goma<\/p>\n","protected":false},"featured_media":30842,"comment_status":"open","ping_status":"closed","template":"","meta":[],"product_cat":[133,191],"product_tag":[135,192],"_links":{"self":[{"href":"https:\/\/elrincondefehmi.com\/en\/wp-json\/wp\/v2\/product\/30841"}],"collection":[{"href":"https:\/\/elrincondefehmi.com\/en\/wp-json\/wp\/v2\/product"}],"about":[{"href":"https:\/\/elrincondefehmi.com\/en\/wp-json\/wp\/v2\/types\/product"}],"replies":[{"embeddable":true,"href":"https:\/\/elrincondefehmi.com\/en\/wp-json\/wp\/v2\/comments?post=30841"}],"wp:featuredmedia":[{"embeddable":true,"href":"https:\/\/elrincondefehmi.com\/en\/wp-json\/wp\/v2\/media\/30842"}],"wp:attachment":[{"href":"https:\/\/elrincondefehmi.com\/en\/wp-json\/wp\/v2\/media?parent=30841"}],"wp:term":[{"taxonomy":"product_cat","embeddable":true,"href":"https:\/\/elrincondefehmi.com\/en\/wp-json\/wp\/v2\/product_cat?post=30841"},{"taxonomy":"product_tag","embeddable":true,"href":"https:\/\/elrincondefehmi.com\/en\/wp-json\/wp\/v2\/product_tag?post=30841"}],"curies":[{"name":"wp","href":"https:\/\/api.w.org\/{rel}","templated":true}]}}