{"id":26826,"date":"2018-05-26T16:37:03","date_gmt":"2018-05-26T16:37:03","guid":{"rendered":"https:\/\/elrincondefehmi.com\/en\/tienda\/kategorilenmemis\/alfombra-clasica-pasillera-267-x-78-cm\/"},"modified":"2023-07-27T00:25:55","modified_gmt":"2023-07-27T00:25:55","slug":"alfombra-clasica-pasillera-267-x-78-cm","status":"publish","type":"product","link":"https:\/\/elrincondefehmi.com\/en\/tienda\/carpets\/runner-carpets\/alfombra-clasica-pasillera-267-x-78-cm\/","title":{"rendered":"CLASSIC RUNNER CARPET 267 X 78 cm"},"content":{"rendered":"<p>&lt;!&#8211;:es&#8211;&gt; Alfombra cl\u00e1sica.<\/p>\n<p>Por lo general estas alfombras tienen dise\u00f1os y motivos geom\u00e9tricos con l\u00edneas horizontales. Pueden tambi\u00e9n representar temas florales. El material usado generalmente es de lana y tambi\u00e9n pueden ser de lana y algod\u00f3n. Los diversos tipos de clima causan variaciones en la lana, por lo que los estilos de tejar las mencionadas alfombras son distintos en cada regi\u00f3n del pa\u00eds. La parte oriental de Turquia es m\u00e1s fr\u00eda y es por esto que lana es m\u00e1s gruesa, mientras que la parte occidental del pais tiene un clima m\u00e1s c\u00e1lido, lo que ocasiona que lana sea m\u00e1s fina.&lt;!&#8211;:&#8211;&gt;&lt;!&#8211;:en&#8211;&gt; Classic design carpet.These rugs are usually geometric motifs with horizontal lines. They may also represent floral design.<br \/>\nThe different types of climate cause variations in the wool, so styles tejar mentioned carpets are different in each region of the country. The eastern part of Turkey is cool and this is why that wool is thicker, while the western part of the country has a warmer climate, which causes that wool is finer.&lt;!&#8211;:&#8211;&gt;<\/p>","protected":false},"excerpt":{"rendered":"<p>Classic handmade carpet.<br \/>\nMaterial: Wool<br \/>\nSize: 267 X 78 cm.<br \/>\nHand made.<\/p>\n","protected":false},"featured_media":26827,"comment_status":"open","ping_status":"closed","template":"","meta":[],"product_cat":[19,430,429],"product_tag":[75,76],"_links":{"self":[{"href":"https:\/\/elrincondefehmi.com\/en\/wp-json\/wp\/v2\/product\/26826"}],"collection":[{"href":"https:\/\/elrincondefehmi.com\/en\/wp-json\/wp\/v2\/product"}],"about":[{"href":"https:\/\/elrincondefehmi.com\/en\/wp-json\/wp\/v2\/types\/product"}],"replies":[{"embeddable":true,"href":"https:\/\/elrincondefehmi.com\/en\/wp-json\/wp\/v2\/comments?post=26826"}],"wp:featuredmedia":[{"embeddable":true,"href":"https:\/\/elrincondefehmi.com\/en\/wp-json\/wp\/v2\/media\/26827"}],"wp:attachment":[{"href":"https:\/\/elrincondefehmi.com\/en\/wp-json\/wp\/v2\/media?parent=26826"}],"wp:term":[{"taxonomy":"product_cat","embeddable":true,"href":"https:\/\/elrincondefehmi.com\/en\/wp-json\/wp\/v2\/product_cat?post=26826"},{"taxonomy":"product_tag","embeddable":true,"href":"https:\/\/elrincondefehmi.com\/en\/wp-json\/wp\/v2\/product_tag?post=26826"}],"curies":[{"name":"wp","href":"https:\/\/api.w.org\/{rel}","templated":true}]}}