{"id":25976,"date":"2018-01-15T19:17:03","date_gmt":"2018-01-15T19:17:03","guid":{"rendered":"https:\/\/elrincondefehmi.com\/en\/tienda\/kategorilenmemis\/gocmen-kilim-152-x-82-cm-2\/"},"modified":"2023-07-26T23:57:13","modified_gmt":"2023-07-26T23:57:13","slug":"gocmen-kilim-152-x-82-cm-2","status":"publish","type":"product","link":"https:\/\/elrincondefehmi.com\/en\/tienda\/kilim\/gocmen-kilim-152-x-82-cm-2\/","title":{"rendered":"GOCMEN KILIM 150 X 82 cm"},"content":{"rendered":"<p>\u00bfQUE ES KILIM?<br \/>\nEl kilim es un tejido simple con un urdimbre y tramo. B\u00e1sicamente se distingue por no tener \u201cpelos\u201d como la alfombra.<br \/>\nNacieron hace unos 3.500 a\u00f1os en Asia Central, desde donde se fueron extendiendo hacia Europa Oriental, \u00c1frica del Norte y m\u00e1s tarde Europa Occidental. Son consideradas, por tanto, las alfombras m\u00e1s antiguas del mundo. El origen n\u00f3mada de quienes lo usaban en la antig\u00fcedad, hicieron que tuviesen una caracter\u00edstica especial en la trama de urdimbre, plana y sin nudos, para evitar el paso de la arena del desierto, ya que acompa\u00f1aban a sus due\u00f1os como maletas o como divisorios en las tiendas que armaban en los viajes. Los dise\u00f1os estaban llenos de simbolismo, de deseos, de mensajes o de pedidos por ejemplo los motivos con forma de S anunciaban un feliz acontecimiento. En general se confeccionaban sin un patr\u00f3n previo que los daba espontaneidad y exclusividad a cada pieza, los actuales no respetan a estos tradiciones pero mantienen el esp\u00edritu \u00e1gil del tejido original.<br \/>\nUna de las principales ventajas del kilim es pesa muy poco, es liviana y nos transmite una imagen fresca y ligera.<br \/>\nKilim from the Balkan region.<\/p>\n<p>ABOUTH KILIM<br \/>\nThe kilim is a simple fabric with a warp and stretch. Basically it is distinguished by not having \u201chairs\u201d like carpet.<br \/>\nThey were born about 3,500 years ago in Central Asia, from where they extended to Eastern Europe, North Africa and later Western Europe. They are considered, therefore, the oldest carpets of the world. The nomadic origin of those who used it in the antiquity, made that they had a special feature in the weave of warp, flat and without knots, to avoid the passage of the sand of the desert, since they accompanied their owners like suitcases or like divisions in The stores they put together on trips. The designs were full of symbolism, desires, messages or orders for example the S-shaped motifs heralded a happy event. In general they were made without a previous pattern that gave them spontaneity and exclusivity to each piece, the current ones do not respect these traditions but maintain the agile spirit of the original fabric.<br \/>\nOne of the main advantages of kilim is very light weight, light and gives us a fresh and light image.<\/p>","protected":false},"excerpt":{"rendered":"<p>Origin: Kilim from the Balcan region.<br \/>\nMaterial: Wool<br \/>\nSize: 150 X 82 cm.<br \/>\nHandmade.<br \/>\nAge: Aporx 20-30 year old<\/p>\n","protected":false},"featured_media":25977,"comment_status":"open","ping_status":"closed","template":"","meta":[],"product_cat":[16],"product_tag":[33],"_links":{"self":[{"href":"https:\/\/elrincondefehmi.com\/en\/wp-json\/wp\/v2\/product\/25976"}],"collection":[{"href":"https:\/\/elrincondefehmi.com\/en\/wp-json\/wp\/v2\/product"}],"about":[{"href":"https:\/\/elrincondefehmi.com\/en\/wp-json\/wp\/v2\/types\/product"}],"replies":[{"embeddable":true,"href":"https:\/\/elrincondefehmi.com\/en\/wp-json\/wp\/v2\/comments?post=25976"}],"wp:featuredmedia":[{"embeddable":true,"href":"https:\/\/elrincondefehmi.com\/en\/wp-json\/wp\/v2\/media\/25977"}],"wp:attachment":[{"href":"https:\/\/elrincondefehmi.com\/en\/wp-json\/wp\/v2\/media?parent=25976"}],"wp:term":[{"taxonomy":"product_cat","embeddable":true,"href":"https:\/\/elrincondefehmi.com\/en\/wp-json\/wp\/v2\/product_cat?post=25976"},{"taxonomy":"product_tag","embeddable":true,"href":"https:\/\/elrincondefehmi.com\/en\/wp-json\/wp\/v2\/product_tag?post=25976"}],"curies":[{"name":"wp","href":"https:\/\/api.w.org\/{rel}","templated":true}]}}