{"id":25778,"date":"2017-10-21T18:24:46","date_gmt":"2017-10-21T18:24:46","guid":{"rendered":"https:\/\/elrincondefehmi.com\/en\/tienda\/kategorilenmemis\/alfombra-patchwork-117-x-80-cm\/"},"modified":"2023-07-26T23:53:56","modified_gmt":"2023-07-26T23:53:56","slug":"alfombra-patchwork-117-x-80-cm","status":"publish","type":"product","link":"https:\/\/elrincondefehmi.com\/en\/tienda\/carpets\/patchwork-carpets\/alfombra-patchwork-117-x-80-cm\/","title":{"rendered":"PATCHWORK CARPET 117 X 80 cm"},"content":{"rendered":"<p>monocrom\u00e1ticos de diversas gamas. Desde brillantes hasta naturales.<br \/>\nEl m\u00e9todo de mosaico de los patchwork permite que las piezas sean elaboradas en los tama\u00f1os deseados por cada cliente, lo que ayuda  a obtener el efecto visual deseado.<br \/>\nTodas las etapas de elaboraci\u00f3n del patchwork son hechas a mano con hilos de alta calidad. Una de las principales caracter\u00edsticas de las alfombras es que en su fabricaci\u00f3n evita el desperdicio de valiosas alfombras de diversas \u00e9pocas.  The patcwork rugs are made by recycling hanmade vintage rugs. Then, they are dyed with monochromatic vegetal dyes to have a range of brillant tones and natural shades. The patchwork method allows rugs to be produced in the desired dimensions and helps to obtain the desired visual effect. All stages of patchworknare manually performed with valuable threads. The patchwork technique avoids  waste of precious vintage rug.<br \/>\n<\/p>","protected":false},"excerpt":{"rendered":"<p>Patchwork Carpet.<br \/>\nMaterial: Wool and cotton.<br \/>\nOrigin: Turkey.<br \/>\nSize: 117 X 80 cm.<br \/>\nHandmade.<\/p>\n","protected":false},"featured_media":25779,"comment_status":"open","ping_status":"closed","template":"","meta":[],"product_cat":[19,410],"product_tag":[55,73],"_links":{"self":[{"href":"https:\/\/elrincondefehmi.com\/en\/wp-json\/wp\/v2\/product\/25778"}],"collection":[{"href":"https:\/\/elrincondefehmi.com\/en\/wp-json\/wp\/v2\/product"}],"about":[{"href":"https:\/\/elrincondefehmi.com\/en\/wp-json\/wp\/v2\/types\/product"}],"replies":[{"embeddable":true,"href":"https:\/\/elrincondefehmi.com\/en\/wp-json\/wp\/v2\/comments?post=25778"}],"wp:featuredmedia":[{"embeddable":true,"href":"https:\/\/elrincondefehmi.com\/en\/wp-json\/wp\/v2\/media\/25779"}],"wp:attachment":[{"href":"https:\/\/elrincondefehmi.com\/en\/wp-json\/wp\/v2\/media?parent=25778"}],"wp:term":[{"taxonomy":"product_cat","embeddable":true,"href":"https:\/\/elrincondefehmi.com\/en\/wp-json\/wp\/v2\/product_cat?post=25778"},{"taxonomy":"product_tag","embeddable":true,"href":"https:\/\/elrincondefehmi.com\/en\/wp-json\/wp\/v2\/product_tag?post=25778"}],"curies":[{"name":"wp","href":"https:\/\/api.w.org\/{rel}","templated":true}]}}